{"id":9156,"date":"2025-09-14T19:31:50","date_gmt":"2025-09-15T01:31:50","guid":{"rendered":"http:\/\/pdelaire.com.ni\/?page_id=9156"},"modified":"2025-10-15T16:54:47","modified_gmt":"2025-10-15T22:54:47","slug":"nitrogeno-uhp","status":"publish","type":"page","link":"http:\/\/pdelaire.com.ni\/index.php\/nitrogeno-uhp\/","title":{"rendered":"Nitr\u00f3geno UHP"},"content":{"rendered":"\t\t<div data-elementor-type=\"wp-page\" data-elementor-id=\"9156\" class=\"elementor elementor-9156\" data-elementor-post-type=\"page\">\n\t\t\t\t<div class=\"elementor-element elementor-element-9cfd625 e-con-full e-flex e-con e-parent\" data-id=\"9cfd625\" data-element_type=\"container\" data-e-type=\"container\" data-settings=\"{&quot;background_background&quot;:&quot;classic&quot;}\">\n\t\t\t\t<div class=\"elementor-element elementor-element-75560d3 elementor-hidden-mobile elementor-widget elementor-widget-image\" data-id=\"75560d3\" data-element_type=\"widget\" data-e-type=\"widget\" data-widget_type=\"image.default\">\n\t\t\t\t<div class=\"elementor-widget-container\">\n\t\t\t\t\t\t\t\t\t\t\t\t\t\t\t<img fetchpriority=\"high\" decoding=\"async\" width=\"9400\" height=\"3759\" src=\"http:\/\/pdelaire.com.ni\/wp-content\/uploads\/2025\/01\/NITROGENO-UHP-FINAL_Mesa-de-trabajo-1.png\" class=\"attachment-full size-full wp-image-8688\" alt=\"\" srcset=\"http:\/\/pdelaire.com.ni\/wp-content\/uploads\/2025\/01\/NITROGENO-UHP-FINAL_Mesa-de-trabajo-1.png 9400w, http:\/\/pdelaire.com.ni\/wp-content\/uploads\/2025\/01\/NITROGENO-UHP-FINAL_Mesa-de-trabajo-1-300x120.png 300w, http:\/\/pdelaire.com.ni\/wp-content\/uploads\/2025\/01\/NITROGENO-UHP-FINAL_Mesa-de-trabajo-1-1024x409.png 1024w, http:\/\/pdelaire.com.ni\/wp-content\/uploads\/2025\/01\/NITROGENO-UHP-FINAL_Mesa-de-trabajo-1-768x307.png 768w, http:\/\/pdelaire.com.ni\/wp-content\/uploads\/2025\/01\/NITROGENO-UHP-FINAL_Mesa-de-trabajo-1-1536x614.png 1536w, http:\/\/pdelaire.com.ni\/wp-content\/uploads\/2025\/01\/NITROGENO-UHP-FINAL_Mesa-de-trabajo-1-2048x819.png 2048w\" sizes=\"(max-width: 9400px) 100vw, 9400px\" \/>\t\t\t\t\t\t\t\t\t\t\t\t\t\t\t<\/div>\n\t\t\t\t<\/div>\n\t\t\t\t<\/div>\n\t\t<div class=\"elementor-element elementor-element-d353146 e-flex e-con-boxed e-con e-parent\" data-id=\"d353146\" data-element_type=\"container\" data-e-type=\"container\">\n\t\t\t\t\t<div class=\"e-con-inner\">\n\t\t<div class=\"elementor-element elementor-element-f6b5e33 e-con-full e-flex e-con e-child\" data-id=\"f6b5e33\" data-element_type=\"container\" data-e-type=\"container\">\n\t\t\t\t<div class=\"elementor-element elementor-element-2b84be1 elementor-widget elementor-widget-image\" data-id=\"2b84be1\" data-element_type=\"widget\" data-e-type=\"widget\" data-widget_type=\"image.default\">\n\t\t\t\t<div class=\"elementor-widget-container\">\n\t\t\t\t\t\t\t\t\t\t\t\t\t\t\t<img decoding=\"async\" width=\"67\" height=\"300\" src=\"http:\/\/pdelaire.com.ni\/wp-content\/uploads\/2025\/09\/Nitro\u0301geno-UHP-67x300.png\" class=\"attachment-medium size-medium wp-image-9159\" alt=\"\" srcset=\"http:\/\/pdelaire.com.ni\/wp-content\/uploads\/2025\/09\/Nitro\u0301geno-UHP-67x300.png 67w, http:\/\/pdelaire.com.ni\/wp-content\/uploads\/2025\/09\/Nitro\u0301geno-UHP-229x1024.png 229w, http:\/\/pdelaire.com.ni\/wp-content\/uploads\/2025\/09\/Nitro\u0301geno-UHP-344x1536.png 344w, http:\/\/pdelaire.com.ni\/wp-content\/uploads\/2025\/09\/Nitro\u0301geno-UHP.png 345w\" sizes=\"(max-width: 67px) 100vw, 67px\" \/>\t\t\t\t\t\t\t\t\t\t\t\t\t\t\t<\/div>\n\t\t\t\t<\/div>\n\t\t\t\t<div class=\"elementor-element elementor-element-a9f1727 elementor-align-center elementor-hidden-tablet elementor-hidden-mobile elementor-widget elementor-widget-button\" data-id=\"a9f1727\" data-element_type=\"widget\" data-e-type=\"widget\" data-widget_type=\"button.default\">\n\t\t\t\t<div class=\"elementor-widget-container\">\n\t\t\t\t\t\t\t\t\t<div class=\"elementor-button-wrapper\">\n\t\t\t\t\t<a class=\"elementor-button elementor-button-link elementor-size-sm\" href=\"http:\/\/pdelaire.com.ni\/index.php\/contacto\/\">\n\t\t\t\t\t\t<span class=\"elementor-button-content-wrapper\">\n\t\t\t\t\t\t\t\t\t<span class=\"elementor-button-text\">Consulta por nuestra variedad de tama\u00f1os.<\/span>\n\t\t\t\t\t<\/span>\n\t\t\t\t\t<\/a>\n\t\t\t\t<\/div>\n\t\t\t\t\t\t\t\t<\/div>\n\t\t\t\t<\/div>\n\t\t\t\t<\/div>\n\t\t<div class=\"elementor-element elementor-element-0d55c4c e-con-full e-flex e-con e-child\" data-id=\"0d55c4c\" data-element_type=\"container\" data-e-type=\"container\">\n\t\t\t\t<div class=\"elementor-element elementor-element-1219716 elementor-widget elementor-widget-heading\" data-id=\"1219716\" data-element_type=\"widget\" data-e-type=\"widget\" data-widget_type=\"heading.default\">\n\t\t\t\t<div class=\"elementor-widget-container\">\n\t\t\t\t\t<h3 class=\"elementor-heading-title elementor-size-default\">Informaci\u00f3n<\/h3>\t\t\t\t<\/div>\n\t\t\t\t<\/div>\n\t\t\t\t<div class=\"elementor-element elementor-element-d454d39 elementor-invisible elementor-widget elementor-widget-text-editor\" data-id=\"d454d39\" data-element_type=\"widget\" data-e-type=\"widget\" data-settings=\"{&quot;_animation&quot;:&quot;fadeIn&quot;}\" data-widget_type=\"text-editor.default\">\n\t\t\t\t<div class=\"elementor-widget-container\">\n\t\t\t\t\t\t\t\t\t<p><strong>S\u00edmbolo: <\/strong><\/p><p>N\u2082<\/p><p><strong>Color de Identificaci\u00f3n del Cilindro:<br \/><\/strong>Amarillo<\/p><p><strong>N\u00famero de identificaci\u00f3n de las Naciones Unidas:<br \/><\/strong>UN 1066 (gas no inflamable)<\/p>\t\t\t\t\t\t\t\t<\/div>\n\t\t\t\t<\/div>\n\t\t\t\t<\/div>\n\t\t<div class=\"elementor-element elementor-element-10b8dda e-con-full e-flex e-con e-child\" data-id=\"10b8dda\" data-element_type=\"container\" data-e-type=\"container\">\n\t\t\t\t<div class=\"elementor-element elementor-element-eb3ad05 elementor-widget elementor-widget-heading\" data-id=\"eb3ad05\" data-element_type=\"widget\" data-e-type=\"widget\" data-widget_type=\"heading.default\">\n\t\t\t\t<div class=\"elementor-widget-container\">\n\t\t\t\t\t<h3 class=\"elementor-heading-title elementor-size-default\">Descripci\u00f3n<\/h3>\t\t\t\t<\/div>\n\t\t\t\t<\/div>\n\t\t\t\t<div class=\"elementor-element elementor-element-e503883 elementor-widget-tablet__width-inherit elementor-widget elementor-widget-text-editor\" data-id=\"e503883\" data-element_type=\"widget\" data-e-type=\"widget\" data-widget_type=\"text-editor.default\">\n\t\t\t\t<div class=\"elementor-widget-container\">\n\t\t\t\t\t\t\t\t\t<p>El nitr\u00f3geno es un gas no inflamable, inerte y simple asfixiante. Se presenta como un gas comprimido y no tiene propiedades t\u00f3xicas ni inflamables. Su clasificaci\u00f3n de riesgo es 2.2, lo que indica que es un gas no inflamable.<\/p>\t\t\t\t\t\t\t\t<\/div>\n\t\t\t\t<\/div>\n\t\t\t\t<\/div>\n\t\t<div class=\"elementor-element elementor-element-d71e7bb e-con-full e-flex e-con e-child\" data-id=\"d71e7bb\" data-element_type=\"container\" data-e-type=\"container\">\n\t\t\t\t<div class=\"elementor-element elementor-element-3c37d41 elementor-widget elementor-widget-heading\" data-id=\"3c37d41\" data-element_type=\"widget\" data-e-type=\"widget\" data-widget_type=\"heading.default\">\n\t\t\t\t<div class=\"elementor-widget-container\">\n\t\t\t\t\t<h3 class=\"elementor-heading-title elementor-size-default\">Uso<\/h3>\t\t\t\t<\/div>\n\t\t\t\t<\/div>\n\t\t\t\t<div class=\"elementor-element elementor-element-21d8f79 elementor-widget-tablet__width-inherit elementor-widget elementor-widget-text-editor\" data-id=\"21d8f79\" data-element_type=\"widget\" data-e-type=\"widget\" data-widget_type=\"text-editor.default\">\n\t\t\t\t<div class=\"elementor-widget-container\">\n\t\t\t\t\t\t\t\t\t<ul><li><span style=\"font-weight: 400;\">Como gas portador inerte en Cromatograf\u00eda de Gases en Laboratorios de Control de Calidad.<\/span><\/li><\/ul>\t\t\t\t\t\t\t\t<\/div>\n\t\t\t\t<\/div>\n\t\t\t\t<\/div>\n\t\t\t\t\t<\/div>\n\t\t\t\t<\/div>\n\t\t<div class=\"elementor-element elementor-element-98a1212 e-flex e-con-boxed e-con e-parent\" data-id=\"98a1212\" data-element_type=\"container\" data-e-type=\"container\">\n\t\t\t\t\t<div class=\"e-con-inner\">\n\t\t\t\t<div class=\"elementor-element elementor-element-cd9fd33 elementor-align-center elementor-hidden-desktop elementor-widget elementor-widget-button\" data-id=\"cd9fd33\" data-element_type=\"widget\" data-e-type=\"widget\" data-widget_type=\"button.default\">\n\t\t\t\t<div class=\"elementor-widget-container\">\n\t\t\t\t\t\t\t\t\t<div class=\"elementor-button-wrapper\">\n\t\t\t\t\t<a class=\"elementor-button elementor-button-link elementor-size-sm\" href=\"http:\/\/pdelaire.com.ni\/index.php\/contacto\/\">\n\t\t\t\t\t\t<span class=\"elementor-button-content-wrapper\">\n\t\t\t\t\t\t\t\t\t<span class=\"elementor-button-text\">Consulta por nuestra variedad de tama\u00f1os<\/span>\n\t\t\t\t\t<\/span>\n\t\t\t\t\t<\/a>\n\t\t\t\t<\/div>\n\t\t\t\t\t\t\t\t<\/div>\n\t\t\t\t<\/div>\n\t\t\t\t\t<\/div>\n\t\t\t\t<\/div>\n\t\t<div class=\"elementor-element elementor-element-41561b3 e-flex e-con-boxed e-con e-parent\" data-id=\"41561b3\" data-element_type=\"container\" data-e-type=\"container\">\n\t\t\t\t\t<div class=\"e-con-inner\">\n\t\t\t\t<div class=\"elementor-element elementor-element-ca3249e elementor-widget elementor-widget-heading\" data-id=\"ca3249e\" data-element_type=\"widget\" data-e-type=\"widget\" data-widget_type=\"heading.default\">\n\t\t\t\t<div class=\"elementor-widget-container\">\n\t\t\t\t\t<h5 class=\"elementor-heading-title elementor-size-default\">Hoja de seguridad<\/h5>\t\t\t\t<\/div>\n\t\t\t\t<\/div>\n\t\t\t\t<div class=\"elementor-element elementor-element-7bb2fde elementor-align-center elementor-widget elementor-widget-button\" data-id=\"7bb2fde\" data-element_type=\"widget\" data-e-type=\"widget\" data-widget_type=\"button.default\">\n\t\t\t\t<div class=\"elementor-widget-container\">\n\t\t\t\t\t\t\t\t\t<div class=\"elementor-button-wrapper\">\n\t\t\t\t\t<a class=\"elementor-button elementor-button-link elementor-size-sm\" href=\"http:\/\/pdelaire.com.ni\/wp-content\/uploads\/2025\/09\/09-NITROGENO-GAS-COMPRIMIDO.pdf\" target=\"_blank\">\n\t\t\t\t\t\t<span class=\"elementor-button-content-wrapper\">\n\t\t\t\t\t\t\t\t\t<span class=\"elementor-button-text\">Descargar<\/span>\n\t\t\t\t\t<\/span>\n\t\t\t\t\t<\/a>\n\t\t\t\t<\/div>\n\t\t\t\t\t\t\t\t<\/div>\n\t\t\t\t<\/div>\n\t\t\t\t\t<\/div>\n\t\t\t\t<\/div>\n\t\t\t\t<\/div>\n\t\t","protected":false},"excerpt":{"rendered":"<p>Consulta por nuestra variedad de tama\u00f1os. Informaci\u00f3n S\u00edmbolo: N\u2082 Color de Identificaci\u00f3n del Cilindro:Amarillo N\u00famero de identificaci\u00f3n de las Naciones Unidas:UN 1066 (gas no inflamable) Descripci\u00f3n El nitr\u00f3geno es un gas no inflamable, inerte y simple asfixiante. Se presenta como un gas comprimido y no tiene propiedades t\u00f3xicas ni inflamables. Su clasificaci\u00f3n de riesgo es [&hellip;]<\/p>\n","protected":false},"author":1,"featured_media":0,"parent":0,"menu_order":0,"comment_status":"closed","ping_status":"closed","template":"","meta":{"inline_featured_image":false,"footnotes":""},"class_list":["post-9156","page","type-page","status-publish","hentry"],"_links":{"self":[{"href":"http:\/\/pdelaire.com.ni\/index.php\/wp-json\/wp\/v2\/pages\/9156","targetHints":{"allow":["GET"]}}],"collection":[{"href":"http:\/\/pdelaire.com.ni\/index.php\/wp-json\/wp\/v2\/pages"}],"about":[{"href":"http:\/\/pdelaire.com.ni\/index.php\/wp-json\/wp\/v2\/types\/page"}],"author":[{"embeddable":true,"href":"http:\/\/pdelaire.com.ni\/index.php\/wp-json\/wp\/v2\/users\/1"}],"replies":[{"embeddable":true,"href":"http:\/\/pdelaire.com.ni\/index.php\/wp-json\/wp\/v2\/comments?post=9156"}],"version-history":[{"count":40,"href":"http:\/\/pdelaire.com.ni\/index.php\/wp-json\/wp\/v2\/pages\/9156\/revisions"}],"predecessor-version":[{"id":10182,"href":"http:\/\/pdelaire.com.ni\/index.php\/wp-json\/wp\/v2\/pages\/9156\/revisions\/10182"}],"wp:attachment":[{"href":"http:\/\/pdelaire.com.ni\/index.php\/wp-json\/wp\/v2\/media?parent=9156"}],"curies":[{"name":"wp","href":"https:\/\/api.w.org\/{rel}","templated":true}]}}