{"id":9144,"date":"2025-09-14T19:23:05","date_gmt":"2025-09-15T01:23:05","guid":{"rendered":"http:\/\/pdelaire.com.ni\/?page_id=9144"},"modified":"2025-10-15T17:24:16","modified_gmt":"2025-10-15T23:24:16","slug":"monoxido-de-carbono","status":"publish","type":"page","link":"http:\/\/pdelaire.com.ni\/index.php\/monoxido-de-carbono\/","title":{"rendered":"Mon\u00f3xido de Carbono"},"content":{"rendered":"\t\t<div data-elementor-type=\"wp-page\" data-elementor-id=\"9144\" class=\"elementor elementor-9144\" data-elementor-post-type=\"page\">\n\t\t\t\t<div class=\"elementor-element elementor-element-84ffc16 e-con-full e-flex e-con e-parent\" data-id=\"84ffc16\" data-element_type=\"container\" data-e-type=\"container\" data-settings=\"{&quot;background_background&quot;:&quot;classic&quot;}\">\n\t\t\t\t<div class=\"elementor-element elementor-element-54a1625 elementor-hidden-mobile elementor-widget elementor-widget-image\" data-id=\"54a1625\" data-element_type=\"widget\" data-e-type=\"widget\" data-widget_type=\"image.default\">\n\t\t\t\t<div class=\"elementor-widget-container\">\n\t\t\t\t\t\t\t\t\t\t\t\t\t\t\t<img fetchpriority=\"high\" decoding=\"async\" width=\"8334\" height=\"3334\" src=\"http:\/\/pdelaire.com.ni\/wp-content\/uploads\/2024\/12\/32-MONOXIDO-DE-CARBONO-UHP-3_Mesa-de-trabajo-1.png\" class=\"attachment-full size-full wp-image-8141\" alt=\"\" srcset=\"http:\/\/pdelaire.com.ni\/wp-content\/uploads\/2024\/12\/32-MONOXIDO-DE-CARBONO-UHP-3_Mesa-de-trabajo-1.png 8334w, http:\/\/pdelaire.com.ni\/wp-content\/uploads\/2024\/12\/32-MONOXIDO-DE-CARBONO-UHP-3_Mesa-de-trabajo-1-300x120.png 300w, http:\/\/pdelaire.com.ni\/wp-content\/uploads\/2024\/12\/32-MONOXIDO-DE-CARBONO-UHP-3_Mesa-de-trabajo-1-1024x410.png 1024w, http:\/\/pdelaire.com.ni\/wp-content\/uploads\/2024\/12\/32-MONOXIDO-DE-CARBONO-UHP-3_Mesa-de-trabajo-1-768x307.png 768w, http:\/\/pdelaire.com.ni\/wp-content\/uploads\/2024\/12\/32-MONOXIDO-DE-CARBONO-UHP-3_Mesa-de-trabajo-1-1536x614.png 1536w, http:\/\/pdelaire.com.ni\/wp-content\/uploads\/2024\/12\/32-MONOXIDO-DE-CARBONO-UHP-3_Mesa-de-trabajo-1-2048x819.png 2048w\" sizes=\"(max-width: 8334px) 100vw, 8334px\" \/>\t\t\t\t\t\t\t\t\t\t\t\t\t\t\t<\/div>\n\t\t\t\t<\/div>\n\t\t\t\t<\/div>\n\t\t<div class=\"elementor-element elementor-element-4f9fff0 e-flex e-con-boxed e-con e-parent\" data-id=\"4f9fff0\" data-element_type=\"container\" data-e-type=\"container\">\n\t\t\t\t\t<div class=\"e-con-inner\">\n\t\t<div class=\"elementor-element elementor-element-50a0bf7 e-con-full e-flex e-con e-child\" data-id=\"50a0bf7\" data-element_type=\"container\" data-e-type=\"container\">\n\t\t\t\t<div class=\"elementor-element elementor-element-0a198a2 elementor-widget elementor-widget-image\" data-id=\"0a198a2\" data-element_type=\"widget\" data-e-type=\"widget\" data-widget_type=\"image.default\">\n\t\t\t\t<div class=\"elementor-widget-container\">\n\t\t\t\t\t\t\t\t\t\t\t\t\t\t\t<img decoding=\"async\" width=\"169\" height=\"300\" src=\"http:\/\/pdelaire.com.ni\/wp-content\/uploads\/2025\/09\/monoxido-de-carbono-169x300-1.png\" class=\"attachment-medium size-medium wp-image-9152\" alt=\"\" \/>\t\t\t\t\t\t\t\t\t\t\t\t\t\t\t<\/div>\n\t\t\t\t<\/div>\n\t\t\t\t<div class=\"elementor-element elementor-element-55f7276 elementor-align-center elementor-hidden-tablet elementor-hidden-mobile elementor-widget elementor-widget-button\" data-id=\"55f7276\" data-element_type=\"widget\" data-e-type=\"widget\" data-widget_type=\"button.default\">\n\t\t\t\t<div class=\"elementor-widget-container\">\n\t\t\t\t\t\t\t\t\t<div class=\"elementor-button-wrapper\">\n\t\t\t\t\t<a class=\"elementor-button elementor-button-link elementor-size-sm\" href=\"http:\/\/pdelaire.com.ni\/index.php\/contacto\/\">\n\t\t\t\t\t\t<span class=\"elementor-button-content-wrapper\">\n\t\t\t\t\t\t\t\t\t<span class=\"elementor-button-text\">Consulta por nuestra variedad de tama\u00f1os.<\/span>\n\t\t\t\t\t<\/span>\n\t\t\t\t\t<\/a>\n\t\t\t\t<\/div>\n\t\t\t\t\t\t\t\t<\/div>\n\t\t\t\t<\/div>\n\t\t\t\t<\/div>\n\t\t<div class=\"elementor-element elementor-element-583d0bc e-con-full e-flex e-con e-child\" data-id=\"583d0bc\" data-element_type=\"container\" data-e-type=\"container\">\n\t\t\t\t<div class=\"elementor-element elementor-element-971cc33 elementor-widget elementor-widget-heading\" data-id=\"971cc33\" data-element_type=\"widget\" data-e-type=\"widget\" data-widget_type=\"heading.default\">\n\t\t\t\t<div class=\"elementor-widget-container\">\n\t\t\t\t\t<h3 class=\"elementor-heading-title elementor-size-default\">Informaci\u00f3n<\/h3>\t\t\t\t<\/div>\n\t\t\t\t<\/div>\n\t\t\t\t<div class=\"elementor-element elementor-element-504c173 elementor-invisible elementor-widget elementor-widget-text-editor\" data-id=\"504c173\" data-element_type=\"widget\" data-e-type=\"widget\" data-settings=\"{&quot;_animation&quot;:&quot;fadeIn&quot;}\" data-widget_type=\"text-editor.default\">\n\t\t\t\t<div class=\"elementor-widget-container\">\n\t\t\t\t\t\t\t\t\t<p><strong>S\u00edmbolo:<\/strong> <br \/>CO<\/p><p><strong>Color de Identificaci\u00f3n del Cilindro:<\/strong> <br \/>Rojo vino<\/p><p><strong>N\u00famero de identificaci\u00f3n de las Naciones Unidas:<\/strong> <br \/>UN 1016 (Gas comprimido)<\/p>\t\t\t\t\t\t\t\t<\/div>\n\t\t\t\t<\/div>\n\t\t\t\t<\/div>\n\t\t<div class=\"elementor-element elementor-element-02a5898 e-con-full e-flex e-con e-child\" data-id=\"02a5898\" data-element_type=\"container\" data-e-type=\"container\">\n\t\t\t\t<div class=\"elementor-element elementor-element-23ca70e elementor-widget elementor-widget-heading\" data-id=\"23ca70e\" data-element_type=\"widget\" data-e-type=\"widget\" data-widget_type=\"heading.default\">\n\t\t\t\t<div class=\"elementor-widget-container\">\n\t\t\t\t\t<h3 class=\"elementor-heading-title elementor-size-default\">Descripci\u00f3n<\/h3>\t\t\t\t<\/div>\n\t\t\t\t<\/div>\n\t\t\t\t<div class=\"elementor-element elementor-element-9e86eb7 elementor-widget-tablet__width-inherit elementor-widget elementor-widget-text-editor\" data-id=\"9e86eb7\" data-element_type=\"widget\" data-e-type=\"widget\" data-widget_type=\"text-editor.default\">\n\t\t\t\t<div class=\"elementor-widget-container\">\n\t\t\t\t\t\t\t\t\t<p>El mon\u00f3xido de carbono es un gas incoloro, inodoro y altamente t\u00f3xico que se produce a partir de la combusti\u00f3n incompleta de sustancias que contienen carbono. Es extremadamente inflamable y puede causar intoxicaci\u00f3n aguda y cr\u00f3nica si se inhala.<\/p>\t\t\t\t\t\t\t\t<\/div>\n\t\t\t\t<\/div>\n\t\t\t\t<\/div>\n\t\t<div class=\"elementor-element elementor-element-cb739ae e-con-full e-flex e-con e-child\" data-id=\"cb739ae\" data-element_type=\"container\" data-e-type=\"container\">\n\t\t\t\t<div class=\"elementor-element elementor-element-81caa3a elementor-widget elementor-widget-heading\" data-id=\"81caa3a\" data-element_type=\"widget\" data-e-type=\"widget\" data-widget_type=\"heading.default\">\n\t\t\t\t<div class=\"elementor-widget-container\">\n\t\t\t\t\t<h3 class=\"elementor-heading-title elementor-size-default\">Uso<\/h3>\t\t\t\t<\/div>\n\t\t\t\t<\/div>\n\t\t\t\t<div class=\"elementor-element elementor-element-f23a617 elementor-widget-tablet__width-inherit elementor-widget elementor-widget-text-editor\" data-id=\"f23a617\" data-element_type=\"widget\" data-e-type=\"widget\" data-widget_type=\"text-editor.default\">\n\t\t\t\t<div class=\"elementor-widget-container\">\n\t\t\t\t\t\t\t\t\t<ul><li>En la industria alimenticia es utilizado en la preservaci\u00f3n del color en las carnes rojas y pescado.<\/li><\/ul>\t\t\t\t\t\t\t\t<\/div>\n\t\t\t\t<\/div>\n\t\t\t\t<\/div>\n\t\t\t\t\t<\/div>\n\t\t\t\t<\/div>\n\t\t<div class=\"elementor-element elementor-element-c67feb6 e-flex e-con-boxed e-con e-parent\" data-id=\"c67feb6\" data-element_type=\"container\" data-e-type=\"container\">\n\t\t\t\t\t<div class=\"e-con-inner\">\n\t\t\t\t<div class=\"elementor-element elementor-element-a5ade1c elementor-align-center elementor-hidden-desktop elementor-widget elementor-widget-button\" data-id=\"a5ade1c\" data-element_type=\"widget\" data-e-type=\"widget\" data-widget_type=\"button.default\">\n\t\t\t\t<div class=\"elementor-widget-container\">\n\t\t\t\t\t\t\t\t\t<div class=\"elementor-button-wrapper\">\n\t\t\t\t\t<a class=\"elementor-button elementor-button-link elementor-size-sm\" href=\"http:\/\/pdelaire.com.ni\/index.php\/contacto\/\">\n\t\t\t\t\t\t<span class=\"elementor-button-content-wrapper\">\n\t\t\t\t\t\t\t\t\t<span class=\"elementor-button-text\">Consulta por nuestra variedad de tama\u00f1os<\/span>\n\t\t\t\t\t<\/span>\n\t\t\t\t\t<\/a>\n\t\t\t\t<\/div>\n\t\t\t\t\t\t\t\t<\/div>\n\t\t\t\t<\/div>\n\t\t\t\t\t<\/div>\n\t\t\t\t<\/div>\n\t\t<div class=\"elementor-element elementor-element-ea2e6e5 e-flex e-con-boxed e-con e-parent\" data-id=\"ea2e6e5\" data-element_type=\"container\" data-e-type=\"container\">\n\t\t\t\t\t<div class=\"e-con-inner\">\n\t\t\t\t<div class=\"elementor-element elementor-element-d47adab elementor-widget elementor-widget-heading\" data-id=\"d47adab\" data-element_type=\"widget\" data-e-type=\"widget\" data-widget_type=\"heading.default\">\n\t\t\t\t<div class=\"elementor-widget-container\">\n\t\t\t\t\t<h5 class=\"elementor-heading-title elementor-size-default\">Hoja de seguridad<\/h5>\t\t\t\t<\/div>\n\t\t\t\t<\/div>\n\t\t\t\t<div class=\"elementor-element elementor-element-baaad30 elementor-align-center elementor-widget elementor-widget-button\" data-id=\"baaad30\" data-element_type=\"widget\" data-e-type=\"widget\" data-widget_type=\"button.default\">\n\t\t\t\t<div class=\"elementor-widget-container\">\n\t\t\t\t\t\t\t\t\t<div class=\"elementor-button-wrapper\">\n\t\t\t\t\t<a class=\"elementor-button elementor-button-link elementor-size-sm\" href=\"http:\/\/pdelaire.com.ni\/wp-content\/uploads\/2025\/09\/10-MONOXIDO-DE-CARBONO.pdf\" target=\"_blank\">\n\t\t\t\t\t\t<span class=\"elementor-button-content-wrapper\">\n\t\t\t\t\t\t\t\t\t<span class=\"elementor-button-text\">Descargar<\/span>\n\t\t\t\t\t<\/span>\n\t\t\t\t\t<\/a>\n\t\t\t\t<\/div>\n\t\t\t\t\t\t\t\t<\/div>\n\t\t\t\t<\/div>\n\t\t\t\t\t<\/div>\n\t\t\t\t<\/div>\n\t\t\t\t<\/div>\n\t\t","protected":false},"excerpt":{"rendered":"<p>Consulta por nuestra variedad de tama\u00f1os. Informaci\u00f3n S\u00edmbolo: CO Color de Identificaci\u00f3n del Cilindro: Rojo vino N\u00famero de identificaci\u00f3n de las Naciones Unidas: UN 1016 (Gas comprimido) Descripci\u00f3n El mon\u00f3xido de carbono es un gas incoloro, inodoro y altamente t\u00f3xico que se produce a partir de la combusti\u00f3n incompleta de sustancias que contienen carbono. Es [&hellip;]<\/p>\n","protected":false},"author":1,"featured_media":0,"parent":0,"menu_order":0,"comment_status":"closed","ping_status":"closed","template":"","meta":{"inline_featured_image":false,"footnotes":""},"class_list":["post-9144","page","type-page","status-publish","hentry"],"_links":{"self":[{"href":"http:\/\/pdelaire.com.ni\/index.php\/wp-json\/wp\/v2\/pages\/9144","targetHints":{"allow":["GET"]}}],"collection":[{"href":"http:\/\/pdelaire.com.ni\/index.php\/wp-json\/wp\/v2\/pages"}],"about":[{"href":"http:\/\/pdelaire.com.ni\/index.php\/wp-json\/wp\/v2\/types\/page"}],"author":[{"embeddable":true,"href":"http:\/\/pdelaire.com.ni\/index.php\/wp-json\/wp\/v2\/users\/1"}],"replies":[{"embeddable":true,"href":"http:\/\/pdelaire.com.ni\/index.php\/wp-json\/wp\/v2\/comments?post=9144"}],"version-history":[{"count":28,"href":"http:\/\/pdelaire.com.ni\/index.php\/wp-json\/wp\/v2\/pages\/9144\/revisions"}],"predecessor-version":[{"id":10192,"href":"http:\/\/pdelaire.com.ni\/index.php\/wp-json\/wp\/v2\/pages\/9144\/revisions\/10192"}],"wp:attachment":[{"href":"http:\/\/pdelaire.com.ni\/index.php\/wp-json\/wp\/v2\/media?parent=9144"}],"curies":[{"name":"wp","href":"https:\/\/api.w.org\/{rel}","templated":true}]}}