{"id":9134,"date":"2025-09-14T19:17:55","date_gmt":"2025-09-15T01:17:55","guid":{"rendered":"http:\/\/pdelaire.com.ni\/?page_id=9134"},"modified":"2025-10-15T17:25:53","modified_gmt":"2025-10-15T23:25:53","slug":"helio-uhp","status":"publish","type":"page","link":"http:\/\/pdelaire.com.ni\/index.php\/helio-uhp\/","title":{"rendered":"Helio UHP"},"content":{"rendered":"\t\t<div data-elementor-type=\"wp-page\" data-elementor-id=\"9134\" class=\"elementor elementor-9134\" data-elementor-post-type=\"page\">\n\t\t\t\t<div class=\"elementor-element elementor-element-34d8d72 e-con-full e-flex e-con e-parent\" data-id=\"34d8d72\" data-element_type=\"container\" data-e-type=\"container\" data-settings=\"{&quot;background_background&quot;:&quot;classic&quot;}\">\n\t\t\t\t<div class=\"elementor-element elementor-element-81a5623 elementor-hidden-mobile elementor-widget elementor-widget-image\" data-id=\"81a5623\" data-element_type=\"widget\" data-e-type=\"widget\" data-widget_type=\"image.default\">\n\t\t\t\t<div class=\"elementor-widget-container\">\n\t\t\t\t\t\t\t\t\t\t\t\t\t\t\t<img fetchpriority=\"high\" decoding=\"async\" width=\"8192\" height=\"3276\" src=\"http:\/\/pdelaire.com.ni\/wp-content\/uploads\/2024\/12\/Helio-UHP-UV-2912.png\" class=\"attachment-full size-full wp-image-8492\" alt=\"\" srcset=\"http:\/\/pdelaire.com.ni\/wp-content\/uploads\/2024\/12\/Helio-UHP-UV-2912.png 8192w, http:\/\/pdelaire.com.ni\/wp-content\/uploads\/2024\/12\/Helio-UHP-UV-2912-300x120.png 300w, http:\/\/pdelaire.com.ni\/wp-content\/uploads\/2024\/12\/Helio-UHP-UV-2912-1024x410.png 1024w, http:\/\/pdelaire.com.ni\/wp-content\/uploads\/2024\/12\/Helio-UHP-UV-2912-768x307.png 768w, http:\/\/pdelaire.com.ni\/wp-content\/uploads\/2024\/12\/Helio-UHP-UV-2912-1536x614.png 1536w, http:\/\/pdelaire.com.ni\/wp-content\/uploads\/2024\/12\/Helio-UHP-UV-2912-2048x819.png 2048w\" sizes=\"(max-width: 8192px) 100vw, 8192px\" \/>\t\t\t\t\t\t\t\t\t\t\t\t\t\t\t<\/div>\n\t\t\t\t<\/div>\n\t\t\t\t<\/div>\n\t\t<div class=\"elementor-element elementor-element-1d56903 e-flex e-con-boxed e-con e-parent\" data-id=\"1d56903\" data-element_type=\"container\" data-e-type=\"container\">\n\t\t\t\t\t<div class=\"e-con-inner\">\n\t\t<div class=\"elementor-element elementor-element-520b762 e-con-full e-flex e-con e-child\" data-id=\"520b762\" data-element_type=\"container\" data-e-type=\"container\">\n\t\t\t\t<div class=\"elementor-element elementor-element-1646fab elementor-widget elementor-widget-image\" data-id=\"1646fab\" data-element_type=\"widget\" data-e-type=\"widget\" data-widget_type=\"image.default\">\n\t\t\t\t<div class=\"elementor-widget-container\">\n\t\t\t\t\t\t\t\t\t\t\t\t\t\t\t<img decoding=\"async\" width=\"225\" height=\"300\" src=\"http:\/\/pdelaire.com.ni\/wp-content\/uploads\/2025\/09\/Helio-UHP--225x300.png\" class=\"attachment-medium size-medium wp-image-9136\" alt=\"\" srcset=\"http:\/\/pdelaire.com.ni\/wp-content\/uploads\/2025\/09\/Helio-UHP--225x300.png 225w, http:\/\/pdelaire.com.ni\/wp-content\/uploads\/2025\/09\/Helio-UHP--768x1024.png 768w, http:\/\/pdelaire.com.ni\/wp-content\/uploads\/2025\/09\/Helio-UHP--1152x1536.png 1152w, http:\/\/pdelaire.com.ni\/wp-content\/uploads\/2025\/09\/Helio-UHP-.png 1200w\" sizes=\"(max-width: 225px) 100vw, 225px\" \/>\t\t\t\t\t\t\t\t\t\t\t\t\t\t\t<\/div>\n\t\t\t\t<\/div>\n\t\t\t\t<div class=\"elementor-element elementor-element-65e472a elementor-align-center elementor-hidden-tablet elementor-hidden-mobile elementor-widget elementor-widget-button\" data-id=\"65e472a\" data-element_type=\"widget\" data-e-type=\"widget\" data-widget_type=\"button.default\">\n\t\t\t\t<div class=\"elementor-widget-container\">\n\t\t\t\t\t\t\t\t\t<div class=\"elementor-button-wrapper\">\n\t\t\t\t\t<a class=\"elementor-button elementor-button-link elementor-size-sm\" href=\"http:\/\/pdelaire.com.ni\/index.php\/contacto\/\">\n\t\t\t\t\t\t<span class=\"elementor-button-content-wrapper\">\n\t\t\t\t\t\t\t\t\t<span class=\"elementor-button-text\">Consulta por nuestra variedad de tama\u00f1os.<\/span>\n\t\t\t\t\t<\/span>\n\t\t\t\t\t<\/a>\n\t\t\t\t<\/div>\n\t\t\t\t\t\t\t\t<\/div>\n\t\t\t\t<\/div>\n\t\t\t\t<\/div>\n\t\t<div class=\"elementor-element elementor-element-5554c99 e-con-full e-flex e-con e-child\" data-id=\"5554c99\" data-element_type=\"container\" data-e-type=\"container\">\n\t\t\t\t<div class=\"elementor-element elementor-element-6ff5f2b elementor-widget elementor-widget-heading\" data-id=\"6ff5f2b\" data-element_type=\"widget\" data-e-type=\"widget\" data-widget_type=\"heading.default\">\n\t\t\t\t<div class=\"elementor-widget-container\">\n\t\t\t\t\t<h3 class=\"elementor-heading-title elementor-size-default\">Informaci\u00f3n<\/h3>\t\t\t\t<\/div>\n\t\t\t\t<\/div>\n\t\t\t\t<div class=\"elementor-element elementor-element-04447e7 elementor-invisible elementor-widget elementor-widget-text-editor\" data-id=\"04447e7\" data-element_type=\"widget\" data-e-type=\"widget\" data-settings=\"{&quot;_animation&quot;:&quot;fadeIn&quot;}\" data-widget_type=\"text-editor.default\">\n\t\t\t\t<div class=\"elementor-widget-container\">\n\t\t\t\t\t\t\t\t\t<p><strong>S\u00edmbolo<\/strong>:<br \/>He<\/p><p><strong>Color de Identificaci\u00f3n del Cilindro<\/strong>: <br \/>Verde Aqua<\/p><p><strong>N\u00famero de identificaci\u00f3n de las Naciones Unidas<\/strong>:<br \/>UN 1046<\/p>\t\t\t\t\t\t\t\t<\/div>\n\t\t\t\t<\/div>\n\t\t\t\t<\/div>\n\t\t<div class=\"elementor-element elementor-element-bff539a e-con-full e-flex e-con e-child\" data-id=\"bff539a\" data-element_type=\"container\" data-e-type=\"container\">\n\t\t\t\t<div class=\"elementor-element elementor-element-25e2ed3 elementor-widget elementor-widget-heading\" data-id=\"25e2ed3\" data-element_type=\"widget\" data-e-type=\"widget\" data-widget_type=\"heading.default\">\n\t\t\t\t<div class=\"elementor-widget-container\">\n\t\t\t\t\t<h3 class=\"elementor-heading-title elementor-size-default\">Descripci\u00f3n<\/h3>\t\t\t\t<\/div>\n\t\t\t\t<\/div>\n\t\t\t\t<div class=\"elementor-element elementor-element-878b163 elementor-widget-tablet__width-inherit elementor-widget elementor-widget-text-editor\" data-id=\"878b163\" data-element_type=\"widget\" data-e-type=\"widget\" data-widget_type=\"text-editor.default\">\n\t\t\t\t<div class=\"elementor-widget-container\">\n\t\t\t\t\t\t\t\t\t<p>El helio es un gas noble, incoloro, inodoro, no inflamable y qu\u00edmicamente inerte. Es utilizado principalmente en aplicaciones industriales y profesionales. Act\u00faa como un asfixiante simple, ya que puede desplazar el ox\u00edgeno en el aire a niveles que no son suficientes para sustentar la vida. Las concentraciones elevadas de helio pueden causar mareos, n\u00e1useas, v\u00f3mitos, p\u00e9rdida de consciencia y, en casos extremos, la muerte.<\/p>\t\t\t\t\t\t\t\t<\/div>\n\t\t\t\t<\/div>\n\t\t\t\t<\/div>\n\t\t<div class=\"elementor-element elementor-element-c432f4c e-con-full e-flex e-con e-child\" data-id=\"c432f4c\" data-element_type=\"container\" data-e-type=\"container\">\n\t\t\t\t<div class=\"elementor-element elementor-element-77cf8a6 elementor-widget elementor-widget-heading\" data-id=\"77cf8a6\" data-element_type=\"widget\" data-e-type=\"widget\" data-widget_type=\"heading.default\">\n\t\t\t\t<div class=\"elementor-widget-container\">\n\t\t\t\t\t<h3 class=\"elementor-heading-title elementor-size-default\">Uso<\/h3>\t\t\t\t<\/div>\n\t\t\t\t<\/div>\n\t\t\t\t<div class=\"elementor-element elementor-element-87ebd06 elementor-widget-tablet__width-inherit elementor-widget elementor-widget-text-editor\" data-id=\"87ebd06\" data-element_type=\"widget\" data-e-type=\"widget\" data-widget_type=\"text-editor.default\">\n\t\t\t\t<div class=\"elementor-widget-container\">\n\t\t\t\t\t\t\t\t\t<ul><li><span style=\"font-weight: 400;\">Laboratorios cient\u00edficos y m\u00e9dicos.<\/span><\/li><li style=\"font-weight: 400;\" aria-level=\"1\"><span style=\"font-weight: 400;\">Medio de enfriamiento en los equipos de resonancia magn\u00e9tica.<\/span><\/li><li><span style=\"font-weight: 400;\">Como gas portador inerte en Cromatograf\u00eda de Gases en Laboratorios de Control de Calidad.<\/span><\/li><\/ul>\t\t\t\t\t\t\t\t<\/div>\n\t\t\t\t<\/div>\n\t\t\t\t<\/div>\n\t\t\t\t\t<\/div>\n\t\t\t\t<\/div>\n\t\t<div class=\"elementor-element elementor-element-9ed0ab7 e-flex e-con-boxed e-con e-parent\" data-id=\"9ed0ab7\" data-element_type=\"container\" data-e-type=\"container\">\n\t\t\t\t\t<div class=\"e-con-inner\">\n\t\t\t\t<div class=\"elementor-element elementor-element-d1cc73d elementor-align-center elementor-hidden-desktop elementor-widget elementor-widget-button\" data-id=\"d1cc73d\" data-element_type=\"widget\" data-e-type=\"widget\" data-widget_type=\"button.default\">\n\t\t\t\t<div class=\"elementor-widget-container\">\n\t\t\t\t\t\t\t\t\t<div class=\"elementor-button-wrapper\">\n\t\t\t\t\t<a class=\"elementor-button elementor-button-link elementor-size-sm\" href=\"http:\/\/pdelaire.com.ni\/index.php\/contacto\/\">\n\t\t\t\t\t\t<span class=\"elementor-button-content-wrapper\">\n\t\t\t\t\t\t\t\t\t<span class=\"elementor-button-text\">Consulta por nuestra variedad de tama\u00f1os<\/span>\n\t\t\t\t\t<\/span>\n\t\t\t\t\t<\/a>\n\t\t\t\t<\/div>\n\t\t\t\t\t\t\t\t<\/div>\n\t\t\t\t<\/div>\n\t\t<div class=\"elementor-element elementor-element-a7071bd e-con-full e-flex e-con e-child\" data-id=\"a7071bd\" data-element_type=\"container\" data-e-type=\"container\">\n\t\t\t\t<div class=\"elementor-element elementor-element-e4f1292 elementor-widget elementor-widget-heading\" data-id=\"e4f1292\" data-element_type=\"widget\" data-e-type=\"widget\" data-widget_type=\"heading.default\">\n\t\t\t\t<div class=\"elementor-widget-container\">\n\t\t\t\t\t<h5 class=\"elementor-heading-title elementor-size-default\">Hoja de seguridad<\/h5>\t\t\t\t<\/div>\n\t\t\t\t<\/div>\n\t\t\t\t<div class=\"elementor-element elementor-element-d0c9a52 elementor-align-center elementor-widget elementor-widget-button\" data-id=\"d0c9a52\" data-element_type=\"widget\" data-e-type=\"widget\" data-widget_type=\"button.default\">\n\t\t\t\t<div class=\"elementor-widget-container\">\n\t\t\t\t\t\t\t\t\t<div class=\"elementor-button-wrapper\">\n\t\t\t\t\t<a class=\"elementor-button elementor-button-link elementor-size-sm\" href=\"http:\/\/pdelaire.com.ni\/wp-content\/uploads\/2025\/09\/6-HELIO-GAS-COMPRIMIDO.pdf\" target=\"_blank\">\n\t\t\t\t\t\t<span class=\"elementor-button-content-wrapper\">\n\t\t\t\t\t\t\t\t\t<span class=\"elementor-button-text\">Descargar<\/span>\n\t\t\t\t\t<\/span>\n\t\t\t\t\t<\/a>\n\t\t\t\t<\/div>\n\t\t\t\t\t\t\t\t<\/div>\n\t\t\t\t<\/div>\n\t\t\t\t<\/div>\n\t\t\t\t\t<\/div>\n\t\t\t\t<\/div>\n\t\t\t\t<\/div>\n\t\t","protected":false},"excerpt":{"rendered":"<p>Consulta por nuestra variedad de tama\u00f1os. Informaci\u00f3n S\u00edmbolo:He Color de Identificaci\u00f3n del Cilindro: Verde Aqua N\u00famero de identificaci\u00f3n de las Naciones Unidas:UN 1046 Descripci\u00f3n El helio es un gas noble, incoloro, inodoro, no inflamable y qu\u00edmicamente inerte. Es utilizado principalmente en aplicaciones industriales y profesionales. Act\u00faa como un asfixiante simple, ya que puede desplazar el [&hellip;]<\/p>\n","protected":false},"author":1,"featured_media":0,"parent":0,"menu_order":0,"comment_status":"closed","ping_status":"closed","template":"","meta":{"inline_featured_image":false,"footnotes":""},"class_list":["post-9134","page","type-page","status-publish","hentry"],"_links":{"self":[{"href":"http:\/\/pdelaire.com.ni\/index.php\/wp-json\/wp\/v2\/pages\/9134","targetHints":{"allow":["GET"]}}],"collection":[{"href":"http:\/\/pdelaire.com.ni\/index.php\/wp-json\/wp\/v2\/pages"}],"about":[{"href":"http:\/\/pdelaire.com.ni\/index.php\/wp-json\/wp\/v2\/types\/page"}],"author":[{"embeddable":true,"href":"http:\/\/pdelaire.com.ni\/index.php\/wp-json\/wp\/v2\/users\/1"}],"replies":[{"embeddable":true,"href":"http:\/\/pdelaire.com.ni\/index.php\/wp-json\/wp\/v2\/comments?post=9134"}],"version-history":[{"count":28,"href":"http:\/\/pdelaire.com.ni\/index.php\/wp-json\/wp\/v2\/pages\/9134\/revisions"}],"predecessor-version":[{"id":10198,"href":"http:\/\/pdelaire.com.ni\/index.php\/wp-json\/wp\/v2\/pages\/9134\/revisions\/10198"}],"wp:attachment":[{"href":"http:\/\/pdelaire.com.ni\/index.php\/wp-json\/wp\/v2\/media?parent=9134"}],"curies":[{"name":"wp","href":"https:\/\/api.w.org\/{rel}","templated":true}]}}