{"id":9064,"date":"2025-09-14T16:16:20","date_gmt":"2025-09-14T22:16:20","guid":{"rendered":"http:\/\/pdelaire.com.ni\/?page_id=9064"},"modified":"2025-10-15T17:30:31","modified_gmt":"2025-10-15T23:30:31","slug":"argon-ar-3","status":"publish","type":"page","link":"http:\/\/pdelaire.com.ni\/index.php\/lineas-de-gases\/argon-ar-3\/","title":{"rendered":"Arg\u00f3n Ar"},"content":{"rendered":"\t\t<div data-elementor-type=\"wp-page\" data-elementor-id=\"9064\" class=\"elementor elementor-9064\" data-elementor-post-type=\"page\">\n\t\t\t\t<div class=\"elementor-element elementor-element-439d3ef e-con-full e-flex e-con e-parent\" data-id=\"439d3ef\" data-element_type=\"container\" data-e-type=\"container\" data-settings=\"{&quot;background_background&quot;:&quot;classic&quot;}\">\n\t\t\t\t<div class=\"elementor-element elementor-element-cc9c5ef elementor-hidden-mobile elementor-widget elementor-widget-image\" data-id=\"cc9c5ef\" data-element_type=\"widget\" data-e-type=\"widget\" data-widget_type=\"image.default\">\n\t\t\t\t<div class=\"elementor-widget-container\">\n\t\t\t\t\t\t\t\t\t\t\t\t\t\t\t<img fetchpriority=\"high\" decoding=\"async\" width=\"9400\" height=\"3759\" src=\"http:\/\/pdelaire.com.ni\/wp-content\/uploads\/2024\/11\/ARGON_Mesa-de-trabajo-1.png\" class=\"attachment-full size-full wp-image-7839\" alt=\"\" srcset=\"http:\/\/pdelaire.com.ni\/wp-content\/uploads\/2024\/11\/ARGON_Mesa-de-trabajo-1.png 9400w, http:\/\/pdelaire.com.ni\/wp-content\/uploads\/2024\/11\/ARGON_Mesa-de-trabajo-1-300x120.png 300w, http:\/\/pdelaire.com.ni\/wp-content\/uploads\/2024\/11\/ARGON_Mesa-de-trabajo-1-1024x409.png 1024w, http:\/\/pdelaire.com.ni\/wp-content\/uploads\/2024\/11\/ARGON_Mesa-de-trabajo-1-768x307.png 768w, http:\/\/pdelaire.com.ni\/wp-content\/uploads\/2024\/11\/ARGON_Mesa-de-trabajo-1-1536x614.png 1536w, http:\/\/pdelaire.com.ni\/wp-content\/uploads\/2024\/11\/ARGON_Mesa-de-trabajo-1-2048x819.png 2048w\" sizes=\"(max-width: 9400px) 100vw, 9400px\" \/>\t\t\t\t\t\t\t\t\t\t\t\t\t\t\t<\/div>\n\t\t\t\t<\/div>\n\t\t\t\t<\/div>\n\t\t<div class=\"elementor-element elementor-element-3562d16 e-flex e-con-boxed e-con e-parent\" data-id=\"3562d16\" data-element_type=\"container\" data-e-type=\"container\">\n\t\t\t\t\t<div class=\"e-con-inner\">\n\t\t<div class=\"elementor-element elementor-element-5d63c4b e-con-full e-flex e-con e-child\" data-id=\"5d63c4b\" data-element_type=\"container\" data-e-type=\"container\">\n\t\t\t\t<div class=\"elementor-element elementor-element-dbcdff6 elementor-widget elementor-widget-image\" data-id=\"dbcdff6\" data-element_type=\"widget\" data-e-type=\"widget\" data-widget_type=\"image.default\">\n\t\t\t\t<div class=\"elementor-widget-container\">\n\t\t\t\t\t\t\t\t\t\t\t\t\t\t\t<img decoding=\"async\" width=\"84\" height=\"300\" src=\"http:\/\/pdelaire.com.ni\/wp-content\/uploads\/2025\/09\/ARGON-84x300.png\" class=\"attachment-medium size-medium wp-image-9068\" alt=\"\" srcset=\"http:\/\/pdelaire.com.ni\/wp-content\/uploads\/2025\/09\/ARGON-84x300.png 84w, http:\/\/pdelaire.com.ni\/wp-content\/uploads\/2025\/09\/ARGON-288x1024.png 288w, http:\/\/pdelaire.com.ni\/wp-content\/uploads\/2025\/09\/ARGON-768x2732.png 768w, http:\/\/pdelaire.com.ni\/wp-content\/uploads\/2025\/09\/ARGON-432x1536.png 432w, http:\/\/pdelaire.com.ni\/wp-content\/uploads\/2025\/09\/ARGON-576x2048.png 576w, http:\/\/pdelaire.com.ni\/wp-content\/uploads\/2025\/09\/ARGON-scaled.png 720w\" sizes=\"(max-width: 84px) 100vw, 84px\" \/>\t\t\t\t\t\t\t\t\t\t\t\t\t\t\t<\/div>\n\t\t\t\t<\/div>\n\t\t\t\t<div class=\"elementor-element elementor-element-36e1660 elementor-align-center elementor-hidden-tablet elementor-hidden-mobile elementor-widget elementor-widget-button\" data-id=\"36e1660\" data-element_type=\"widget\" data-e-type=\"widget\" data-widget_type=\"button.default\">\n\t\t\t\t<div class=\"elementor-widget-container\">\n\t\t\t\t\t\t\t\t\t<div class=\"elementor-button-wrapper\">\n\t\t\t\t\t<a class=\"elementor-button elementor-button-link elementor-size-sm\" href=\"http:\/\/pdelaire.com.ni\/index.php\/contacto\/\">\n\t\t\t\t\t\t<span class=\"elementor-button-content-wrapper\">\n\t\t\t\t\t\t\t\t\t<span class=\"elementor-button-text\">Consulta por nuestra variedad de tama\u00f1os.<\/span>\n\t\t\t\t\t<\/span>\n\t\t\t\t\t<\/a>\n\t\t\t\t<\/div>\n\t\t\t\t\t\t\t\t<\/div>\n\t\t\t\t<\/div>\n\t\t\t\t<\/div>\n\t\t<div class=\"elementor-element elementor-element-ca678d4 e-con-full e-flex e-con e-child\" data-id=\"ca678d4\" data-element_type=\"container\" data-e-type=\"container\">\n\t\t\t\t<div class=\"elementor-element elementor-element-c87ce46 elementor-widget elementor-widget-heading\" data-id=\"c87ce46\" data-element_type=\"widget\" data-e-type=\"widget\" data-widget_type=\"heading.default\">\n\t\t\t\t<div class=\"elementor-widget-container\">\n\t\t\t\t\t<h3 class=\"elementor-heading-title elementor-size-default\">Informaci\u00f3n<\/h3>\t\t\t\t<\/div>\n\t\t\t\t<\/div>\n\t\t\t\t<div class=\"elementor-element elementor-element-30e34e6 elementor-invisible elementor-widget elementor-widget-text-editor\" data-id=\"30e34e6\" data-element_type=\"widget\" data-e-type=\"widget\" data-settings=\"{&quot;_animation&quot;:&quot;fadeIn&quot;}\" data-widget_type=\"text-editor.default\">\n\t\t\t\t<div class=\"elementor-widget-container\">\n\t\t\t\t\t\t\t\t\t<p><strong>S\u00edmbolo:<\/strong><br \/>Ar<br \/><strong>Color de Identificaci\u00f3n del Cilindro:<\/strong><br \/>Turquesa<br \/><strong>N\u00famero de identificaci\u00f3n de las Naciones Unidas:<\/strong><br \/>UN 1006 (gas comprimido)<br \/>UN 1957 (l\u00edquido criog\u00e9nico)<\/p>\t\t\t\t\t\t\t\t<\/div>\n\t\t\t\t<\/div>\n\t\t\t\t<\/div>\n\t\t<div class=\"elementor-element elementor-element-5193fb5 e-con-full e-flex e-con e-child\" data-id=\"5193fb5\" data-element_type=\"container\" data-e-type=\"container\">\n\t\t\t\t<div class=\"elementor-element elementor-element-d0ffd76 elementor-widget elementor-widget-heading\" data-id=\"d0ffd76\" data-element_type=\"widget\" data-e-type=\"widget\" data-widget_type=\"heading.default\">\n\t\t\t\t<div class=\"elementor-widget-container\">\n\t\t\t\t\t<h3 class=\"elementor-heading-title elementor-size-default\">Descripci\u00f3n<\/h3>\t\t\t\t<\/div>\n\t\t\t\t<\/div>\n\t\t\t\t<div class=\"elementor-element elementor-element-3dbf857 elementor-widget-tablet__width-inherit elementor-widget elementor-widget-text-editor\" data-id=\"3dbf857\" data-element_type=\"widget\" data-e-type=\"widget\" data-widget_type=\"text-editor.default\">\n\t\t\t\t<div class=\"elementor-widget-container\">\n\t\t\t\t\t\t\t\t\t<p>El Arg\u00f3n es el m\u00e1s abundante de los gases raros en el aire (0.9 % en vol.). Es incoloro, sin sabor, no es t\u00f3xico, ni inflamable. Es un 30 % m\u00e1s pesado que el aire; adem\u00e1s es extremadamente inerte, caracterizado por una perfecta estabilidad f\u00edsica y qu\u00edmica, a cualquier temperatura y presi\u00f3n. Es un excelente conductor de la electricidad. A presi\u00f3n atmosf\u00e9rica y temperatura inferior de -186\u00baC es un l\u00edquido incoloro, m\u00e1s pesado que el agua.<\/p>\t\t\t\t\t\t\t\t<\/div>\n\t\t\t\t<\/div>\n\t\t\t\t<\/div>\n\t\t<div class=\"elementor-element elementor-element-c19d825 e-con-full e-flex e-con e-child\" data-id=\"c19d825\" data-element_type=\"container\" data-e-type=\"container\">\n\t\t\t\t<div class=\"elementor-element elementor-element-e29e063 elementor-widget elementor-widget-heading\" data-id=\"e29e063\" data-element_type=\"widget\" data-e-type=\"widget\" data-widget_type=\"heading.default\">\n\t\t\t\t<div class=\"elementor-widget-container\">\n\t\t\t\t\t<h3 class=\"elementor-heading-title elementor-size-default\">Uso<\/h3>\t\t\t\t<\/div>\n\t\t\t\t<\/div>\n\t\t\t\t<div class=\"elementor-element elementor-element-f3f8fba elementor-widget-tablet__width-inherit elementor-widget elementor-widget-text-editor\" data-id=\"f3f8fba\" data-element_type=\"widget\" data-e-type=\"widget\" data-widget_type=\"text-editor.default\">\n\t\t\t\t<div class=\"elementor-widget-container\">\n\t\t\t\t\t\t\t\t\t<ul><li>Soldadura TIG y MIG.<\/li><\/ul>\t\t\t\t\t\t\t\t<\/div>\n\t\t\t\t<\/div>\n\t\t\t\t<\/div>\n\t\t\t\t\t<\/div>\n\t\t\t\t<\/div>\n\t\t<div class=\"elementor-element elementor-element-d3733f1 e-flex e-con-boxed e-con e-parent\" data-id=\"d3733f1\" data-element_type=\"container\" data-e-type=\"container\">\n\t\t\t\t\t<div class=\"e-con-inner\">\n\t\t\t\t<div class=\"elementor-element elementor-element-277871d elementor-align-center elementor-hidden-desktop elementor-widget elementor-widget-button\" data-id=\"277871d\" data-element_type=\"widget\" data-e-type=\"widget\" data-widget_type=\"button.default\">\n\t\t\t\t<div class=\"elementor-widget-container\">\n\t\t\t\t\t\t\t\t\t<div class=\"elementor-button-wrapper\">\n\t\t\t\t\t<a class=\"elementor-button elementor-button-link elementor-size-sm\" href=\"http:\/\/pdelaire.com.ni\/index.php\/contacto\/\">\n\t\t\t\t\t\t<span class=\"elementor-button-content-wrapper\">\n\t\t\t\t\t\t\t\t\t<span class=\"elementor-button-text\">Consulta por nuestra variedad de tama\u00f1os<\/span>\n\t\t\t\t\t<\/span>\n\t\t\t\t\t<\/a>\n\t\t\t\t<\/div>\n\t\t\t\t\t\t\t\t<\/div>\n\t\t\t\t<\/div>\n\t\t\t\t\t<\/div>\n\t\t\t\t<\/div>\n\t\t<div class=\"elementor-element elementor-element-44688ca e-flex e-con-boxed e-con e-parent\" data-id=\"44688ca\" data-element_type=\"container\" data-e-type=\"container\">\n\t\t\t\t\t<div class=\"e-con-inner\">\n\t\t<div class=\"elementor-element elementor-element-fee892b e-con-full e-flex elementor-invisible e-con e-child\" data-id=\"fee892b\" data-element_type=\"container\" data-e-type=\"container\" data-settings=\"{&quot;animation&quot;:&quot;fadeInRight&quot;}\">\n\t\t<div class=\"elementor-element elementor-element-ed137aa e-con-full e-flex e-con e-child\" data-id=\"ed137aa\" data-element_type=\"container\" data-e-type=\"container\">\n\t\t<div class=\"elementor-element elementor-element-ce9973b e-con-full e-flex e-con e-child\" data-id=\"ce9973b\" data-element_type=\"container\" data-e-type=\"container\">\n\t\t\t\t<div class=\"elementor-element elementor-element-d55525e elementor-widget elementor-widget-heading\" data-id=\"d55525e\" data-element_type=\"widget\" data-e-type=\"widget\" data-widget_type=\"heading.default\">\n\t\t\t\t<div class=\"elementor-widget-container\">\n\t\t\t\t\t<h5 class=\"elementor-heading-title elementor-size-default\">Hoja de seguridad<br> (Arg\u00f3n L\u00edquido)<\/h5>\t\t\t\t<\/div>\n\t\t\t\t<\/div>\n\t\t\t\t<div class=\"elementor-element elementor-element-b0a1315 elementor-align-center elementor-widget elementor-widget-button\" data-id=\"b0a1315\" data-element_type=\"widget\" data-e-type=\"widget\" data-widget_type=\"button.default\">\n\t\t\t\t<div class=\"elementor-widget-container\">\n\t\t\t\t\t\t\t\t\t<div class=\"elementor-button-wrapper\">\n\t\t\t\t\t<a class=\"elementor-button elementor-button-link elementor-size-sm\" href=\"http:\/\/pdelaire.com.ni\/wp-content\/uploads\/2025\/09\/13_V03_Argon-Liquido.pdf\">\n\t\t\t\t\t\t<span class=\"elementor-button-content-wrapper\">\n\t\t\t\t\t\t\t\t\t<span class=\"elementor-button-text\">Descargar<\/span>\n\t\t\t\t\t<\/span>\n\t\t\t\t\t<\/a>\n\t\t\t\t<\/div>\n\t\t\t\t\t\t\t\t<\/div>\n\t\t\t\t<\/div>\n\t\t\t\t<\/div>\n\t\t<div class=\"elementor-element elementor-element-03dbccc e-con-full e-flex e-con e-child\" data-id=\"03dbccc\" data-element_type=\"container\" data-e-type=\"container\">\n\t\t\t\t<div class=\"elementor-element elementor-element-b1ff140 elementor-widget elementor-widget-heading\" data-id=\"b1ff140\" data-element_type=\"widget\" data-e-type=\"widget\" data-widget_type=\"heading.default\">\n\t\t\t\t<div class=\"elementor-widget-container\">\n\t\t\t\t\t<h5 class=\"elementor-heading-title elementor-size-default\">Hoja de Seguridad <br>(arg\u00f3n\u00a0Gaseoso)<\/h5>\t\t\t\t<\/div>\n\t\t\t\t<\/div>\n\t\t\t\t<div class=\"elementor-element elementor-element-a525c42 elementor-align-center elementor-widget elementor-widget-button\" data-id=\"a525c42\" data-element_type=\"widget\" data-e-type=\"widget\" data-widget_type=\"button.default\">\n\t\t\t\t<div class=\"elementor-widget-container\">\n\t\t\t\t\t\t\t\t\t<div class=\"elementor-button-wrapper\">\n\t\t\t\t\t<a class=\"elementor-button elementor-button-link elementor-size-sm\" href=\"http:\/\/pdelaire.com.ni\/wp-content\/uploads\/2025\/09\/03_V03_Argon-gaseoso.pdf\">\n\t\t\t\t\t\t<span class=\"elementor-button-content-wrapper\">\n\t\t\t\t\t\t\t\t\t<span class=\"elementor-button-text\">Descargar<\/span>\n\t\t\t\t\t<\/span>\n\t\t\t\t\t<\/a>\n\t\t\t\t<\/div>\n\t\t\t\t\t\t\t\t<\/div>\n\t\t\t\t<\/div>\n\t\t\t\t<\/div>\n\t\t\t\t<\/div>\n\t\t\t\t<\/div>\n\t\t\t\t\t<\/div>\n\t\t\t\t<\/div>\n\t\t\t\t<\/div>\n\t\t","protected":false},"excerpt":{"rendered":"<p>Consulta por nuestra variedad de tama\u00f1os. Informaci\u00f3n S\u00edmbolo:ArColor de Identificaci\u00f3n del Cilindro:TurquesaN\u00famero de identificaci\u00f3n de las Naciones Unidas:UN 1006 (gas comprimido)UN 1957 (l\u00edquido criog\u00e9nico) Descripci\u00f3n El Arg\u00f3n es el m\u00e1s abundante de los gases raros en el aire (0.9 % en vol.). Es incoloro, sin sabor, no es t\u00f3xico, ni inflamable. Es un 30 % [&hellip;]<\/p>\n","protected":false},"author":1,"featured_media":0,"parent":211,"menu_order":0,"comment_status":"closed","ping_status":"closed","template":"","meta":{"inline_featured_image":false,"footnotes":""},"class_list":["post-9064","page","type-page","status-publish","hentry"],"_links":{"self":[{"href":"http:\/\/pdelaire.com.ni\/index.php\/wp-json\/wp\/v2\/pages\/9064","targetHints":{"allow":["GET"]}}],"collection":[{"href":"http:\/\/pdelaire.com.ni\/index.php\/wp-json\/wp\/v2\/pages"}],"about":[{"href":"http:\/\/pdelaire.com.ni\/index.php\/wp-json\/wp\/v2\/types\/page"}],"author":[{"embeddable":true,"href":"http:\/\/pdelaire.com.ni\/index.php\/wp-json\/wp\/v2\/users\/1"}],"replies":[{"embeddable":true,"href":"http:\/\/pdelaire.com.ni\/index.php\/wp-json\/wp\/v2\/comments?post=9064"}],"version-history":[{"count":28,"href":"http:\/\/pdelaire.com.ni\/index.php\/wp-json\/wp\/v2\/pages\/9064\/revisions"}],"predecessor-version":[{"id":10219,"href":"http:\/\/pdelaire.com.ni\/index.php\/wp-json\/wp\/v2\/pages\/9064\/revisions\/10219"}],"up":[{"embeddable":true,"href":"http:\/\/pdelaire.com.ni\/index.php\/wp-json\/wp\/v2\/pages\/211"}],"wp:attachment":[{"href":"http:\/\/pdelaire.com.ni\/index.php\/wp-json\/wp\/v2\/media?parent=9064"}],"curies":[{"name":"wp","href":"https:\/\/api.w.org\/{rel}","templated":true}]}}