{"id":9054,"date":"2025-09-14T16:07:53","date_gmt":"2025-09-14T22:07:53","guid":{"rendered":"http:\/\/pdelaire.com.ni\/?page_id=9054"},"modified":"2025-10-15T16:42:21","modified_gmt":"2025-10-15T22:42:21","slug":"nitrogeno-n","status":"publish","type":"page","link":"http:\/\/pdelaire.com.ni\/index.php\/lineas-de-gases\/nitrogeno-n\/","title":{"rendered":"Nitr\u00f3geno N"},"content":{"rendered":"\t\t<div data-elementor-type=\"wp-page\" data-elementor-id=\"9054\" class=\"elementor elementor-9054\" data-elementor-post-type=\"page\">\n\t\t\t\t<div class=\"elementor-element elementor-element-59cf5cd e-con-full e-flex e-con e-parent\" data-id=\"59cf5cd\" data-element_type=\"container\" data-e-type=\"container\" data-settings=\"{&quot;background_background&quot;:&quot;classic&quot;}\">\n\t\t\t\t<div class=\"elementor-element elementor-element-f6410ca elementor-hidden-mobile elementor-widget elementor-widget-image\" data-id=\"f6410ca\" data-element_type=\"widget\" data-e-type=\"widget\" data-widget_type=\"image.default\">\n\t\t\t\t<div class=\"elementor-widget-container\">\n\t\t\t\t\t\t\t\t\t\t\t\t\t\t\t<img fetchpriority=\"high\" decoding=\"async\" width=\"1536\" height=\"425\" src=\"http:\/\/pdelaire.com.ni\/wp-content\/uploads\/2025\/09\/7-Nitrogeno-FINAL_Mesa-de-trabajo-1-1536x425-1.png\" class=\"attachment-full size-full wp-image-9393\" alt=\"\" srcset=\"http:\/\/pdelaire.com.ni\/wp-content\/uploads\/2025\/09\/7-Nitrogeno-FINAL_Mesa-de-trabajo-1-1536x425-1.png 1536w, http:\/\/pdelaire.com.ni\/wp-content\/uploads\/2025\/09\/7-Nitrogeno-FINAL_Mesa-de-trabajo-1-1536x425-1-300x83.png 300w, http:\/\/pdelaire.com.ni\/wp-content\/uploads\/2025\/09\/7-Nitrogeno-FINAL_Mesa-de-trabajo-1-1536x425-1-1024x283.png 1024w, http:\/\/pdelaire.com.ni\/wp-content\/uploads\/2025\/09\/7-Nitrogeno-FINAL_Mesa-de-trabajo-1-1536x425-1-768x213.png 768w\" sizes=\"(max-width: 1536px) 100vw, 1536px\" \/>\t\t\t\t\t\t\t\t\t\t\t\t\t\t\t<\/div>\n\t\t\t\t<\/div>\n\t\t\t\t<\/div>\n\t\t<div class=\"elementor-element elementor-element-8276500 e-flex e-con-boxed e-con e-parent\" data-id=\"8276500\" data-element_type=\"container\" data-e-type=\"container\">\n\t\t\t\t\t<div class=\"e-con-inner\">\n\t\t<div class=\"elementor-element elementor-element-621425c e-con-full e-flex e-con e-child\" data-id=\"621425c\" data-element_type=\"container\" data-e-type=\"container\">\n\t\t<div class=\"elementor-element elementor-element-248592c e-con-full e-flex e-con e-child\" data-id=\"248592c\" data-element_type=\"container\" data-e-type=\"container\">\n\t\t\t\t<div class=\"elementor-element elementor-element-d6f0f10 elementor-widget elementor-widget-image\" data-id=\"d6f0f10\" data-element_type=\"widget\" data-e-type=\"widget\" data-widget_type=\"image.default\">\n\t\t\t\t<div class=\"elementor-widget-container\">\n\t\t\t\t\t\t\t\t\t\t\t\t\t\t\t<img decoding=\"async\" width=\"67\" height=\"300\" src=\"http:\/\/pdelaire.com.ni\/wp-content\/uploads\/2025\/09\/NITROGENO-67x300.png\" class=\"attachment-medium size-medium wp-image-9056\" alt=\"\" srcset=\"http:\/\/pdelaire.com.ni\/wp-content\/uploads\/2025\/09\/NITROGENO-67x300.png 67w, http:\/\/pdelaire.com.ni\/wp-content\/uploads\/2025\/09\/NITROGENO-228x1024.png 228w, http:\/\/pdelaire.com.ni\/wp-content\/uploads\/2025\/09\/NITROGENO-768x3449.png 768w, http:\/\/pdelaire.com.ni\/wp-content\/uploads\/2025\/09\/NITROGENO-342x1536.png 342w, http:\/\/pdelaire.com.ni\/wp-content\/uploads\/2025\/09\/NITROGENO-456x2048.png 456w, http:\/\/pdelaire.com.ni\/wp-content\/uploads\/2025\/09\/NITROGENO-scaled.png 570w\" sizes=\"(max-width: 67px) 100vw, 67px\" \/>\t\t\t\t\t\t\t\t\t\t\t\t\t\t\t<\/div>\n\t\t\t\t<\/div>\n\t\t\t\t<div class=\"elementor-element elementor-element-712a3d0 elementor-widget elementor-widget-image\" data-id=\"712a3d0\" data-element_type=\"widget\" data-e-type=\"widget\" data-widget_type=\"image.default\">\n\t\t\t\t<div class=\"elementor-widget-container\">\n\t\t\t\t\t\t\t\t\t\t\t\t\t\t\t<img decoding=\"async\" width=\"118\" height=\"300\" src=\"http:\/\/pdelaire.com.ni\/wp-content\/uploads\/2025\/09\/DEWARS-BIOXIDO-DE-NITROGENO-e1727389423905-118x300-1.png\" class=\"attachment-medium size-medium wp-image-9396\" alt=\"\" \/>\t\t\t\t\t\t\t\t\t\t\t\t\t\t\t<\/div>\n\t\t\t\t<\/div>\n\t\t\t\t<\/div>\n\t\t\t\t<div class=\"elementor-element elementor-element-750237a elementor-align-center elementor-hidden-tablet elementor-hidden-mobile elementor-widget elementor-widget-button\" data-id=\"750237a\" data-element_type=\"widget\" data-e-type=\"widget\" data-widget_type=\"button.default\">\n\t\t\t\t<div class=\"elementor-widget-container\">\n\t\t\t\t\t\t\t\t\t<div class=\"elementor-button-wrapper\">\n\t\t\t\t\t<a class=\"elementor-button elementor-button-link elementor-size-sm\" href=\"http:\/\/pdelaire.com.ni\/index.php\/contacto\/\">\n\t\t\t\t\t\t<span class=\"elementor-button-content-wrapper\">\n\t\t\t\t\t\t\t\t\t<span class=\"elementor-button-text\">Consulta por nuestra variedad de tama\u00f1os.<\/span>\n\t\t\t\t\t<\/span>\n\t\t\t\t\t<\/a>\n\t\t\t\t<\/div>\n\t\t\t\t\t\t\t\t<\/div>\n\t\t\t\t<\/div>\n\t\t\t\t<\/div>\n\t\t<div class=\"elementor-element elementor-element-afd8ab5 e-con-full e-flex e-con e-child\" data-id=\"afd8ab5\" data-element_type=\"container\" data-e-type=\"container\">\n\t\t\t\t<div class=\"elementor-element elementor-element-f8ae024 elementor-widget elementor-widget-heading\" data-id=\"f8ae024\" data-element_type=\"widget\" data-e-type=\"widget\" data-widget_type=\"heading.default\">\n\t\t\t\t<div class=\"elementor-widget-container\">\n\t\t\t\t\t<h3 class=\"elementor-heading-title elementor-size-default\">Informaci\u00f3n<\/h3>\t\t\t\t<\/div>\n\t\t\t\t<\/div>\n\t\t\t\t<div class=\"elementor-element elementor-element-f28ab74 elementor-invisible elementor-widget elementor-widget-text-editor\" data-id=\"f28ab74\" data-element_type=\"widget\" data-e-type=\"widget\" data-settings=\"{&quot;_animation&quot;:&quot;fadeIn&quot;}\" data-widget_type=\"text-editor.default\">\n\t\t\t\t<div class=\"elementor-widget-container\">\n\t\t\t\t\t\t\t\t\t<p><strong>S\u00edmbolo:<\/strong><br \/>N\u2082<br \/><strong>Color de Identificaci\u00f3n del Cilindro:<\/strong><br \/>Amarillo<br \/><strong>N\u00famero de identificaci\u00f3n de las Naciones Unidas:<\/strong><br \/>UN 1066 (gas comprimido)<br \/>UN 1977 (l\u00edquido refrigerado)<\/p>\t\t\t\t\t\t\t\t<\/div>\n\t\t\t\t<\/div>\n\t\t\t\t<\/div>\n\t\t<div class=\"elementor-element elementor-element-45de289 e-con-full e-flex e-con e-child\" data-id=\"45de289\" data-element_type=\"container\" data-e-type=\"container\">\n\t\t\t\t<div class=\"elementor-element elementor-element-5bf937d elementor-widget elementor-widget-heading\" data-id=\"5bf937d\" data-element_type=\"widget\" data-e-type=\"widget\" data-widget_type=\"heading.default\">\n\t\t\t\t<div class=\"elementor-widget-container\">\n\t\t\t\t\t<h3 class=\"elementor-heading-title elementor-size-default\">Descripci\u00f3n<\/h3>\t\t\t\t<\/div>\n\t\t\t\t<\/div>\n\t\t\t\t<div class=\"elementor-element elementor-element-bd670d4 elementor-widget-tablet__width-inherit elementor-widget elementor-widget-text-editor\" data-id=\"bd670d4\" data-element_type=\"widget\" data-e-type=\"widget\" data-widget_type=\"text-editor.default\">\n\t\t\t\t<div class=\"elementor-widget-container\">\n\t\t\t\t\t\t\t\t\t<p>El nitr\u00f3geno es el mayor componente de nuestra atm\u00f3sfera (78% en volumen, 75.5% en peso). Es un gas incoloro, inodoro y sin sabor, no t\u00f3xico y casi totalmente inerte. A presi\u00f3n atmosf\u00e9rica y temperatura menor a -196\u00baC, es un l\u00edquido incoloro, un poco m\u00e1s liviano que el agua. Es un gas no inflamable y sin propiedades comburentes. Por su escasa actividad qu\u00edmica, es usado como protecci\u00f3n inerte contra contaminaci\u00f3n atmosf\u00e9rica en muchas aplicaciones en que no se presentan altas temperaturas.<\/p>\t\t\t\t\t\t\t\t<\/div>\n\t\t\t\t<\/div>\n\t\t\t\t<\/div>\n\t\t<div class=\"elementor-element elementor-element-6074f90 e-con-full e-flex e-con e-child\" data-id=\"6074f90\" data-element_type=\"container\" data-e-type=\"container\">\n\t\t\t\t<div class=\"elementor-element elementor-element-8bb8dea elementor-widget elementor-widget-heading\" data-id=\"8bb8dea\" data-element_type=\"widget\" data-e-type=\"widget\" data-widget_type=\"heading.default\">\n\t\t\t\t<div class=\"elementor-widget-container\">\n\t\t\t\t\t<h3 class=\"elementor-heading-title elementor-size-default\">Uso<\/h3>\t\t\t\t<\/div>\n\t\t\t\t<\/div>\n\t\t\t\t<div class=\"elementor-element elementor-element-f976e42 elementor-widget-tablet__width-inherit elementor-widget elementor-widget-text-editor\" data-id=\"f976e42\" data-element_type=\"widget\" data-e-type=\"widget\" data-widget_type=\"text-editor.default\">\n\t\t\t\t<div class=\"elementor-widget-container\">\n\t\t\t\t\t\t\t\t\t<ul><li>Presurizaci\u00f3n y conservaci\u00f3n de l\u00edquidos envasados.<\/li><li>Congelaci\u00f3n criog\u00e9nica.<\/li><li>Procesos de empaquetado de alimentos.<\/li><li>Marcado de ganados.<\/li><li>Preservaci\u00f3n de muestras biol\u00f3gicas.<\/li><\/ul>\t\t\t\t\t\t\t\t<\/div>\n\t\t\t\t<\/div>\n\t\t\t\t<\/div>\n\t\t\t\t\t<\/div>\n\t\t\t\t<\/div>\n\t\t<div class=\"elementor-element elementor-element-293ad8d e-flex e-con-boxed e-con e-parent\" data-id=\"293ad8d\" data-element_type=\"container\" data-e-type=\"container\">\n\t\t\t\t\t<div class=\"e-con-inner\">\n\t\t\t\t<div class=\"elementor-element elementor-element-23a2dc1 elementor-align-center elementor-hidden-desktop elementor-widget elementor-widget-button\" data-id=\"23a2dc1\" data-element_type=\"widget\" data-e-type=\"widget\" data-widget_type=\"button.default\">\n\t\t\t\t<div class=\"elementor-widget-container\">\n\t\t\t\t\t\t\t\t\t<div class=\"elementor-button-wrapper\">\n\t\t\t\t\t<a class=\"elementor-button elementor-button-link elementor-size-sm\" href=\"http:\/\/pdelaire.com.ni\/index.php\/contacto\/\">\n\t\t\t\t\t\t<span class=\"elementor-button-content-wrapper\">\n\t\t\t\t\t\t\t\t\t<span class=\"elementor-button-text\">Consulta por nuestra variedad de tama\u00f1os<\/span>\n\t\t\t\t\t<\/span>\n\t\t\t\t\t<\/a>\n\t\t\t\t<\/div>\n\t\t\t\t\t\t\t\t<\/div>\n\t\t\t\t<\/div>\n\t\t\t\t\t<\/div>\n\t\t\t\t<\/div>\n\t\t<div class=\"elementor-element elementor-element-8102f45 e-flex e-con-boxed e-con e-parent\" data-id=\"8102f45\" data-element_type=\"container\" data-e-type=\"container\">\n\t\t\t\t\t<div class=\"e-con-inner\">\n\t\t<div class=\"elementor-element elementor-element-61f6aad e-con-full e-flex e-con e-child\" data-id=\"61f6aad\" data-element_type=\"container\" data-e-type=\"container\">\n\t\t<div class=\"elementor-element elementor-element-2c76a59 e-con-full e-flex e-con e-child\" data-id=\"2c76a59\" data-element_type=\"container\" data-e-type=\"container\">\n\t\t\t\t<div class=\"elementor-element elementor-element-86c8939 elementor-widget elementor-widget-heading\" data-id=\"86c8939\" data-element_type=\"widget\" data-e-type=\"widget\" data-widget_type=\"heading.default\">\n\t\t\t\t<div class=\"elementor-widget-container\">\n\t\t\t\t\t<h5 class=\"elementor-heading-title elementor-size-default\">Hoja de seguridad <br>(Nitr\u00f3geno L\u00edquido)<\/h5>\t\t\t\t<\/div>\n\t\t\t\t<\/div>\n\t\t\t\t<div class=\"elementor-element elementor-element-be245c2 elementor-align-center elementor-widget elementor-widget-button\" data-id=\"be245c2\" data-element_type=\"widget\" data-e-type=\"widget\" data-widget_type=\"button.default\">\n\t\t\t\t<div class=\"elementor-widget-container\">\n\t\t\t\t\t\t\t\t\t<div class=\"elementor-button-wrapper\">\n\t\t\t\t\t<a class=\"elementor-button elementor-button-link elementor-size-sm\" href=\"http:\/\/pdelaire.com.ni\/wp-content\/uploads\/2025\/09\/07_V03_Nitrogeno-liquido-LIN.pdf\">\n\t\t\t\t\t\t<span class=\"elementor-button-content-wrapper\">\n\t\t\t\t\t\t\t\t\t<span class=\"elementor-button-text\">Descargar<\/span>\n\t\t\t\t\t<\/span>\n\t\t\t\t\t<\/a>\n\t\t\t\t<\/div>\n\t\t\t\t\t\t\t\t<\/div>\n\t\t\t\t<\/div>\n\t\t\t\t<\/div>\n\t\t<div class=\"elementor-element elementor-element-6595a4b e-con-full e-flex e-con e-child\" data-id=\"6595a4b\" data-element_type=\"container\" data-e-type=\"container\">\n\t\t\t\t<div class=\"elementor-element elementor-element-764a7d5 elementor-widget elementor-widget-heading\" data-id=\"764a7d5\" data-element_type=\"widget\" data-e-type=\"widget\" data-widget_type=\"heading.default\">\n\t\t\t\t<div class=\"elementor-widget-container\">\n\t\t\t\t\t<h5 class=\"elementor-heading-title elementor-size-default\">Hoja de Seguridad <br>(Nitr\u00f3geno Gaseoso)<\/h5>\t\t\t\t<\/div>\n\t\t\t\t<\/div>\n\t\t\t\t<div class=\"elementor-element elementor-element-0abe843 elementor-align-center elementor-widget elementor-widget-button\" data-id=\"0abe843\" data-element_type=\"widget\" data-e-type=\"widget\" data-widget_type=\"button.default\">\n\t\t\t\t<div class=\"elementor-widget-container\">\n\t\t\t\t\t\t\t\t\t<div class=\"elementor-button-wrapper\">\n\t\t\t\t\t<a class=\"elementor-button elementor-button-link elementor-size-sm\" href=\"http:\/\/pdelaire.com.ni\/wp-content\/uploads\/2025\/09\/08_V03_Nitrogeno-gas.pdf\">\n\t\t\t\t\t\t<span class=\"elementor-button-content-wrapper\">\n\t\t\t\t\t\t\t\t\t<span class=\"elementor-button-text\">Descargar<\/span>\n\t\t\t\t\t<\/span>\n\t\t\t\t\t<\/a>\n\t\t\t\t<\/div>\n\t\t\t\t\t\t\t\t<\/div>\n\t\t\t\t<\/div>\n\t\t\t\t<\/div>\n\t\t\t\t<\/div>\n\t\t\t\t\t<\/div>\n\t\t\t\t<\/div>\n\t\t\t\t<\/div>\n\t\t","protected":false},"excerpt":{"rendered":"<p>Consulta por nuestra variedad de tama\u00f1os. Informaci\u00f3n S\u00edmbolo:N\u2082Color de Identificaci\u00f3n del Cilindro:AmarilloN\u00famero de identificaci\u00f3n de las Naciones Unidas:UN 1066 (gas comprimido)UN 1977 (l\u00edquido refrigerado) Descripci\u00f3n El nitr\u00f3geno es el mayor componente de nuestra atm\u00f3sfera (78% en volumen, 75.5% en peso). Es un gas incoloro, inodoro y sin sabor, no t\u00f3xico y casi totalmente inerte. A [&hellip;]<\/p>\n","protected":false},"author":1,"featured_media":0,"parent":211,"menu_order":0,"comment_status":"closed","ping_status":"closed","template":"","meta":{"inline_featured_image":false,"footnotes":""},"class_list":["post-9054","page","type-page","status-publish","hentry"],"_links":{"self":[{"href":"http:\/\/pdelaire.com.ni\/index.php\/wp-json\/wp\/v2\/pages\/9054","targetHints":{"allow":["GET"]}}],"collection":[{"href":"http:\/\/pdelaire.com.ni\/index.php\/wp-json\/wp\/v2\/pages"}],"about":[{"href":"http:\/\/pdelaire.com.ni\/index.php\/wp-json\/wp\/v2\/types\/page"}],"author":[{"embeddable":true,"href":"http:\/\/pdelaire.com.ni\/index.php\/wp-json\/wp\/v2\/users\/1"}],"replies":[{"embeddable":true,"href":"http:\/\/pdelaire.com.ni\/index.php\/wp-json\/wp\/v2\/comments?post=9054"}],"version-history":[{"count":28,"href":"http:\/\/pdelaire.com.ni\/index.php\/wp-json\/wp\/v2\/pages\/9054\/revisions"}],"predecessor-version":[{"id":10174,"href":"http:\/\/pdelaire.com.ni\/index.php\/wp-json\/wp\/v2\/pages\/9054\/revisions\/10174"}],"up":[{"embeddable":true,"href":"http:\/\/pdelaire.com.ni\/index.php\/wp-json\/wp\/v2\/pages\/211"}],"wp:attachment":[{"href":"http:\/\/pdelaire.com.ni\/index.php\/wp-json\/wp\/v2\/media?parent=9054"}],"curies":[{"name":"wp","href":"https:\/\/api.w.org\/{rel}","templated":true}]}}