{"id":9044,"date":"2025-09-14T15:41:27","date_gmt":"2025-09-14T21:41:27","guid":{"rendered":"http:\/\/pdelaire.com.ni\/?page_id=9044"},"modified":"2025-10-15T17:30:00","modified_gmt":"2025-10-15T23:30:00","slug":"aire-comprimido-industrial","status":"publish","type":"page","link":"http:\/\/pdelaire.com.ni\/index.php\/lineas-de-gases\/aire-comprimido-industrial\/","title":{"rendered":"Aire Comprimido industrial"},"content":{"rendered":"\t\t<div data-elementor-type=\"wp-page\" data-elementor-id=\"9044\" class=\"elementor elementor-9044\" data-elementor-post-type=\"page\">\n\t\t\t\t<div class=\"elementor-element elementor-element-c235a26 e-con-full e-flex e-con e-parent\" data-id=\"c235a26\" data-element_type=\"container\" data-e-type=\"container\" data-settings=\"{&quot;background_background&quot;:&quot;classic&quot;}\">\n\t\t\t\t<div class=\"elementor-element elementor-element-2cdccbd elementor-hidden-mobile elementor-widget elementor-widget-image\" data-id=\"2cdccbd\" data-element_type=\"widget\" data-e-type=\"widget\" data-widget_type=\"image.default\">\n\t\t\t\t<div class=\"elementor-widget-container\">\n\t\t\t\t\t\t\t\t\t\t\t\t\t\t\t<img fetchpriority=\"high\" decoding=\"async\" width=\"6400\" height=\"2559\" src=\"http:\/\/pdelaire.com.ni\/wp-content\/uploads\/2025\/01\/AIRE-COMPRIMIDO-INDUSTRIAL-FINAL.png\" class=\"attachment-full size-full wp-image-8740\" alt=\"\" srcset=\"http:\/\/pdelaire.com.ni\/wp-content\/uploads\/2025\/01\/AIRE-COMPRIMIDO-INDUSTRIAL-FINAL.png 6400w, http:\/\/pdelaire.com.ni\/wp-content\/uploads\/2025\/01\/AIRE-COMPRIMIDO-INDUSTRIAL-FINAL-300x120.png 300w, http:\/\/pdelaire.com.ni\/wp-content\/uploads\/2025\/01\/AIRE-COMPRIMIDO-INDUSTRIAL-FINAL-1024x409.png 1024w, http:\/\/pdelaire.com.ni\/wp-content\/uploads\/2025\/01\/AIRE-COMPRIMIDO-INDUSTRIAL-FINAL-768x307.png 768w, http:\/\/pdelaire.com.ni\/wp-content\/uploads\/2025\/01\/AIRE-COMPRIMIDO-INDUSTRIAL-FINAL-1536x614.png 1536w, http:\/\/pdelaire.com.ni\/wp-content\/uploads\/2025\/01\/AIRE-COMPRIMIDO-INDUSTRIAL-FINAL-2048x819.png 2048w\" sizes=\"(max-width: 6400px) 100vw, 6400px\" \/>\t\t\t\t\t\t\t\t\t\t\t\t\t\t\t<\/div>\n\t\t\t\t<\/div>\n\t\t\t\t<\/div>\n\t\t<div class=\"elementor-element elementor-element-ad502d4 e-flex e-con-boxed e-con e-parent\" data-id=\"ad502d4\" data-element_type=\"container\" data-e-type=\"container\">\n\t\t\t\t\t<div class=\"e-con-inner\">\n\t\t<div class=\"elementor-element elementor-element-b9d76f5 e-con-full e-flex e-con e-child\" data-id=\"b9d76f5\" data-element_type=\"container\" data-e-type=\"container\">\n\t\t\t\t<div class=\"elementor-element elementor-element-f2aa83c elementor-widget elementor-widget-image\" data-id=\"f2aa83c\" data-element_type=\"widget\" data-e-type=\"widget\" data-widget_type=\"image.default\">\n\t\t\t\t<div class=\"elementor-widget-container\">\n\t\t\t\t\t\t\t\t\t\t\t\t\t\t\t<img decoding=\"async\" width=\"640\" height=\"2560\" src=\"http:\/\/pdelaire.com.ni\/wp-content\/uploads\/2025\/09\/cilindro-rsc-29-scaled.png\" class=\"attachment-full size-full wp-image-9047\" alt=\"\" srcset=\"http:\/\/pdelaire.com.ni\/wp-content\/uploads\/2025\/09\/cilindro-rsc-29-scaled.png 640w, http:\/\/pdelaire.com.ni\/wp-content\/uploads\/2025\/09\/cilindro-rsc-29-75x300.png 75w, http:\/\/pdelaire.com.ni\/wp-content\/uploads\/2025\/09\/cilindro-rsc-29-256x1024.png 256w, http:\/\/pdelaire.com.ni\/wp-content\/uploads\/2025\/09\/cilindro-rsc-29-768x3073.png 768w, http:\/\/pdelaire.com.ni\/wp-content\/uploads\/2025\/09\/cilindro-rsc-29-384x1536.png 384w, http:\/\/pdelaire.com.ni\/wp-content\/uploads\/2025\/09\/cilindro-rsc-29-512x2048.png 512w\" sizes=\"(max-width: 640px) 100vw, 640px\" \/>\t\t\t\t\t\t\t\t\t\t\t\t\t\t\t<\/div>\n\t\t\t\t<\/div>\n\t\t\t\t<div class=\"elementor-element elementor-element-bfff4de elementor-align-center elementor-hidden-tablet elementor-hidden-mobile elementor-widget elementor-widget-button\" data-id=\"bfff4de\" data-element_type=\"widget\" data-e-type=\"widget\" data-widget_type=\"button.default\">\n\t\t\t\t<div class=\"elementor-widget-container\">\n\t\t\t\t\t\t\t\t\t<div class=\"elementor-button-wrapper\">\n\t\t\t\t\t<a class=\"elementor-button elementor-button-link elementor-size-sm\" href=\"http:\/\/pdelaire.com.ni\/index.php\/contacto\/\">\n\t\t\t\t\t\t<span class=\"elementor-button-content-wrapper\">\n\t\t\t\t\t\t\t\t\t<span class=\"elementor-button-text\">Consulta por nuestra variedad de tama\u00f1os.<\/span>\n\t\t\t\t\t<\/span>\n\t\t\t\t\t<\/a>\n\t\t\t\t<\/div>\n\t\t\t\t\t\t\t\t<\/div>\n\t\t\t\t<\/div>\n\t\t\t\t<\/div>\n\t\t<div class=\"elementor-element elementor-element-7c8ae7f e-con-full e-flex e-con e-child\" data-id=\"7c8ae7f\" data-element_type=\"container\" data-e-type=\"container\">\n\t\t\t\t<div class=\"elementor-element elementor-element-f864479 elementor-widget elementor-widget-heading\" data-id=\"f864479\" data-element_type=\"widget\" data-e-type=\"widget\" data-widget_type=\"heading.default\">\n\t\t\t\t<div class=\"elementor-widget-container\">\n\t\t\t\t\t<h3 class=\"elementor-heading-title elementor-size-default\">Informaci\u00f3n<\/h3>\t\t\t\t<\/div>\n\t\t\t\t<\/div>\n\t\t\t\t<div class=\"elementor-element elementor-element-e32508c elementor-invisible elementor-widget elementor-widget-text-editor\" data-id=\"e32508c\" data-element_type=\"widget\" data-e-type=\"widget\" data-settings=\"{&quot;_animation&quot;:&quot;fadeIn&quot;}\" data-widget_type=\"text-editor.default\">\n\t\t\t\t<div class=\"elementor-widget-container\">\n\t\t\t\t\t\t\t\t\t<p><strong>S\u00edmbolo:<br \/><\/strong>&#8212;<br \/><strong>Color de Identificaci\u00f3n del Cilindro:<\/strong><br \/>Gris y blanco<br \/><strong>N\u00famero de identificaci\u00f3n de las Naciones Unidas:<\/strong><br \/>UN 1002 (gas comprimido)<br \/>UN 1073 (l\u00edquido refrigerado)<\/p>\t\t\t\t\t\t\t\t<\/div>\n\t\t\t\t<\/div>\n\t\t\t\t<\/div>\n\t\t<div class=\"elementor-element elementor-element-795874c e-con-full e-flex e-con e-child\" data-id=\"795874c\" data-element_type=\"container\" data-e-type=\"container\">\n\t\t\t\t<div class=\"elementor-element elementor-element-5b44698 elementor-widget elementor-widget-heading\" data-id=\"5b44698\" data-element_type=\"widget\" data-e-type=\"widget\" data-widget_type=\"heading.default\">\n\t\t\t\t<div class=\"elementor-widget-container\">\n\t\t\t\t\t<h3 class=\"elementor-heading-title elementor-size-default\">Descripci\u00f3n<\/h3>\t\t\t\t<\/div>\n\t\t\t\t<\/div>\n\t\t\t\t<div class=\"elementor-element elementor-element-17fab86 elementor-widget-tablet__width-inherit elementor-widget elementor-widget-text-editor\" data-id=\"17fab86\" data-element_type=\"widget\" data-e-type=\"widget\" data-widget_type=\"text-editor.default\">\n\t\t\t\t<div class=\"elementor-widget-container\">\n\t\t\t\t\t\t\t\t\t<p>El aire conforma la atm\u00f3sfera terrestre; es una mezcla de gases transparentes, que no tienen olor ni sabor. La composici\u00f3n de la mezcla es relativamente constante. El aire no es inflamable ni corrosivo.<\/p><p>El aire l\u00edquido es transparente con un leve matiz azulado y con un tinte lechoso cuando contiene Di\u00f3xido de Carbono. En general, las propiedades qu\u00edmicas del aire (oxidantes, comburentes) corresponden a las del Ox\u00edgeno, su componente m\u00e1s activo.<\/p>\t\t\t\t\t\t\t\t<\/div>\n\t\t\t\t<\/div>\n\t\t\t\t<\/div>\n\t\t<div class=\"elementor-element elementor-element-3aeb20e e-con-full e-flex e-con e-child\" data-id=\"3aeb20e\" data-element_type=\"container\" data-e-type=\"container\">\n\t\t\t\t<div class=\"elementor-element elementor-element-b552893 elementor-widget elementor-widget-heading\" data-id=\"b552893\" data-element_type=\"widget\" data-e-type=\"widget\" data-widget_type=\"heading.default\">\n\t\t\t\t<div class=\"elementor-widget-container\">\n\t\t\t\t\t<h3 class=\"elementor-heading-title elementor-size-default\">Uso<\/h3>\t\t\t\t<\/div>\n\t\t\t\t<\/div>\n\t\t\t\t<div class=\"elementor-element elementor-element-8cb2240 elementor-widget-tablet__width-inherit elementor-widget elementor-widget-text-editor\" data-id=\"8cb2240\" data-element_type=\"widget\" data-e-type=\"widget\" data-widget_type=\"text-editor.default\">\n\t\t\t\t<div class=\"elementor-widget-container\">\n\t\t\t\t\t\t\t\t\t<ul><li>Fuente de presi\u00f3n para equipos neum\u00e1ticos.<\/li><\/ul>\t\t\t\t\t\t\t\t<\/div>\n\t\t\t\t<\/div>\n\t\t\t\t<\/div>\n\t\t\t\t\t<\/div>\n\t\t\t\t<\/div>\n\t\t<div class=\"elementor-element elementor-element-62aca8a e-flex e-con-boxed e-con e-parent\" data-id=\"62aca8a\" data-element_type=\"container\" data-e-type=\"container\">\n\t\t\t\t\t<div class=\"e-con-inner\">\n\t\t\t\t<div class=\"elementor-element elementor-element-4e29572 elementor-align-center elementor-hidden-desktop elementor-widget elementor-widget-button\" data-id=\"4e29572\" data-element_type=\"widget\" data-e-type=\"widget\" data-widget_type=\"button.default\">\n\t\t\t\t<div class=\"elementor-widget-container\">\n\t\t\t\t\t\t\t\t\t<div class=\"elementor-button-wrapper\">\n\t\t\t\t\t<a class=\"elementor-button elementor-button-link elementor-size-sm\" href=\"http:\/\/pdelaire.com.ni\/index.php\/contacto\/\">\n\t\t\t\t\t\t<span class=\"elementor-button-content-wrapper\">\n\t\t\t\t\t\t\t\t\t<span class=\"elementor-button-text\">Consulta por nuestra variedad de tama\u00f1os<\/span>\n\t\t\t\t\t<\/span>\n\t\t\t\t\t<\/a>\n\t\t\t\t<\/div>\n\t\t\t\t\t\t\t\t<\/div>\n\t\t\t\t<\/div>\n\t\t\t\t\t<\/div>\n\t\t\t\t<\/div>\n\t\t<div class=\"elementor-element elementor-element-863537f e-flex e-con-boxed e-con e-parent\" data-id=\"863537f\" data-element_type=\"container\" data-e-type=\"container\">\n\t\t\t\t\t<div class=\"e-con-inner\">\n\t\t\t\t<div class=\"elementor-element elementor-element-0217e36 elementor-widget elementor-widget-heading\" data-id=\"0217e36\" data-element_type=\"widget\" data-e-type=\"widget\" data-widget_type=\"heading.default\">\n\t\t\t\t<div class=\"elementor-widget-container\">\n\t\t\t\t\t<h5 class=\"elementor-heading-title elementor-size-default\">Hoja de seguridad<\/h5>\t\t\t\t<\/div>\n\t\t\t\t<\/div>\n\t\t\t\t<div class=\"elementor-element elementor-element-f73e98e elementor-align-center elementor-widget elementor-widget-button\" data-id=\"f73e98e\" data-element_type=\"widget\" data-e-type=\"widget\" data-widget_type=\"button.default\">\n\t\t\t\t<div class=\"elementor-widget-container\">\n\t\t\t\t\t\t\t\t\t<div class=\"elementor-button-wrapper\">\n\t\t\t\t\t<a class=\"elementor-button elementor-button-link elementor-size-sm\" href=\"http:\/\/pdelaire.com.ni\/wp-content\/uploads\/2025\/09\/02_V03_Aire-Comprimido-1.pdf\">\n\t\t\t\t\t\t<span class=\"elementor-button-content-wrapper\">\n\t\t\t\t\t\t\t\t\t<span class=\"elementor-button-text\">Descargar<\/span>\n\t\t\t\t\t<\/span>\n\t\t\t\t\t<\/a>\n\t\t\t\t<\/div>\n\t\t\t\t\t\t\t\t<\/div>\n\t\t\t\t<\/div>\n\t\t\t\t\t<\/div>\n\t\t\t\t<\/div>\n\t\t\t\t<\/div>\n\t\t","protected":false},"excerpt":{"rendered":"<p>Consulta por nuestra variedad de tama\u00f1os. Informaci\u00f3n S\u00edmbolo:&#8212;Color de Identificaci\u00f3n del Cilindro:Gris y blancoN\u00famero de identificaci\u00f3n de las Naciones Unidas:UN 1002 (gas comprimido)UN 1073 (l\u00edquido refrigerado) Descripci\u00f3n El aire conforma la atm\u00f3sfera terrestre; es una mezcla de gases transparentes, que no tienen olor ni sabor. La composici\u00f3n de la mezcla es relativamente constante. El aire [&hellip;]<\/p>\n","protected":false},"author":1,"featured_media":0,"parent":211,"menu_order":0,"comment_status":"closed","ping_status":"closed","template":"","meta":{"inline_featured_image":false,"footnotes":""},"class_list":["post-9044","page","type-page","status-publish","hentry"],"_links":{"self":[{"href":"http:\/\/pdelaire.com.ni\/index.php\/wp-json\/wp\/v2\/pages\/9044","targetHints":{"allow":["GET"]}}],"collection":[{"href":"http:\/\/pdelaire.com.ni\/index.php\/wp-json\/wp\/v2\/pages"}],"about":[{"href":"http:\/\/pdelaire.com.ni\/index.php\/wp-json\/wp\/v2\/types\/page"}],"author":[{"embeddable":true,"href":"http:\/\/pdelaire.com.ni\/index.php\/wp-json\/wp\/v2\/users\/1"}],"replies":[{"embeddable":true,"href":"http:\/\/pdelaire.com.ni\/index.php\/wp-json\/wp\/v2\/comments?post=9044"}],"version-history":[{"count":30,"href":"http:\/\/pdelaire.com.ni\/index.php\/wp-json\/wp\/v2\/pages\/9044\/revisions"}],"predecessor-version":[{"id":10216,"href":"http:\/\/pdelaire.com.ni\/index.php\/wp-json\/wp\/v2\/pages\/9044\/revisions\/10216"}],"up":[{"embeddable":true,"href":"http:\/\/pdelaire.com.ni\/index.php\/wp-json\/wp\/v2\/pages\/211"}],"wp:attachment":[{"href":"http:\/\/pdelaire.com.ni\/index.php\/wp-json\/wp\/v2\/media?parent=9044"}],"curies":[{"name":"wp","href":"https:\/\/api.w.org\/{rel}","templated":true}]}}