{"id":9036,"date":"2025-09-14T15:33:13","date_gmt":"2025-09-14T21:33:13","guid":{"rendered":"http:\/\/pdelaire.com.ni\/?page_id=9036"},"modified":"2025-10-15T17:29:35","modified_gmt":"2025-10-15T23:29:35","slug":"oxigeno-industrial-o","status":"publish","type":"page","link":"http:\/\/pdelaire.com.ni\/index.php\/lineas-de-gases\/oxigeno-industrial-o\/","title":{"rendered":"Ox\u00edgeno Industrial O"},"content":{"rendered":"\t\t<div data-elementor-type=\"wp-page\" data-elementor-id=\"9036\" class=\"elementor elementor-9036\" data-elementor-post-type=\"page\">\n\t\t\t\t<div class=\"elementor-element elementor-element-cd351aa e-con-full e-flex e-con e-parent\" data-id=\"cd351aa\" data-element_type=\"container\" data-e-type=\"container\" data-settings=\"{&quot;background_background&quot;:&quot;classic&quot;}\">\n\t\t\t\t<div class=\"elementor-element elementor-element-426e8c0 elementor-hidden-mobile elementor-widget elementor-widget-image\" data-id=\"426e8c0\" data-element_type=\"widget\" data-e-type=\"widget\" data-widget_type=\"image.default\">\n\t\t\t\t<div class=\"elementor-widget-container\">\n\t\t\t\t\t\t\t\t\t\t\t\t\t\t\t<img fetchpriority=\"high\" decoding=\"async\" width=\"4096\" height=\"1634\" src=\"http:\/\/pdelaire.com.ni\/wp-content\/uploads\/2024\/12\/OXIGENO-INDUSTRIAL_Mesa-de-trabajo-1-2048x819-face-new.png\" class=\"attachment-full size-full wp-image-8261\" alt=\"\" srcset=\"http:\/\/pdelaire.com.ni\/wp-content\/uploads\/2024\/12\/OXIGENO-INDUSTRIAL_Mesa-de-trabajo-1-2048x819-face-new.png 4096w, http:\/\/pdelaire.com.ni\/wp-content\/uploads\/2024\/12\/OXIGENO-INDUSTRIAL_Mesa-de-trabajo-1-2048x819-face-new-300x120.png 300w, http:\/\/pdelaire.com.ni\/wp-content\/uploads\/2024\/12\/OXIGENO-INDUSTRIAL_Mesa-de-trabajo-1-2048x819-face-new-1024x409.png 1024w, http:\/\/pdelaire.com.ni\/wp-content\/uploads\/2024\/12\/OXIGENO-INDUSTRIAL_Mesa-de-trabajo-1-2048x819-face-new-768x306.png 768w, http:\/\/pdelaire.com.ni\/wp-content\/uploads\/2024\/12\/OXIGENO-INDUSTRIAL_Mesa-de-trabajo-1-2048x819-face-new-1536x613.png 1536w, http:\/\/pdelaire.com.ni\/wp-content\/uploads\/2024\/12\/OXIGENO-INDUSTRIAL_Mesa-de-trabajo-1-2048x819-face-new-2048x817.png 2048w\" sizes=\"(max-width: 4096px) 100vw, 4096px\" \/>\t\t\t\t\t\t\t\t\t\t\t\t\t\t\t<\/div>\n\t\t\t\t<\/div>\n\t\t\t\t<\/div>\n\t\t<div class=\"elementor-element elementor-element-525ea7f e-flex e-con-boxed e-con e-parent\" data-id=\"525ea7f\" data-element_type=\"container\" data-e-type=\"container\">\n\t\t\t\t\t<div class=\"e-con-inner\">\n\t\t<div class=\"elementor-element elementor-element-6697ba7 e-con-full e-flex e-con e-child\" data-id=\"6697ba7\" data-element_type=\"container\" data-e-type=\"container\">\n\t\t\t\t<div class=\"elementor-element elementor-element-5df6a6d elementor-widget elementor-widget-image\" data-id=\"5df6a6d\" data-element_type=\"widget\" data-e-type=\"widget\" data-widget_type=\"image.default\">\n\t\t\t\t<div class=\"elementor-widget-container\">\n\t\t\t\t\t\t\t\t\t\t\t\t\t\t\t<img decoding=\"async\" width=\"64\" height=\"300\" src=\"http:\/\/pdelaire.com.ni\/wp-content\/uploads\/2025\/09\/OXIGENO-INDUSTRIAL-64x300.png\" class=\"attachment-medium size-medium wp-image-9039\" alt=\"\" srcset=\"http:\/\/pdelaire.com.ni\/wp-content\/uploads\/2025\/09\/OXIGENO-INDUSTRIAL-64x300.png 64w, http:\/\/pdelaire.com.ni\/wp-content\/uploads\/2025\/09\/OXIGENO-INDUSTRIAL-218x1024.png 218w, http:\/\/pdelaire.com.ni\/wp-content\/uploads\/2025\/09\/OXIGENO-INDUSTRIAL-768x3600.png 768w, http:\/\/pdelaire.com.ni\/wp-content\/uploads\/2025\/09\/OXIGENO-INDUSTRIAL-328x1536.png 328w, http:\/\/pdelaire.com.ni\/wp-content\/uploads\/2025\/09\/OXIGENO-INDUSTRIAL-437x2048.png 437w, http:\/\/pdelaire.com.ni\/wp-content\/uploads\/2025\/09\/OXIGENO-INDUSTRIAL-scaled.png 546w\" sizes=\"(max-width: 64px) 100vw, 64px\" \/>\t\t\t\t\t\t\t\t\t\t\t\t\t\t\t<\/div>\n\t\t\t\t<\/div>\n\t\t\t\t<div class=\"elementor-element elementor-element-1a99705 elementor-align-center elementor-hidden-tablet elementor-hidden-mobile elementor-widget elementor-widget-button\" data-id=\"1a99705\" data-element_type=\"widget\" data-e-type=\"widget\" data-widget_type=\"button.default\">\n\t\t\t\t<div class=\"elementor-widget-container\">\n\t\t\t\t\t\t\t\t\t<div class=\"elementor-button-wrapper\">\n\t\t\t\t\t<a class=\"elementor-button elementor-button-link elementor-size-sm\" href=\"http:\/\/pdelaire.com.ni\/index.php\/contacto\/\">\n\t\t\t\t\t\t<span class=\"elementor-button-content-wrapper\">\n\t\t\t\t\t\t\t\t\t<span class=\"elementor-button-text\">Consulta por nuestra variedad de tama\u00f1os.<\/span>\n\t\t\t\t\t<\/span>\n\t\t\t\t\t<\/a>\n\t\t\t\t<\/div>\n\t\t\t\t\t\t\t\t<\/div>\n\t\t\t\t<\/div>\n\t\t\t\t<\/div>\n\t\t<div class=\"elementor-element elementor-element-83e1a81 e-con-full e-flex e-con e-child\" data-id=\"83e1a81\" data-element_type=\"container\" data-e-type=\"container\">\n\t\t\t\t<div class=\"elementor-element elementor-element-279ead7 elementor-widget elementor-widget-heading\" data-id=\"279ead7\" data-element_type=\"widget\" data-e-type=\"widget\" data-widget_type=\"heading.default\">\n\t\t\t\t<div class=\"elementor-widget-container\">\n\t\t\t\t\t<h3 class=\"elementor-heading-title elementor-size-default\">Informaci\u00f3n<\/h3>\t\t\t\t<\/div>\n\t\t\t\t<\/div>\n\t\t\t\t<div class=\"elementor-element elementor-element-9488b46 elementor-invisible elementor-widget elementor-widget-text-editor\" data-id=\"9488b46\" data-element_type=\"widget\" data-e-type=\"widget\" data-settings=\"{&quot;_animation&quot;:&quot;fadeIn&quot;}\" data-widget_type=\"text-editor.default\">\n\t\t\t\t<div class=\"elementor-widget-container\">\n\t\t\t\t\t\t\t\t\t<p><strong>S\u00edmbolo:<br \/><\/strong>O\u2082<br \/><strong>Color de Identificaci\u00f3n del Cilindro:<\/strong><br \/>Verde<br \/><strong>N\u00famero de identificaci\u00f3n de las Naciones Unidas:<\/strong><br \/>UN 1072 (gas comprimido)<br \/>UN 1073 (l\u00edquido refrigerado)<\/p>\t\t\t\t\t\t\t\t<\/div>\n\t\t\t\t<\/div>\n\t\t\t\t<\/div>\n\t\t<div class=\"elementor-element elementor-element-a2b0602 e-con-full e-flex e-con e-child\" data-id=\"a2b0602\" data-element_type=\"container\" data-e-type=\"container\">\n\t\t\t\t<div class=\"elementor-element elementor-element-97d1dd4 elementor-widget elementor-widget-heading\" data-id=\"97d1dd4\" data-element_type=\"widget\" data-e-type=\"widget\" data-widget_type=\"heading.default\">\n\t\t\t\t<div class=\"elementor-widget-container\">\n\t\t\t\t\t<h3 class=\"elementor-heading-title elementor-size-default\">Descripci\u00f3n<\/h3>\t\t\t\t<\/div>\n\t\t\t\t<\/div>\n\t\t\t\t<div class=\"elementor-element elementor-element-fed6939 elementor-widget-tablet__width-inherit elementor-widget elementor-widget-text-editor\" data-id=\"fed6939\" data-element_type=\"widget\" data-e-type=\"widget\" data-widget_type=\"text-editor.default\">\n\t\t\t\t<div class=\"elementor-widget-container\">\n\t\t\t\t\t\t\t\t\t<p>El Ox\u00edgeno es el gas que hace posible la vida y es indispensable para la combusti\u00f3n, constituye m\u00e1s de un quinto de la atm\u00f3sfera (21% en volumen, 23% en peso). Este gas es incoloro, inodoro y no tiene sabor. A presi\u00f3n atmosf\u00e9rica y temperaturas inferiores a \u2013183\u00baC, es un l\u00edquido ligeramente azulado, un poco m\u00e1s pesado que el agua. Todos los elementos (salvo los gases inertes) se combinan directamente con \u00e9l, usualmente para formar \u00f3xidos, reacci\u00f3n que var\u00eda en intensidad con la temperatura.<\/p>\t\t\t\t\t\t\t\t<\/div>\n\t\t\t\t<\/div>\n\t\t\t\t<\/div>\n\t\t<div class=\"elementor-element elementor-element-5906946 e-con-full e-flex e-con e-child\" data-id=\"5906946\" data-element_type=\"container\" data-e-type=\"container\">\n\t\t\t\t<div class=\"elementor-element elementor-element-f0a19ea elementor-widget elementor-widget-heading\" data-id=\"f0a19ea\" data-element_type=\"widget\" data-e-type=\"widget\" data-widget_type=\"heading.default\">\n\t\t\t\t<div class=\"elementor-widget-container\">\n\t\t\t\t\t<h3 class=\"elementor-heading-title elementor-size-default\">Uso<\/h3>\t\t\t\t<\/div>\n\t\t\t\t<\/div>\n\t\t\t\t<div class=\"elementor-element elementor-element-28b4410 elementor-widget-tablet__width-inherit elementor-widget elementor-widget-text-editor\" data-id=\"28b4410\" data-element_type=\"widget\" data-e-type=\"widget\" data-widget_type=\"text-editor.default\">\n\t\t\t\t<div class=\"elementor-widget-container\">\n\t\t\t\t\t\t\t\t\t<ul><li>En mezcla con Acetileno es utilizado en soldadura oxiacetil\u00e9nica.<\/li><\/ul>\t\t\t\t\t\t\t\t<\/div>\n\t\t\t\t<\/div>\n\t\t\t\t<\/div>\n\t\t\t\t\t<\/div>\n\t\t\t\t<\/div>\n\t\t<div class=\"elementor-element elementor-element-1eaa5cd e-flex e-con-boxed e-con e-parent\" data-id=\"1eaa5cd\" data-element_type=\"container\" data-e-type=\"container\">\n\t\t\t\t\t<div class=\"e-con-inner\">\n\t\t\t\t<div class=\"elementor-element elementor-element-0b2e0e9 elementor-align-center elementor-hidden-desktop elementor-widget elementor-widget-button\" data-id=\"0b2e0e9\" data-element_type=\"widget\" data-e-type=\"widget\" data-widget_type=\"button.default\">\n\t\t\t\t<div class=\"elementor-widget-container\">\n\t\t\t\t\t\t\t\t\t<div class=\"elementor-button-wrapper\">\n\t\t\t\t\t<a class=\"elementor-button elementor-button-link elementor-size-sm\" href=\"http:\/\/pdelaire.com.ni\/index.php\/contacto\/\">\n\t\t\t\t\t\t<span class=\"elementor-button-content-wrapper\">\n\t\t\t\t\t\t\t\t\t<span class=\"elementor-button-text\">Consulta por nuestra variedad de tama\u00f1os<\/span>\n\t\t\t\t\t<\/span>\n\t\t\t\t\t<\/a>\n\t\t\t\t<\/div>\n\t\t\t\t\t\t\t\t<\/div>\n\t\t\t\t<\/div>\n\t\t\t\t\t<\/div>\n\t\t\t\t<\/div>\n\t\t<div class=\"elementor-element elementor-element-f5d587f e-flex e-con-boxed e-con e-parent\" data-id=\"f5d587f\" data-element_type=\"container\" data-e-type=\"container\">\n\t\t\t\t\t<div class=\"e-con-inner\">\n\t\t\t\t<div class=\"elementor-element elementor-element-2b9c31b elementor-widget elementor-widget-heading\" data-id=\"2b9c31b\" data-element_type=\"widget\" data-e-type=\"widget\" data-widget_type=\"heading.default\">\n\t\t\t\t<div class=\"elementor-widget-container\">\n\t\t\t\t\t<h5 class=\"elementor-heading-title elementor-size-default\">Hoja de seguridad<\/h5>\t\t\t\t<\/div>\n\t\t\t\t<\/div>\n\t\t\t\t<div class=\"elementor-element elementor-element-aa2944e elementor-align-center elementor-widget elementor-widget-button\" data-id=\"aa2944e\" data-element_type=\"widget\" data-e-type=\"widget\" data-widget_type=\"button.default\">\n\t\t\t\t<div class=\"elementor-widget-container\">\n\t\t\t\t\t\t\t\t\t<div class=\"elementor-button-wrapper\">\n\t\t\t\t\t<a class=\"elementor-button elementor-button-link elementor-size-sm\" href=\"http:\/\/pdelaire.com.ni\/wp-content\/uploads\/2025\/09\/10_V03_Oxigeno-gas-1.pdf\">\n\t\t\t\t\t\t<span class=\"elementor-button-content-wrapper\">\n\t\t\t\t\t\t\t\t\t<span class=\"elementor-button-text\">Descargar<\/span>\n\t\t\t\t\t<\/span>\n\t\t\t\t\t<\/a>\n\t\t\t\t<\/div>\n\t\t\t\t\t\t\t\t<\/div>\n\t\t\t\t<\/div>\n\t\t\t\t\t<\/div>\n\t\t\t\t<\/div>\n\t\t\t\t<\/div>\n\t\t","protected":false},"excerpt":{"rendered":"<p>Consulta por nuestra variedad de tama\u00f1os. Informaci\u00f3n S\u00edmbolo:O\u2082Color de Identificaci\u00f3n del Cilindro:VerdeN\u00famero de identificaci\u00f3n de las Naciones Unidas:UN 1072 (gas comprimido)UN 1073 (l\u00edquido refrigerado) Descripci\u00f3n El Ox\u00edgeno es el gas que hace posible la vida y es indispensable para la combusti\u00f3n, constituye m\u00e1s de un quinto de la atm\u00f3sfera (21% en volumen, 23% en peso). [&hellip;]<\/p>\n","protected":false},"author":1,"featured_media":0,"parent":211,"menu_order":0,"comment_status":"closed","ping_status":"closed","template":"","meta":{"inline_featured_image":false,"footnotes":""},"class_list":["post-9036","page","type-page","status-publish","hentry"],"_links":{"self":[{"href":"http:\/\/pdelaire.com.ni\/index.php\/wp-json\/wp\/v2\/pages\/9036","targetHints":{"allow":["GET"]}}],"collection":[{"href":"http:\/\/pdelaire.com.ni\/index.php\/wp-json\/wp\/v2\/pages"}],"about":[{"href":"http:\/\/pdelaire.com.ni\/index.php\/wp-json\/wp\/v2\/types\/page"}],"author":[{"embeddable":true,"href":"http:\/\/pdelaire.com.ni\/index.php\/wp-json\/wp\/v2\/users\/1"}],"replies":[{"embeddable":true,"href":"http:\/\/pdelaire.com.ni\/index.php\/wp-json\/wp\/v2\/comments?post=9036"}],"version-history":[{"count":25,"href":"http:\/\/pdelaire.com.ni\/index.php\/wp-json\/wp\/v2\/pages\/9036\/revisions"}],"predecessor-version":[{"id":10213,"href":"http:\/\/pdelaire.com.ni\/index.php\/wp-json\/wp\/v2\/pages\/9036\/revisions\/10213"}],"up":[{"embeddable":true,"href":"http:\/\/pdelaire.com.ni\/index.php\/wp-json\/wp\/v2\/pages\/211"}],"wp:attachment":[{"href":"http:\/\/pdelaire.com.ni\/index.php\/wp-json\/wp\/v2\/media?parent=9036"}],"curies":[{"name":"wp","href":"https:\/\/api.w.org\/{rel}","templated":true}]}}