{"id":9021,"date":"2025-09-14T15:10:01","date_gmt":"2025-09-14T21:10:01","guid":{"rendered":"http:\/\/pdelaire.com.ni\/?page_id=9021"},"modified":"2025-10-15T17:32:55","modified_gmt":"2025-10-15T23:32:55","slug":"dioxido-de-carbono-co","status":"publish","type":"page","link":"http:\/\/pdelaire.com.ni\/index.php\/lineas-de-gases\/dioxido-de-carbono-co\/","title":{"rendered":"Di\u00f3xido de Carbono CO"},"content":{"rendered":"\t\t<div data-elementor-type=\"wp-page\" data-elementor-id=\"9021\" class=\"elementor elementor-9021\" data-elementor-post-type=\"page\">\n\t\t\t\t<div class=\"elementor-element elementor-element-9309df5 e-con-full e-flex e-con e-parent\" data-id=\"9309df5\" data-element_type=\"container\" data-e-type=\"container\" data-settings=\"{&quot;background_background&quot;:&quot;classic&quot;}\">\n\t\t\t\t<div class=\"elementor-element elementor-element-080e834 elementor-hidden-mobile elementor-widget elementor-widget-image\" data-id=\"080e834\" data-element_type=\"widget\" data-e-type=\"widget\" data-widget_type=\"image.default\">\n\t\t\t\t<div class=\"elementor-widget-container\">\n\t\t\t\t\t\t\t\t\t\t\t\t\t\t\t<img fetchpriority=\"high\" decoding=\"async\" width=\"8334\" height=\"3334\" src=\"http:\/\/pdelaire.com.ni\/wp-content\/uploads\/2025\/01\/4-Dioxido-de-Carbono-FINAL.png\" class=\"attachment-full size-full wp-image-8696\" alt=\"\" srcset=\"http:\/\/pdelaire.com.ni\/wp-content\/uploads\/2025\/01\/4-Dioxido-de-Carbono-FINAL.png 8334w, http:\/\/pdelaire.com.ni\/wp-content\/uploads\/2025\/01\/4-Dioxido-de-Carbono-FINAL-300x120.png 300w, http:\/\/pdelaire.com.ni\/wp-content\/uploads\/2025\/01\/4-Dioxido-de-Carbono-FINAL-1024x410.png 1024w, http:\/\/pdelaire.com.ni\/wp-content\/uploads\/2025\/01\/4-Dioxido-de-Carbono-FINAL-768x307.png 768w, http:\/\/pdelaire.com.ni\/wp-content\/uploads\/2025\/01\/4-Dioxido-de-Carbono-FINAL-1536x614.png 1536w, http:\/\/pdelaire.com.ni\/wp-content\/uploads\/2025\/01\/4-Dioxido-de-Carbono-FINAL-2048x819.png 2048w\" sizes=\"(max-width: 8334px) 100vw, 8334px\" \/>\t\t\t\t\t\t\t\t\t\t\t\t\t\t\t<\/div>\n\t\t\t\t<\/div>\n\t\t\t\t<\/div>\n\t\t<div class=\"elementor-element elementor-element-d14adc7 e-flex e-con-boxed e-con e-parent\" data-id=\"d14adc7\" data-element_type=\"container\" data-e-type=\"container\">\n\t\t\t\t\t<div class=\"e-con-inner\">\n\t\t<div class=\"elementor-element elementor-element-bb20b46 e-con-full e-flex e-con e-child\" data-id=\"bb20b46\" data-element_type=\"container\" data-e-type=\"container\">\n\t\t<div class=\"elementor-element elementor-element-6f11ce0 e-con-full e-flex e-con e-child\" data-id=\"6f11ce0\" data-element_type=\"container\" data-e-type=\"container\">\n\t\t\t\t<div class=\"elementor-element elementor-element-c6968bb elementor-widget elementor-widget-image\" data-id=\"c6968bb\" data-element_type=\"widget\" data-e-type=\"widget\" data-widget_type=\"image.default\">\n\t\t\t\t<div class=\"elementor-widget-container\">\n\t\t\t\t\t\t\t\t\t\t\t\t\t\t\t<img decoding=\"async\" width=\"66\" height=\"300\" src=\"http:\/\/pdelaire.com.ni\/wp-content\/uploads\/2025\/09\/DIOXIDO-DE-CARBONO-66x300.png\" class=\"attachment-medium size-medium wp-image-9025\" alt=\"\" srcset=\"http:\/\/pdelaire.com.ni\/wp-content\/uploads\/2025\/09\/DIOXIDO-DE-CARBONO-66x300.png 66w, http:\/\/pdelaire.com.ni\/wp-content\/uploads\/2025\/09\/DIOXIDO-DE-CARBONO-scaled.png 566w\" sizes=\"(max-width: 66px) 100vw, 66px\" \/>\t\t\t\t\t\t\t\t\t\t\t\t\t\t\t<\/div>\n\t\t\t\t<\/div>\n\t\t\t\t<div class=\"elementor-element elementor-element-c27b805 elementor-widget elementor-widget-image\" data-id=\"c27b805\" data-element_type=\"widget\" data-e-type=\"widget\" data-widget_type=\"image.default\">\n\t\t\t\t<div class=\"elementor-widget-container\">\n\t\t\t\t\t\t\t\t\t\t\t\t\t\t\t<img decoding=\"async\" width=\"205\" height=\"300\" src=\"http:\/\/pdelaire.com.ni\/wp-content\/uploads\/2024\/07\/DEWARS-BIOXIDO-DE-CARBONO-205x300.png\" class=\"attachment-medium size-medium wp-image-4973\" alt=\"\" srcset=\"http:\/\/pdelaire.com.ni\/wp-content\/uploads\/2024\/07\/DEWARS-BIOXIDO-DE-CARBONO-205x300.png 205w, http:\/\/pdelaire.com.ni\/wp-content\/uploads\/2024\/07\/DEWARS-BIOXIDO-DE-CARBONO-700x1024.png 700w, http:\/\/pdelaire.com.ni\/wp-content\/uploads\/2024\/07\/DEWARS-BIOXIDO-DE-CARBONO-768x1123.png 768w, http:\/\/pdelaire.com.ni\/wp-content\/uploads\/2024\/07\/DEWARS-BIOXIDO-DE-CARBONO-1051x1536.png 1051w, http:\/\/pdelaire.com.ni\/wp-content\/uploads\/2024\/07\/DEWARS-BIOXIDO-DE-CARBONO.png 1368w\" sizes=\"(max-width: 205px) 100vw, 205px\" \/>\t\t\t\t\t\t\t\t\t\t\t\t\t\t\t<\/div>\n\t\t\t\t<\/div>\n\t\t\t\t<\/div>\n\t\t\t\t<div class=\"elementor-element elementor-element-49f61c9 elementor-align-center elementor-hidden-tablet elementor-hidden-mobile elementor-widget elementor-widget-button\" data-id=\"49f61c9\" data-element_type=\"widget\" data-e-type=\"widget\" data-widget_type=\"button.default\">\n\t\t\t\t<div class=\"elementor-widget-container\">\n\t\t\t\t\t\t\t\t\t<div class=\"elementor-button-wrapper\">\n\t\t\t\t\t<a class=\"elementor-button elementor-button-link elementor-size-sm\" href=\"http:\/\/pdelaire.com.ni\/index.php\/contacto\/\">\n\t\t\t\t\t\t<span class=\"elementor-button-content-wrapper\">\n\t\t\t\t\t\t\t\t\t<span class=\"elementor-button-text\">Consulta por nuestra variedad de tama\u00f1os.<\/span>\n\t\t\t\t\t<\/span>\n\t\t\t\t\t<\/a>\n\t\t\t\t<\/div>\n\t\t\t\t\t\t\t\t<\/div>\n\t\t\t\t<\/div>\n\t\t\t\t<\/div>\n\t\t<div class=\"elementor-element elementor-element-62f365d e-con-full e-flex e-con e-child\" data-id=\"62f365d\" data-element_type=\"container\" data-e-type=\"container\">\n\t\t\t\t<div class=\"elementor-element elementor-element-b8021d2 elementor-widget elementor-widget-heading\" data-id=\"b8021d2\" data-element_type=\"widget\" data-e-type=\"widget\" data-widget_type=\"heading.default\">\n\t\t\t\t<div class=\"elementor-widget-container\">\n\t\t\t\t\t<h3 class=\"elementor-heading-title elementor-size-default\">Informaci\u00f3n<\/h3>\t\t\t\t<\/div>\n\t\t\t\t<\/div>\n\t\t\t\t<div class=\"elementor-element elementor-element-0e9373a elementor-invisible elementor-widget elementor-widget-text-editor\" data-id=\"0e9373a\" data-element_type=\"widget\" data-e-type=\"widget\" data-settings=\"{&quot;_animation&quot;:&quot;fadeIn&quot;}\" data-widget_type=\"text-editor.default\">\n\t\t\t\t<div class=\"elementor-widget-container\">\n\t\t\t\t\t\t\t\t\t<p><strong>S\u00edmbolo:<br \/><\/strong>CO\u2082<br \/><strong>Color de Identificaci\u00f3n del Cilindro:<\/strong><br \/>Anaranjado<br \/><strong>N\u00famero de identificaci\u00f3n de las Naciones Unidas:<\/strong><br \/>UN 1046 (gas comprimido)<br \/>UN 1963 (l\u00edquido criog\u00e9nico)<\/p>\t\t\t\t\t\t\t\t<\/div>\n\t\t\t\t<\/div>\n\t\t\t\t<\/div>\n\t\t<div class=\"elementor-element elementor-element-2f5c7d3 e-con-full e-flex e-con e-child\" data-id=\"2f5c7d3\" data-element_type=\"container\" data-e-type=\"container\">\n\t\t\t\t<div class=\"elementor-element elementor-element-57d362e elementor-widget elementor-widget-heading\" data-id=\"57d362e\" data-element_type=\"widget\" data-e-type=\"widget\" data-widget_type=\"heading.default\">\n\t\t\t\t<div class=\"elementor-widget-container\">\n\t\t\t\t\t<h3 class=\"elementor-heading-title elementor-size-default\">Descripci\u00f3n<\/h3>\t\t\t\t<\/div>\n\t\t\t\t<\/div>\n\t\t\t\t<div class=\"elementor-element elementor-element-1ee9d8c elementor-widget-tablet__width-inherit elementor-widget elementor-widget-text-editor\" data-id=\"1ee9d8c\" data-element_type=\"widget\" data-e-type=\"widget\" data-widget_type=\"text-editor.default\">\n\t\t\t\t<div class=\"elementor-widget-container\">\n\t\t\t\t\t\t\t\t\t<p>El di\u00f3xido de carbono, tambi\u00e9n denominado \u00f3xido de carbono, gas carb\u00f3nico y anh\u00eddrido carb\u00f3nico, es un gas cuyas mol\u00e9culas est\u00e1n compuestas por dos \u00e1tomos de ox\u00edgeno y uno de carbono. Su f\u00f3rmula qu\u00edmica es CO\u2082.<\/p>\t\t\t\t\t\t\t\t<\/div>\n\t\t\t\t<\/div>\n\t\t\t\t<\/div>\n\t\t<div class=\"elementor-element elementor-element-35e8ccf e-con-full e-flex e-con e-child\" data-id=\"35e8ccf\" data-element_type=\"container\" data-e-type=\"container\">\n\t\t\t\t<div class=\"elementor-element elementor-element-abf21f0 elementor-widget elementor-widget-heading\" data-id=\"abf21f0\" data-element_type=\"widget\" data-e-type=\"widget\" data-widget_type=\"heading.default\">\n\t\t\t\t<div class=\"elementor-widget-container\">\n\t\t\t\t\t<h3 class=\"elementor-heading-title elementor-size-default\">Uso<\/h3>\t\t\t\t<\/div>\n\t\t\t\t<\/div>\n\t\t\t\t<div class=\"elementor-element elementor-element-829a643 elementor-widget-tablet__width-inherit elementor-widget elementor-widget-text-editor\" data-id=\"829a643\" data-element_type=\"widget\" data-e-type=\"widget\" data-widget_type=\"text-editor.default\">\n\t\t\t\t<div class=\"elementor-widget-container\">\n\t\t\t\t\t\t\t\t\t<ul><li>En la industria alimentaria, se utiliza en bebidas carbonatadas para darles efervescencia.<\/li><\/ul>\t\t\t\t\t\t\t\t<\/div>\n\t\t\t\t<\/div>\n\t\t\t\t<\/div>\n\t\t\t\t\t<\/div>\n\t\t\t\t<\/div>\n\t\t<div class=\"elementor-element elementor-element-45de6db e-flex e-con-boxed e-con e-parent\" data-id=\"45de6db\" data-element_type=\"container\" data-e-type=\"container\">\n\t\t\t\t\t<div class=\"e-con-inner\">\n\t\t\t\t<div class=\"elementor-element elementor-element-f041f95 elementor-align-center elementor-hidden-desktop elementor-widget elementor-widget-button\" data-id=\"f041f95\" data-element_type=\"widget\" data-e-type=\"widget\" data-widget_type=\"button.default\">\n\t\t\t\t<div class=\"elementor-widget-container\">\n\t\t\t\t\t\t\t\t\t<div class=\"elementor-button-wrapper\">\n\t\t\t\t\t<a class=\"elementor-button elementor-button-link elementor-size-sm\" href=\"http:\/\/pdelaire.com.ni\/index.php\/contacto\/\">\n\t\t\t\t\t\t<span class=\"elementor-button-content-wrapper\">\n\t\t\t\t\t\t\t\t\t<span class=\"elementor-button-text\">Consulta por nuestra variedad de tama\u00f1os<\/span>\n\t\t\t\t\t<\/span>\n\t\t\t\t\t<\/a>\n\t\t\t\t<\/div>\n\t\t\t\t\t\t\t\t<\/div>\n\t\t\t\t<\/div>\n\t\t\t\t\t<\/div>\n\t\t\t\t<\/div>\n\t\t<div class=\"elementor-element elementor-element-168278d e-flex e-con-boxed e-con e-parent\" data-id=\"168278d\" data-element_type=\"container\" data-e-type=\"container\">\n\t\t\t\t\t<div class=\"e-con-inner\">\n\t\t<div class=\"elementor-element elementor-element-4e7dd7a e-con-full e-flex e-con e-child\" data-id=\"4e7dd7a\" data-element_type=\"container\" data-e-type=\"container\">\n\t\t<div class=\"elementor-element elementor-element-70d4605 e-con-full e-flex e-con e-child\" data-id=\"70d4605\" data-element_type=\"container\" data-e-type=\"container\">\n\t\t\t\t<div class=\"elementor-element elementor-element-cfe643e elementor-widget elementor-widget-heading\" data-id=\"cfe643e\" data-element_type=\"widget\" data-e-type=\"widget\" data-widget_type=\"heading.default\">\n\t\t\t\t<div class=\"elementor-widget-container\">\n\t\t\t\t\t<h5 class=\"elementor-heading-title elementor-size-default\">Hoja de seguridad (Di\u00f3xido de <br>Carbono)<\/h5>\t\t\t\t<\/div>\n\t\t\t\t<\/div>\n\t\t\t\t<div class=\"elementor-element elementor-element-62df968 elementor-align-center elementor-widget elementor-widget-button\" data-id=\"62df968\" data-element_type=\"widget\" data-e-type=\"widget\" data-widget_type=\"button.default\">\n\t\t\t\t<div class=\"elementor-widget-container\">\n\t\t\t\t\t\t\t\t\t<div class=\"elementor-button-wrapper\">\n\t\t\t\t\t<a class=\"elementor-button elementor-button-link elementor-size-sm\" href=\"http:\/\/pdelaire.com.ni\/wp-content\/uploads\/2025\/09\/04_03_Bioxido-de-Carbono.pdf\" target=\"_blank\">\n\t\t\t\t\t\t<span class=\"elementor-button-content-wrapper\">\n\t\t\t\t\t\t\t\t\t<span class=\"elementor-button-text\">Descargar<\/span>\n\t\t\t\t\t<\/span>\n\t\t\t\t\t<\/a>\n\t\t\t\t<\/div>\n\t\t\t\t\t\t\t\t<\/div>\n\t\t\t\t<\/div>\n\t\t\t\t<\/div>\n\t\t<div class=\"elementor-element elementor-element-4cc4a60 e-con-full e-flex e-con e-child\" data-id=\"4cc4a60\" data-element_type=\"container\" data-e-type=\"container\">\n\t\t\t\t<div class=\"elementor-element elementor-element-56639b3 elementor-widget elementor-widget-heading\" data-id=\"56639b3\" data-element_type=\"widget\" data-e-type=\"widget\" data-widget_type=\"heading.default\">\n\t\t\t\t<div class=\"elementor-widget-container\">\n\t\t\t\t\t<h5 class=\"elementor-heading-title elementor-size-default\">Hoja de seguridad (Di\u00f3xido de Carbono Solido)<\/h5>\t\t\t\t<\/div>\n\t\t\t\t<\/div>\n\t\t\t\t<div class=\"elementor-element elementor-element-cb42987 elementor-align-center elementor-widget elementor-widget-button\" data-id=\"cb42987\" data-element_type=\"widget\" data-e-type=\"widget\" data-widget_type=\"button.default\">\n\t\t\t\t<div class=\"elementor-widget-container\">\n\t\t\t\t\t\t\t\t\t<div class=\"elementor-button-wrapper\">\n\t\t\t\t\t<a class=\"elementor-button elementor-button-link elementor-size-sm\" href=\"http:\/\/pdelaire.com.ni\/wp-content\/uploads\/2025\/09\/05_V03_Bioxido-de-Carbono-Solido.pdf\" target=\"_blank\">\n\t\t\t\t\t\t<span class=\"elementor-button-content-wrapper\">\n\t\t\t\t\t\t\t\t\t<span class=\"elementor-button-text\">Descargar<\/span>\n\t\t\t\t\t<\/span>\n\t\t\t\t\t<\/a>\n\t\t\t\t<\/div>\n\t\t\t\t\t\t\t\t<\/div>\n\t\t\t\t<\/div>\n\t\t\t\t<\/div>\n\t\t\t\t<\/div>\n\t\t\t\t\t<\/div>\n\t\t\t\t<\/div>\n\t\t\t\t<\/div>\n\t\t","protected":false},"excerpt":{"rendered":"<p>Consulta por nuestra variedad de tama\u00f1os. Informaci\u00f3n S\u00edmbolo:CO\u2082Color de Identificaci\u00f3n del Cilindro:AnaranjadoN\u00famero de identificaci\u00f3n de las Naciones Unidas:UN 1046 (gas comprimido)UN 1963 (l\u00edquido criog\u00e9nico) Descripci\u00f3n El di\u00f3xido de carbono, tambi\u00e9n denominado \u00f3xido de carbono, gas carb\u00f3nico y anh\u00eddrido carb\u00f3nico, es un gas cuyas mol\u00e9culas est\u00e1n compuestas por dos \u00e1tomos de ox\u00edgeno y uno de carbono. [&hellip;]<\/p>\n","protected":false},"author":1,"featured_media":0,"parent":211,"menu_order":0,"comment_status":"closed","ping_status":"closed","template":"","meta":{"inline_featured_image":false,"footnotes":""},"class_list":["post-9021","page","type-page","status-publish","hentry"],"_links":{"self":[{"href":"http:\/\/pdelaire.com.ni\/index.php\/wp-json\/wp\/v2\/pages\/9021","targetHints":{"allow":["GET"]}}],"collection":[{"href":"http:\/\/pdelaire.com.ni\/index.php\/wp-json\/wp\/v2\/pages"}],"about":[{"href":"http:\/\/pdelaire.com.ni\/index.php\/wp-json\/wp\/v2\/types\/page"}],"author":[{"embeddable":true,"href":"http:\/\/pdelaire.com.ni\/index.php\/wp-json\/wp\/v2\/users\/1"}],"replies":[{"embeddable":true,"href":"http:\/\/pdelaire.com.ni\/index.php\/wp-json\/wp\/v2\/comments?post=9021"}],"version-history":[{"count":35,"href":"http:\/\/pdelaire.com.ni\/index.php\/wp-json\/wp\/v2\/pages\/9021\/revisions"}],"predecessor-version":[{"id":10228,"href":"http:\/\/pdelaire.com.ni\/index.php\/wp-json\/wp\/v2\/pages\/9021\/revisions\/10228"}],"up":[{"embeddable":true,"href":"http:\/\/pdelaire.com.ni\/index.php\/wp-json\/wp\/v2\/pages\/211"}],"wp:attachment":[{"href":"http:\/\/pdelaire.com.ni\/index.php\/wp-json\/wp\/v2\/media?parent=9021"}],"curies":[{"name":"wp","href":"https:\/\/api.w.org\/{rel}","templated":true}]}}