{"id":9008,"date":"2025-09-12T17:02:44","date_gmt":"2025-09-12T23:02:44","guid":{"rendered":"http:\/\/pdelaire.com.ni\/?page_id=9008"},"modified":"2025-10-15T17:32:32","modified_gmt":"2025-10-15T23:32:32","slug":"helio-he","status":"publish","type":"page","link":"http:\/\/pdelaire.com.ni\/index.php\/lineas-de-gases\/helio-he\/","title":{"rendered":"Helio He"},"content":{"rendered":"\t\t<div data-elementor-type=\"wp-page\" data-elementor-id=\"9008\" class=\"elementor elementor-9008\" data-elementor-post-type=\"page\">\n\t\t\t\t<div class=\"elementor-element elementor-element-1d9c62f e-con-full e-flex e-con e-parent\" data-id=\"1d9c62f\" data-element_type=\"container\" data-e-type=\"container\" data-settings=\"{&quot;background_background&quot;:&quot;classic&quot;}\">\n\t\t\t\t<div class=\"elementor-element elementor-element-04b63fc elementor-hidden-mobile elementor-widget elementor-widget-image\" data-id=\"04b63fc\" data-element_type=\"widget\" data-e-type=\"widget\" data-widget_type=\"image.default\">\n\t\t\t\t<div class=\"elementor-widget-container\">\n\t\t\t\t\t\t\t\t\t\t\t\t\t\t\t<img fetchpriority=\"high\" decoding=\"async\" width=\"8334\" height=\"3334\" src=\"http:\/\/pdelaire.com.ni\/wp-content\/uploads\/2025\/01\/3-Helio-FINAL.png\" class=\"attachment-full size-full wp-image-8692\" alt=\"\" srcset=\"http:\/\/pdelaire.com.ni\/wp-content\/uploads\/2025\/01\/3-Helio-FINAL.png 8334w, http:\/\/pdelaire.com.ni\/wp-content\/uploads\/2025\/01\/3-Helio-FINAL-300x120.png 300w, http:\/\/pdelaire.com.ni\/wp-content\/uploads\/2025\/01\/3-Helio-FINAL-1024x410.png 1024w, http:\/\/pdelaire.com.ni\/wp-content\/uploads\/2025\/01\/3-Helio-FINAL-768x307.png 768w, http:\/\/pdelaire.com.ni\/wp-content\/uploads\/2025\/01\/3-Helio-FINAL-1536x614.png 1536w, http:\/\/pdelaire.com.ni\/wp-content\/uploads\/2025\/01\/3-Helio-FINAL-2048x819.png 2048w\" sizes=\"(max-width: 8334px) 100vw, 8334px\" \/>\t\t\t\t\t\t\t\t\t\t\t\t\t\t\t<\/div>\n\t\t\t\t<\/div>\n\t\t\t\t<\/div>\n\t\t<div class=\"elementor-element elementor-element-041d854 e-flex e-con-boxed e-con e-parent\" data-id=\"041d854\" data-element_type=\"container\" data-e-type=\"container\">\n\t\t\t\t\t<div class=\"e-con-inner\">\n\t\t<div class=\"elementor-element elementor-element-2b75005 e-con-full e-flex e-con e-child\" data-id=\"2b75005\" data-element_type=\"container\" data-e-type=\"container\">\n\t\t\t\t<div class=\"elementor-element elementor-element-1008727 elementor-widget elementor-widget-image\" data-id=\"1008727\" data-element_type=\"widget\" data-e-type=\"widget\" data-widget_type=\"image.default\">\n\t\t\t\t<div class=\"elementor-widget-container\">\n\t\t\t\t\t\t\t\t\t\t\t\t\t\t\t<img decoding=\"async\" width=\"75\" height=\"300\" src=\"http:\/\/pdelaire.com.ni\/wp-content\/uploads\/2025\/09\/HELIO-75x300.png\" class=\"attachment-medium size-medium wp-image-9010\" alt=\"\" srcset=\"http:\/\/pdelaire.com.ni\/wp-content\/uploads\/2025\/09\/HELIO-75x300.png 75w, http:\/\/pdelaire.com.ni\/wp-content\/uploads\/2025\/09\/HELIO-257x1024.png 257w, http:\/\/pdelaire.com.ni\/wp-content\/uploads\/2025\/09\/HELIO-385x1536.png 385w, http:\/\/pdelaire.com.ni\/wp-content\/uploads\/2025\/09\/HELIO-513x2048.png 513w, http:\/\/pdelaire.com.ni\/wp-content\/uploads\/2025\/09\/HELIO-scaled.png 642w\" sizes=\"(max-width: 75px) 100vw, 75px\" \/>\t\t\t\t\t\t\t\t\t\t\t\t\t\t\t<\/div>\n\t\t\t\t<\/div>\n\t\t\t\t<div class=\"elementor-element elementor-element-bf8fbf0 elementor-align-center elementor-hidden-tablet elementor-hidden-mobile elementor-widget elementor-widget-button\" data-id=\"bf8fbf0\" data-element_type=\"widget\" data-e-type=\"widget\" data-widget_type=\"button.default\">\n\t\t\t\t<div class=\"elementor-widget-container\">\n\t\t\t\t\t\t\t\t\t<div class=\"elementor-button-wrapper\">\n\t\t\t\t\t<a class=\"elementor-button elementor-button-link elementor-size-sm\" href=\"http:\/\/pdelaire.com.ni\/index.php\/contacto\/\">\n\t\t\t\t\t\t<span class=\"elementor-button-content-wrapper\">\n\t\t\t\t\t\t\t\t\t<span class=\"elementor-button-text\">Consulta por nuestra variedad de tama\u00f1os.<\/span>\n\t\t\t\t\t<\/span>\n\t\t\t\t\t<\/a>\n\t\t\t\t<\/div>\n\t\t\t\t\t\t\t\t<\/div>\n\t\t\t\t<\/div>\n\t\t\t\t<\/div>\n\t\t<div class=\"elementor-element elementor-element-52b53bf e-con-full e-flex e-con e-child\" data-id=\"52b53bf\" data-element_type=\"container\" data-e-type=\"container\">\n\t\t\t\t<div class=\"elementor-element elementor-element-dfe83a6 elementor-widget elementor-widget-heading\" data-id=\"dfe83a6\" data-element_type=\"widget\" data-e-type=\"widget\" data-widget_type=\"heading.default\">\n\t\t\t\t<div class=\"elementor-widget-container\">\n\t\t\t\t\t<h3 class=\"elementor-heading-title elementor-size-default\">Informaci\u00f3n<\/h3>\t\t\t\t<\/div>\n\t\t\t\t<\/div>\n\t\t\t\t<div class=\"elementor-element elementor-element-c42f289 elementor-invisible elementor-widget elementor-widget-text-editor\" data-id=\"c42f289\" data-element_type=\"widget\" data-e-type=\"widget\" data-settings=\"{&quot;_animation&quot;:&quot;fadeIn&quot;}\" data-widget_type=\"text-editor.default\">\n\t\t\t\t<div class=\"elementor-widget-container\">\n\t\t\t\t\t\t\t\t\t<p><strong>S\u00edmbolo:<br \/><\/strong>He<br \/><strong>Color de Identificaci\u00f3n del Cilindro:<br \/><\/strong>Verde Aqua<br \/><strong>N\u00famero de identificaci\u00f3n de las Naciones Unidas:<\/strong><br \/>UN 1046 (gas comprimido)<br \/>UN 1963 (l\u00edquido criog\u00e9nico)<\/p>\t\t\t\t\t\t\t\t<\/div>\n\t\t\t\t<\/div>\n\t\t\t\t<\/div>\n\t\t<div class=\"elementor-element elementor-element-7d6f54c e-con-full e-flex e-con e-child\" data-id=\"7d6f54c\" data-element_type=\"container\" data-e-type=\"container\">\n\t\t\t\t<div class=\"elementor-element elementor-element-a463563 elementor-widget elementor-widget-heading\" data-id=\"a463563\" data-element_type=\"widget\" data-e-type=\"widget\" data-widget_type=\"heading.default\">\n\t\t\t\t<div class=\"elementor-widget-container\">\n\t\t\t\t\t<h3 class=\"elementor-heading-title elementor-size-default\">Descripci\u00f3n<\/h3>\t\t\t\t<\/div>\n\t\t\t\t<\/div>\n\t\t\t\t<div class=\"elementor-element elementor-element-0892efa elementor-widget-tablet__width-inherit elementor-widget elementor-widget-text-editor\" data-id=\"0892efa\" data-element_type=\"widget\" data-e-type=\"widget\" data-widget_type=\"text-editor.default\">\n\t\t\t\t<div class=\"elementor-widget-container\">\n\t\t\t\t\t\t\t\t\t<p>El Helio en condiciones normales es un gas sin color, olor ni sabor. Est\u00e1 presente en el aire en muy baja concentraci\u00f3n (5 ppm). Es un gas 7 veces m\u00e1s liviano que el aire. Es sumamente inerte, no inflamable y el menos soluble en l\u00edquidos de todos los gases.<\/p>\t\t\t\t\t\t\t\t<\/div>\n\t\t\t\t<\/div>\n\t\t\t\t<\/div>\n\t\t<div class=\"elementor-element elementor-element-42dc3dd e-con-full e-flex e-con e-child\" data-id=\"42dc3dd\" data-element_type=\"container\" data-e-type=\"container\">\n\t\t\t\t<div class=\"elementor-element elementor-element-c4e4311 elementor-widget elementor-widget-heading\" data-id=\"c4e4311\" data-element_type=\"widget\" data-e-type=\"widget\" data-widget_type=\"heading.default\">\n\t\t\t\t<div class=\"elementor-widget-container\">\n\t\t\t\t\t<h3 class=\"elementor-heading-title elementor-size-default\">Uso<\/h3>\t\t\t\t<\/div>\n\t\t\t\t<\/div>\n\t\t\t\t<div class=\"elementor-element elementor-element-d6f966a elementor-widget-tablet__width-inherit elementor-widget elementor-widget-text-editor\" data-id=\"d6f966a\" data-element_type=\"widget\" data-e-type=\"widget\" data-widget_type=\"text-editor.default\">\n\t\t\t\t<div class=\"elementor-widget-container\">\n\t\t\t\t\t\t\t\t\t<ul><li>Por su baja densidad y\u00a0 \u00a0 no inflamabilidad, es usado para inflar globos publicitarios, meteorol\u00f3gicos, de diversi\u00f3n, etc.<\/li><\/ul>\t\t\t\t\t\t\t\t<\/div>\n\t\t\t\t<\/div>\n\t\t\t\t<\/div>\n\t\t\t\t\t<\/div>\n\t\t\t\t<\/div>\n\t\t<div class=\"elementor-element elementor-element-c54231b e-flex e-con-boxed e-con e-parent\" data-id=\"c54231b\" data-element_type=\"container\" data-e-type=\"container\">\n\t\t\t\t\t<div class=\"e-con-inner\">\n\t\t\t\t<div class=\"elementor-element elementor-element-8369855 elementor-align-center elementor-hidden-desktop elementor-widget elementor-widget-button\" data-id=\"8369855\" data-element_type=\"widget\" data-e-type=\"widget\" data-widget_type=\"button.default\">\n\t\t\t\t<div class=\"elementor-widget-container\">\n\t\t\t\t\t\t\t\t\t<div class=\"elementor-button-wrapper\">\n\t\t\t\t\t<a class=\"elementor-button elementor-button-link elementor-size-sm\" href=\"http:\/\/pdelaire.com.ni\/index.php\/contacto\/\">\n\t\t\t\t\t\t<span class=\"elementor-button-content-wrapper\">\n\t\t\t\t\t\t\t\t\t<span class=\"elementor-button-text\">Consulta por nuestra variedad de tama\u00f1os<\/span>\n\t\t\t\t\t<\/span>\n\t\t\t\t\t<\/a>\n\t\t\t\t<\/div>\n\t\t\t\t\t\t\t\t<\/div>\n\t\t\t\t<\/div>\n\t\t\t\t\t<\/div>\n\t\t\t\t<\/div>\n\t\t<div class=\"elementor-element elementor-element-8e20262 e-flex e-con-boxed e-con e-parent\" data-id=\"8e20262\" data-element_type=\"container\" data-e-type=\"container\">\n\t\t\t\t\t<div class=\"e-con-inner\">\n\t\t\t\t<div class=\"elementor-element elementor-element-842ce48 elementor-widget elementor-widget-heading\" data-id=\"842ce48\" data-element_type=\"widget\" data-e-type=\"widget\" data-widget_type=\"heading.default\">\n\t\t\t\t<div class=\"elementor-widget-container\">\n\t\t\t\t\t<h5 class=\"elementor-heading-title elementor-size-default\">Hoja de seguridad<\/h5>\t\t\t\t<\/div>\n\t\t\t\t<\/div>\n\t\t\t\t<div class=\"elementor-element elementor-element-e00295d elementor-align-center elementor-widget elementor-widget-button\" data-id=\"e00295d\" data-element_type=\"widget\" data-e-type=\"widget\" data-widget_type=\"button.default\">\n\t\t\t\t<div class=\"elementor-widget-container\">\n\t\t\t\t\t\t\t\t\t<div class=\"elementor-button-wrapper\">\n\t\t\t\t\t<a class=\"elementor-button elementor-button-link elementor-size-sm\" href=\"http:\/\/pdelaire.com.ni\/wp-content\/uploads\/2025\/09\/12_V03_Helio-Gas.pdf\" target=\"_blank\">\n\t\t\t\t\t\t<span class=\"elementor-button-content-wrapper\">\n\t\t\t\t\t\t\t\t\t<span class=\"elementor-button-text\">Descargar<\/span>\n\t\t\t\t\t<\/span>\n\t\t\t\t\t<\/a>\n\t\t\t\t<\/div>\n\t\t\t\t\t\t\t\t<\/div>\n\t\t\t\t<\/div>\n\t\t\t\t\t<\/div>\n\t\t\t\t<\/div>\n\t\t\t\t<\/div>\n\t\t","protected":false},"excerpt":{"rendered":"<p>Consulta por nuestra variedad de tama\u00f1os. Informaci\u00f3n S\u00edmbolo:HeColor de Identificaci\u00f3n del Cilindro:Verde AquaN\u00famero de identificaci\u00f3n de las Naciones Unidas:UN 1046 (gas comprimido)UN 1963 (l\u00edquido criog\u00e9nico) Descripci\u00f3n El Helio en condiciones normales es un gas sin color, olor ni sabor. Est\u00e1 presente en el aire en muy baja concentraci\u00f3n (5 ppm). Es un gas 7 veces [&hellip;]<\/p>\n","protected":false},"author":1,"featured_media":0,"parent":211,"menu_order":0,"comment_status":"closed","ping_status":"closed","template":"","meta":{"inline_featured_image":false,"footnotes":""},"class_list":["post-9008","page","type-page","status-publish","hentry"],"_links":{"self":[{"href":"http:\/\/pdelaire.com.ni\/index.php\/wp-json\/wp\/v2\/pages\/9008","targetHints":{"allow":["GET"]}}],"collection":[{"href":"http:\/\/pdelaire.com.ni\/index.php\/wp-json\/wp\/v2\/pages"}],"about":[{"href":"http:\/\/pdelaire.com.ni\/index.php\/wp-json\/wp\/v2\/types\/page"}],"author":[{"embeddable":true,"href":"http:\/\/pdelaire.com.ni\/index.php\/wp-json\/wp\/v2\/users\/1"}],"replies":[{"embeddable":true,"href":"http:\/\/pdelaire.com.ni\/index.php\/wp-json\/wp\/v2\/comments?post=9008"}],"version-history":[{"count":28,"href":"http:\/\/pdelaire.com.ni\/index.php\/wp-json\/wp\/v2\/pages\/9008\/revisions"}],"predecessor-version":[{"id":10225,"href":"http:\/\/pdelaire.com.ni\/index.php\/wp-json\/wp\/v2\/pages\/9008\/revisions\/10225"}],"up":[{"embeddable":true,"href":"http:\/\/pdelaire.com.ni\/index.php\/wp-json\/wp\/v2\/pages\/211"}],"wp:attachment":[{"href":"http:\/\/pdelaire.com.ni\/index.php\/wp-json\/wp\/v2\/media?parent=9008"}],"curies":[{"name":"wp","href":"https:\/\/api.w.org\/{rel}","templated":true}]}}