{"id":8998,"date":"2025-09-12T16:52:44","date_gmt":"2025-09-12T22:52:44","guid":{"rendered":"http:\/\/pdelaire.com.ni\/?page_id=8998"},"modified":"2025-10-15T17:26:54","modified_gmt":"2025-10-15T23:26:54","slug":"oxido-nitroso-no","status":"publish","type":"page","link":"http:\/\/pdelaire.com.ni\/index.php\/lineas-de-gases\/oxido-nitroso-no\/","title":{"rendered":"\u00d3xido Nitroso NO"},"content":{"rendered":"\t\t<div data-elementor-type=\"wp-page\" data-elementor-id=\"8998\" class=\"elementor elementor-8998\" data-elementor-post-type=\"page\">\n\t\t\t\t<div class=\"elementor-element elementor-element-50e990a e-con-full e-flex e-con e-parent\" data-id=\"50e990a\" data-element_type=\"container\" data-e-type=\"container\" data-settings=\"{&quot;background_background&quot;:&quot;classic&quot;}\">\n\t\t\t\t<div class=\"elementor-element elementor-element-2b08ab3 elementor-hidden-mobile elementor-widget elementor-widget-image\" data-id=\"2b08ab3\" data-element_type=\"widget\" data-e-type=\"widget\" data-widget_type=\"image.default\">\n\t\t\t\t<div class=\"elementor-widget-container\">\n\t\t\t\t\t\t\t\t\t\t\t\t\t\t\t<img fetchpriority=\"high\" decoding=\"async\" width=\"8334\" height=\"3334\" src=\"http:\/\/pdelaire.com.ni\/wp-content\/uploads\/2025\/01\/11-Oxido-Nitroso-FINAL.png\" class=\"attachment-full size-full wp-image-8684\" alt=\"\" srcset=\"http:\/\/pdelaire.com.ni\/wp-content\/uploads\/2025\/01\/11-Oxido-Nitroso-FINAL.png 8334w, http:\/\/pdelaire.com.ni\/wp-content\/uploads\/2025\/01\/11-Oxido-Nitroso-FINAL-300x120.png 300w, http:\/\/pdelaire.com.ni\/wp-content\/uploads\/2025\/01\/11-Oxido-Nitroso-FINAL-1024x410.png 1024w, http:\/\/pdelaire.com.ni\/wp-content\/uploads\/2025\/01\/11-Oxido-Nitroso-FINAL-768x307.png 768w, http:\/\/pdelaire.com.ni\/wp-content\/uploads\/2025\/01\/11-Oxido-Nitroso-FINAL-1536x614.png 1536w, http:\/\/pdelaire.com.ni\/wp-content\/uploads\/2025\/01\/11-Oxido-Nitroso-FINAL-2048x819.png 2048w\" sizes=\"(max-width: 8334px) 100vw, 8334px\" \/>\t\t\t\t\t\t\t\t\t\t\t\t\t\t\t<\/div>\n\t\t\t\t<\/div>\n\t\t\t\t<\/div>\n\t\t<div class=\"elementor-element elementor-element-9d5f0ee e-flex e-con-boxed e-con e-parent\" data-id=\"9d5f0ee\" data-element_type=\"container\" data-e-type=\"container\">\n\t\t\t\t\t<div class=\"e-con-inner\">\n\t\t<div class=\"elementor-element elementor-element-bfd70cc e-con-full e-flex e-con e-child\" data-id=\"bfd70cc\" data-element_type=\"container\" data-e-type=\"container\">\n\t\t\t\t<div class=\"elementor-element elementor-element-b68c212 elementor-widget elementor-widget-image\" data-id=\"b68c212\" data-element_type=\"widget\" data-e-type=\"widget\" data-widget_type=\"image.default\">\n\t\t\t\t<div class=\"elementor-widget-container\">\n\t\t\t\t\t\t\t\t\t\t\t\t\t\t\t<img decoding=\"async\" width=\"510\" height=\"2560\" src=\"http:\/\/pdelaire.com.ni\/wp-content\/uploads\/2025\/09\/OXIDO-NITROSO-scaled.png\" class=\"attachment-full size-full wp-image-9000\" alt=\"\" srcset=\"http:\/\/pdelaire.com.ni\/wp-content\/uploads\/2025\/09\/OXIDO-NITROSO-scaled.png 510w, http:\/\/pdelaire.com.ni\/wp-content\/uploads\/2025\/09\/OXIDO-NITROSO-60x300.png 60w, http:\/\/pdelaire.com.ni\/wp-content\/uploads\/2025\/09\/OXIDO-NITROSO-204x1024.png 204w, http:\/\/pdelaire.com.ni\/wp-content\/uploads\/2025\/09\/OXIDO-NITROSO-306x1536.png 306w, http:\/\/pdelaire.com.ni\/wp-content\/uploads\/2025\/09\/OXIDO-NITROSO-408x2048.png 408w\" sizes=\"(max-width: 510px) 100vw, 510px\" \/>\t\t\t\t\t\t\t\t\t\t\t\t\t\t\t<\/div>\n\t\t\t\t<\/div>\n\t\t\t\t<div class=\"elementor-element elementor-element-60d1fcd elementor-align-center elementor-hidden-tablet elementor-hidden-mobile elementor-widget elementor-widget-button\" data-id=\"60d1fcd\" data-element_type=\"widget\" data-e-type=\"widget\" data-widget_type=\"button.default\">\n\t\t\t\t<div class=\"elementor-widget-container\">\n\t\t\t\t\t\t\t\t\t<div class=\"elementor-button-wrapper\">\n\t\t\t\t\t<a class=\"elementor-button elementor-button-link elementor-size-sm\" href=\"http:\/\/pdelaire.com.ni\/index.php\/contacto\/\">\n\t\t\t\t\t\t<span class=\"elementor-button-content-wrapper\">\n\t\t\t\t\t\t\t\t\t<span class=\"elementor-button-text\">Consulta por nuestra variedad de tama\u00f1os.<\/span>\n\t\t\t\t\t<\/span>\n\t\t\t\t\t<\/a>\n\t\t\t\t<\/div>\n\t\t\t\t\t\t\t\t<\/div>\n\t\t\t\t<\/div>\n\t\t\t\t<\/div>\n\t\t<div class=\"elementor-element elementor-element-2bc89df e-con-full e-flex e-con e-child\" data-id=\"2bc89df\" data-element_type=\"container\" data-e-type=\"container\">\n\t\t\t\t<div class=\"elementor-element elementor-element-4da4820 elementor-widget elementor-widget-heading\" data-id=\"4da4820\" data-element_type=\"widget\" data-e-type=\"widget\" data-widget_type=\"heading.default\">\n\t\t\t\t<div class=\"elementor-widget-container\">\n\t\t\t\t\t<h3 class=\"elementor-heading-title elementor-size-default\">Informaci\u00f3n<\/h3>\t\t\t\t<\/div>\n\t\t\t\t<\/div>\n\t\t\t\t<div class=\"elementor-element elementor-element-8018e5c elementor-invisible elementor-widget elementor-widget-text-editor\" data-id=\"8018e5c\" data-element_type=\"widget\" data-e-type=\"widget\" data-settings=\"{&quot;_animation&quot;:&quot;fadeIn&quot;}\" data-widget_type=\"text-editor.default\">\n\t\t\t\t<div class=\"elementor-widget-container\">\n\t\t\t\t\t\t\t\t\t<p><strong>S\u00edmbolo:<br \/><\/strong>N\u2082O<br \/><strong>Color de Identificaci\u00f3n del Cilindro:<\/strong><br \/>Azul<br \/><strong>N\u00famero de identificaci\u00f3n de las Naciones Unidas:<\/strong><br \/>UN 1046 (gas comprimido)<br \/>UN 1963 (l\u00edquido criog\u00e9nico)<\/p>\t\t\t\t\t\t\t\t<\/div>\n\t\t\t\t<\/div>\n\t\t\t\t<\/div>\n\t\t<div class=\"elementor-element elementor-element-22465dd e-con-full e-flex e-con e-child\" data-id=\"22465dd\" data-element_type=\"container\" data-e-type=\"container\">\n\t\t\t\t<div class=\"elementor-element elementor-element-850afa4 elementor-widget elementor-widget-heading\" data-id=\"850afa4\" data-element_type=\"widget\" data-e-type=\"widget\" data-widget_type=\"heading.default\">\n\t\t\t\t<div class=\"elementor-widget-container\">\n\t\t\t\t\t<h3 class=\"elementor-heading-title elementor-size-default\">Descripci\u00f3n<\/h3>\t\t\t\t<\/div>\n\t\t\t\t<\/div>\n\t\t\t\t<div class=\"elementor-element elementor-element-0909215 elementor-widget-tablet__width-inherit elementor-widget elementor-widget-text-editor\" data-id=\"0909215\" data-element_type=\"widget\" data-e-type=\"widget\" data-widget_type=\"text-editor.default\">\n\t\t\t\t<div class=\"elementor-widget-container\">\n\t\t\t\t\t\t\t\t\t<p>En condiciones normales de presi\u00f3n y temperatura, es un gas incoloro, pr\u00e1cticamente inodoro y sin sabor. No es t\u00f3xico ni inflamable y es aproximadamente 1.5 veces m\u00e1s pesado que el aire.<\/p><p>Bajo condiciones normales es estable y generalmente inerte, pero mantiene la combusti\u00f3n de manera semejante al Ox\u00edgeno, aunque es un comburente m\u00e1s suave.<\/p><p>El \u00d3xido Nitroso es relativamente soluble en agua, alcohol, aceites y en varios productos alimenticios. Tiene la particularidad de que al disolverse en el agua no le cambia la acidez, como ocurre con el CO\u2082.<\/p>\t\t\t\t\t\t\t\t<\/div>\n\t\t\t\t<\/div>\n\t\t\t\t<\/div>\n\t\t<div class=\"elementor-element elementor-element-3caafb6 e-con-full e-flex e-con e-child\" data-id=\"3caafb6\" data-element_type=\"container\" data-e-type=\"container\">\n\t\t\t\t<div class=\"elementor-element elementor-element-0d43147 elementor-widget elementor-widget-heading\" data-id=\"0d43147\" data-element_type=\"widget\" data-e-type=\"widget\" data-widget_type=\"heading.default\">\n\t\t\t\t<div class=\"elementor-widget-container\">\n\t\t\t\t\t<h3 class=\"elementor-heading-title elementor-size-default\">Uso<\/h3>\t\t\t\t<\/div>\n\t\t\t\t<\/div>\n\t\t\t\t<div class=\"elementor-element elementor-element-13745e4 elementor-widget-tablet__width-inherit elementor-widget elementor-widget-text-editor\" data-id=\"13745e4\" data-element_type=\"widget\" data-e-type=\"widget\" data-widget_type=\"text-editor.default\">\n\t\t\t\t<div class=\"elementor-widget-container\">\n\t\t\t\t\t\t\t\t\t<ul><li>En el ramo de la odontolog\u00eda es utilizado como un coadyuvante para la sedaci\u00f3n y el mantenimiento de la anestesia.<\/li><\/ul>\t\t\t\t\t\t\t\t<\/div>\n\t\t\t\t<\/div>\n\t\t\t\t<\/div>\n\t\t\t\t\t<\/div>\n\t\t\t\t<\/div>\n\t\t<div class=\"elementor-element elementor-element-ee867ef e-flex e-con-boxed e-con e-parent\" data-id=\"ee867ef\" data-element_type=\"container\" data-e-type=\"container\">\n\t\t\t\t\t<div class=\"e-con-inner\">\n\t\t\t\t<div class=\"elementor-element elementor-element-f74a3da elementor-align-center elementor-hidden-desktop elementor-widget elementor-widget-button\" data-id=\"f74a3da\" data-element_type=\"widget\" data-e-type=\"widget\" data-widget_type=\"button.default\">\n\t\t\t\t<div class=\"elementor-widget-container\">\n\t\t\t\t\t\t\t\t\t<div class=\"elementor-button-wrapper\">\n\t\t\t\t\t<a class=\"elementor-button elementor-button-link elementor-size-sm\" href=\"http:\/\/pdelaire.com.ni\/index.php\/contacto\/\">\n\t\t\t\t\t\t<span class=\"elementor-button-content-wrapper\">\n\t\t\t\t\t\t\t\t\t<span class=\"elementor-button-text\">Consulta por nuestra variedad de tama\u00f1os<\/span>\n\t\t\t\t\t<\/span>\n\t\t\t\t\t<\/a>\n\t\t\t\t<\/div>\n\t\t\t\t\t\t\t\t<\/div>\n\t\t\t\t<\/div>\n\t\t\t\t\t<\/div>\n\t\t\t\t<\/div>\n\t\t<div class=\"elementor-element elementor-element-642a02e e-flex e-con-boxed e-con e-parent\" data-id=\"642a02e\" data-element_type=\"container\" data-e-type=\"container\">\n\t\t\t\t\t<div class=\"e-con-inner\">\n\t\t\t\t<div class=\"elementor-element elementor-element-06b02d0 elementor-widget elementor-widget-heading\" data-id=\"06b02d0\" data-element_type=\"widget\" data-e-type=\"widget\" data-widget_type=\"heading.default\">\n\t\t\t\t<div class=\"elementor-widget-container\">\n\t\t\t\t\t<h5 class=\"elementor-heading-title elementor-size-default\">Hoja de seguridad<\/h5>\t\t\t\t<\/div>\n\t\t\t\t<\/div>\n\t\t\t\t<div class=\"elementor-element elementor-element-ee177d0 elementor-align-center elementor-widget elementor-widget-button\" data-id=\"ee177d0\" data-element_type=\"widget\" data-e-type=\"widget\" data-widget_type=\"button.default\">\n\t\t\t\t<div class=\"elementor-widget-container\">\n\t\t\t\t\t\t\t\t\t<div class=\"elementor-button-wrapper\">\n\t\t\t\t\t<a class=\"elementor-button elementor-button-link elementor-size-sm\" href=\"http:\/\/pdelaire.com.ni\/wp-content\/uploads\/2025\/09\/11_V03_Oxido-Nitroso.pdf\" target=\"_blank\">\n\t\t\t\t\t\t<span class=\"elementor-button-content-wrapper\">\n\t\t\t\t\t\t\t\t\t<span class=\"elementor-button-text\">Descargar<\/span>\n\t\t\t\t\t<\/span>\n\t\t\t\t\t<\/a>\n\t\t\t\t<\/div>\n\t\t\t\t\t\t\t\t<\/div>\n\t\t\t\t<\/div>\n\t\t\t\t\t<\/div>\n\t\t\t\t<\/div>\n\t\t\t\t<\/div>\n\t\t","protected":false},"excerpt":{"rendered":"<p>Consulta por nuestra variedad de tama\u00f1os. Informaci\u00f3n S\u00edmbolo:N\u2082OColor de Identificaci\u00f3n del Cilindro:AzulN\u00famero de identificaci\u00f3n de las Naciones Unidas:UN 1046 (gas comprimido)UN 1963 (l\u00edquido criog\u00e9nico) Descripci\u00f3n En condiciones normales de presi\u00f3n y temperatura, es un gas incoloro, pr\u00e1cticamente inodoro y sin sabor. No es t\u00f3xico ni inflamable y es aproximadamente 1.5 veces m\u00e1s pesado que el [&hellip;]<\/p>\n","protected":false},"author":1,"featured_media":0,"parent":211,"menu_order":0,"comment_status":"closed","ping_status":"closed","template":"","meta":{"inline_featured_image":false,"footnotes":""},"class_list":["post-8998","page","type-page","status-publish","hentry"],"_links":{"self":[{"href":"http:\/\/pdelaire.com.ni\/index.php\/wp-json\/wp\/v2\/pages\/8998","targetHints":{"allow":["GET"]}}],"collection":[{"href":"http:\/\/pdelaire.com.ni\/index.php\/wp-json\/wp\/v2\/pages"}],"about":[{"href":"http:\/\/pdelaire.com.ni\/index.php\/wp-json\/wp\/v2\/types\/page"}],"author":[{"embeddable":true,"href":"http:\/\/pdelaire.com.ni\/index.php\/wp-json\/wp\/v2\/users\/1"}],"replies":[{"embeddable":true,"href":"http:\/\/pdelaire.com.ni\/index.php\/wp-json\/wp\/v2\/comments?post=8998"}],"version-history":[{"count":33,"href":"http:\/\/pdelaire.com.ni\/index.php\/wp-json\/wp\/v2\/pages\/8998\/revisions"}],"predecessor-version":[{"id":10204,"href":"http:\/\/pdelaire.com.ni\/index.php\/wp-json\/wp\/v2\/pages\/8998\/revisions\/10204"}],"up":[{"embeddable":true,"href":"http:\/\/pdelaire.com.ni\/index.php\/wp-json\/wp\/v2\/pages\/211"}],"wp:attachment":[{"href":"http:\/\/pdelaire.com.ni\/index.php\/wp-json\/wp\/v2\/media?parent=8998"}],"curies":[{"name":"wp","href":"https:\/\/api.w.org\/{rel}","templated":true}]}}