{"id":276,"date":"2023-12-03T14:21:06","date_gmt":"2023-12-03T14:21:06","guid":{"rendered":"http:\/\/pdelaire.com.ni\/?page_id=276"},"modified":"2025-09-26T09:58:27","modified_gmt":"2025-09-26T15:58:27","slug":"instalacion-de-redes-para-gases","status":"publish","type":"page","link":"http:\/\/pdelaire.com.ni\/index.php\/servicios\/instalacion-de-redes-para-gases\/","title":{"rendered":"Instalaci\u00f3n de Redes para Gases"},"content":{"rendered":"\t\t<div data-elementor-type=\"wp-page\" data-elementor-id=\"276\" class=\"elementor elementor-276\" data-elementor-post-type=\"page\">\n\t\t\t\t<div class=\"elementor-element elementor-element-8f28c04 e-con-full e-flex e-con e-parent\" data-id=\"8f28c04\" data-element_type=\"container\" data-e-type=\"container\" data-settings=\"{&quot;background_background&quot;:&quot;classic&quot;}\">\n\t\t\t\t<div class=\"elementor-element elementor-element-3a00459 elementor-hidden-mobile elementor-widget elementor-widget-image\" data-id=\"3a00459\" data-element_type=\"widget\" data-e-type=\"widget\" data-widget_type=\"image.default\">\n\t\t\t\t<div class=\"elementor-widget-container\">\n\t\t\t\t\t\t\t\t\t\t\t\t\t\t\t<img fetchpriority=\"high\" decoding=\"async\" width=\"8192\" height=\"2388\" src=\"http:\/\/pdelaire.com.ni\/wp-content\/uploads\/2024\/12\/Instalacion-de-Redes-UV-2912.png\" class=\"attachment-full size-full wp-image-8500\" alt=\"\" srcset=\"http:\/\/pdelaire.com.ni\/wp-content\/uploads\/2024\/12\/Instalacion-de-Redes-UV-2912.png 8192w, http:\/\/pdelaire.com.ni\/wp-content\/uploads\/2024\/12\/Instalacion-de-Redes-UV-2912-300x87.png 300w, http:\/\/pdelaire.com.ni\/wp-content\/uploads\/2024\/12\/Instalacion-de-Redes-UV-2912-1024x299.png 1024w, http:\/\/pdelaire.com.ni\/wp-content\/uploads\/2024\/12\/Instalacion-de-Redes-UV-2912-768x224.png 768w, http:\/\/pdelaire.com.ni\/wp-content\/uploads\/2024\/12\/Instalacion-de-Redes-UV-2912-1536x448.png 1536w, http:\/\/pdelaire.com.ni\/wp-content\/uploads\/2024\/12\/Instalacion-de-Redes-UV-2912-2048x597.png 2048w\" sizes=\"(max-width: 8192px) 100vw, 8192px\" \/>\t\t\t\t\t\t\t\t\t\t\t\t\t\t\t<\/div>\n\t\t\t\t<\/div>\n\t\t\t\t<\/div>\n\t\t<div class=\"elementor-element elementor-element-453c93a5 e-flex e-con-boxed e-con e-parent\" data-id=\"453c93a5\" data-element_type=\"container\" data-e-type=\"container\">\n\t\t\t\t\t<div class=\"e-con-inner\">\n\t\t<div class=\"elementor-element elementor-element-1fb89430 e-con-full e-flex elementor-invisible e-con e-child\" data-id=\"1fb89430\" data-element_type=\"container\" data-e-type=\"container\" data-settings=\"{&quot;animation&quot;:&quot;fadeInRight&quot;}\">\n\t\t\t\t<div class=\"elementor-element elementor-element-3bb97ee elementor-widget elementor-widget-image\" data-id=\"3bb97ee\" data-element_type=\"widget\" data-e-type=\"widget\" data-widget_type=\"image.default\">\n\t\t\t\t<div class=\"elementor-widget-container\">\n\t\t\t\t\t\t\t\t\t\t\t\t\t\t\t<img decoding=\"async\" width=\"800\" height=\"600\" src=\"http:\/\/pdelaire.com.ni\/wp-content\/uploads\/2024\/10\/WhatsApp-Image-2023-12-05-at-4.47.31-PM-1.jpeg\" class=\"attachment-large size-large wp-image-7621\" alt=\"\" srcset=\"http:\/\/pdelaire.com.ni\/wp-content\/uploads\/2024\/10\/WhatsApp-Image-2023-12-05-at-4.47.31-PM-1.jpeg 1024w, http:\/\/pdelaire.com.ni\/wp-content\/uploads\/2024\/10\/WhatsApp-Image-2023-12-05-at-4.47.31-PM-1-300x225.jpeg 300w, http:\/\/pdelaire.com.ni\/wp-content\/uploads\/2024\/10\/WhatsApp-Image-2023-12-05-at-4.47.31-PM-1-768x576.jpeg 768w\" sizes=\"(max-width: 800px) 100vw, 800px\" \/>\t\t\t\t\t\t\t\t\t\t\t\t\t\t\t<\/div>\n\t\t\t\t<\/div>\n\t\t\t\t<div class=\"elementor-element elementor-element-4658755 elementor-widget__width-initial elementor-absolute elementor-invisible elementor-widget elementor-widget-image\" data-id=\"4658755\" data-element_type=\"widget\" data-e-type=\"widget\" data-settings=\"{&quot;_position&quot;:&quot;absolute&quot;,&quot;_animation&quot;:&quot;fadeInLeft&quot;,&quot;_animation_delay&quot;:300}\" data-widget_type=\"image.default\">\n\t\t\t\t<div class=\"elementor-widget-container\">\n\t\t\t\t\t\t\t\t\t\t\t\t\t\t\t<img decoding=\"async\" width=\"800\" height=\"800\" src=\"http:\/\/pdelaire.com.ni\/wp-content\/uploads\/2023\/12\/esquina-verde.png\" class=\"attachment-full size-full wp-image-663\" alt=\"\" srcset=\"http:\/\/pdelaire.com.ni\/wp-content\/uploads\/2023\/12\/esquina-verde.png 800w, http:\/\/pdelaire.com.ni\/wp-content\/uploads\/2023\/12\/esquina-verde-300x300.png 300w, http:\/\/pdelaire.com.ni\/wp-content\/uploads\/2023\/12\/esquina-verde-150x150.png 150w, http:\/\/pdelaire.com.ni\/wp-content\/uploads\/2023\/12\/esquina-verde-768x768.png 768w\" sizes=\"(max-width: 800px) 100vw, 800px\" \/>\t\t\t\t\t\t\t\t\t\t\t\t\t\t\t<\/div>\n\t\t\t\t<\/div>\n\t\t\t\t<div class=\"elementor-element elementor-element-149c083 elementor-widget__width-initial elementor-absolute elementor-invisible elementor-widget elementor-widget-image\" data-id=\"149c083\" data-element_type=\"widget\" data-e-type=\"widget\" data-settings=\"{&quot;_position&quot;:&quot;absolute&quot;,&quot;_animation&quot;:&quot;fadeInLeft&quot;,&quot;_animation_delay&quot;:300}\" data-widget_type=\"image.default\">\n\t\t\t\t<div class=\"elementor-widget-container\">\n\t\t\t\t\t\t\t\t\t\t\t\t\t\t\t<img decoding=\"async\" width=\"800\" height=\"800\" src=\"http:\/\/pdelaire.com.ni\/wp-content\/uploads\/2023\/12\/esquina-verde.png\" class=\"attachment-full size-full wp-image-663\" alt=\"\" srcset=\"http:\/\/pdelaire.com.ni\/wp-content\/uploads\/2023\/12\/esquina-verde.png 800w, http:\/\/pdelaire.com.ni\/wp-content\/uploads\/2023\/12\/esquina-verde-300x300.png 300w, http:\/\/pdelaire.com.ni\/wp-content\/uploads\/2023\/12\/esquina-verde-150x150.png 150w, http:\/\/pdelaire.com.ni\/wp-content\/uploads\/2023\/12\/esquina-verde-768x768.png 768w\" sizes=\"(max-width: 800px) 100vw, 800px\" \/>\t\t\t\t\t\t\t\t\t\t\t\t\t\t\t<\/div>\n\t\t\t\t<\/div>\n\t\t\t\t<\/div>\n\t\t<div class=\"elementor-element elementor-element-60871d4 e-con-full e-flex elementor-invisible e-con e-child\" data-id=\"60871d4\" data-element_type=\"container\" data-e-type=\"container\" data-settings=\"{&quot;animation&quot;:&quot;fadeInRight&quot;}\">\n\t\t\t\t<div class=\"elementor-element elementor-element-85da0ec elementor-invisible elementor-widget elementor-widget-text-editor\" data-id=\"85da0ec\" data-element_type=\"widget\" data-e-type=\"widget\" data-settings=\"{&quot;_animation&quot;:&quot;fadeIn&quot;}\" data-widget_type=\"text-editor.default\">\n\t\t\t\t<div class=\"elementor-widget-container\">\n\t\t\t\t\t\t\t\t\t<p><span style=\"font-weight: 400;\">Ofrecemos el servicio de dise\u00f1o e instalaci\u00f3n de redes para gases medicinales e industriales.<\/span><\/p>\t\t\t\t\t\t\t\t<\/div>\n\t\t\t\t<\/div>\n\t\t\t\t<div class=\"elementor-element elementor-element-5038a95 elementor-widget__width-inherit elementor-widget elementor-widget-elementskit-heading\" data-id=\"5038a95\" data-element_type=\"widget\" data-e-type=\"widget\" data-widget_type=\"elementskit-heading.default\">\n\t\t\t\t<div class=\"elementor-widget-container\">\n\t\t\t\t\t<div class=\"ekit-wid-con\" ><div class=\"ekit-heading elementskit-section-title-wraper text_left   ekit_heading_tablet-   ekit_heading_mobile-\"><p class=\"ekit-heading--subtitle elementskit-section-subtitle  \">\n\t\t\t\t\t\tVentajas:\n\t\t\t\t\t<\/p><\/div><\/div>\t\t\t\t<\/div>\n\t\t\t\t<\/div>\n\t\t\t\t<div class=\"elementor-element elementor-element-f40af1e elementor-align-start elementor-icon-list--layout-traditional elementor-list-item-link-full_width elementor-widget elementor-widget-icon-list\" data-id=\"f40af1e\" data-element_type=\"widget\" data-e-type=\"widget\" data-widget_type=\"icon-list.default\">\n\t\t\t\t<div class=\"elementor-widget-container\">\n\t\t\t\t\t\t\t<ul class=\"elementor-icon-list-items\">\n\t\t\t\t\t\t\t<li class=\"elementor-icon-list-item\">\n\t\t\t\t\t\t\t\t\t\t\t<span class=\"elementor-icon-list-icon\">\n\t\t\t\t\t\t\t<svg aria-hidden=\"true\" class=\"e-font-icon-svg e-fas-check-square\" viewBox=\"0 0 448 512\" xmlns=\"http:\/\/www.w3.org\/2000\/svg\"><path d=\"M400 480H48c-26.51 0-48-21.49-48-48V80c0-26.51 21.49-48 48-48h352c26.51 0 48 21.49 48 48v352c0 26.51-21.49 48-48 48zm-204.686-98.059l184-184c6.248-6.248 6.248-16.379 0-22.627l-22.627-22.627c-6.248-6.248-16.379-6.249-22.628 0L184 302.745l-70.059-70.059c-6.248-6.248-16.379-6.248-22.628 0l-22.627 22.627c-6.248 6.248-6.248 16.379 0 22.627l104 104c6.249 6.25 16.379 6.25 22.628.001z\"><\/path><\/svg>\t\t\t\t\t\t<\/span>\n\t\t\t\t\t\t\t\t\t\t<span class=\"elementor-icon-list-text\">Consumo centralizado<\/span>\n\t\t\t\t\t\t\t\t\t<\/li>\n\t\t\t\t\t\t\t\t<li class=\"elementor-icon-list-item\">\n\t\t\t\t\t\t\t\t\t\t\t<span class=\"elementor-icon-list-icon\">\n\t\t\t\t\t\t\t<svg aria-hidden=\"true\" class=\"e-font-icon-svg e-fas-check-square\" viewBox=\"0 0 448 512\" xmlns=\"http:\/\/www.w3.org\/2000\/svg\"><path d=\"M400 480H48c-26.51 0-48-21.49-48-48V80c0-26.51 21.49-48 48-48h352c26.51 0 48 21.49 48 48v352c0 26.51-21.49 48-48 48zm-204.686-98.059l184-184c6.248-6.248 6.248-16.379 0-22.627l-22.627-22.627c-6.248-6.248-16.379-6.249-22.628 0L184 302.745l-70.059-70.059c-6.248-6.248-16.379-6.248-22.628 0l-22.627 22.627c-6.248 6.248-6.248 16.379 0 22.627l104 104c6.249 6.25 16.379 6.25 22.628.001z\"><\/path><\/svg>\t\t\t\t\t\t<\/span>\n\t\t\t\t\t\t\t\t\t\t<span class=\"elementor-icon-list-text\">Disminuci\u00f3n de costo en accesorios <\/span>\n\t\t\t\t\t\t\t\t\t<\/li>\n\t\t\t\t\t\t\t\t<li class=\"elementor-icon-list-item\">\n\t\t\t\t\t\t\t\t\t\t\t<span class=\"elementor-icon-list-icon\">\n\t\t\t\t\t\t\t<svg aria-hidden=\"true\" class=\"e-font-icon-svg e-fas-check-square\" viewBox=\"0 0 448 512\" xmlns=\"http:\/\/www.w3.org\/2000\/svg\"><path d=\"M400 480H48c-26.51 0-48-21.49-48-48V80c0-26.51 21.49-48 48-48h352c26.51 0 48 21.49 48 48v352c0 26.51-21.49 48-48 48zm-204.686-98.059l184-184c6.248-6.248 6.248-16.379 0-22.627l-22.627-22.627c-6.248-6.248-16.379-6.249-22.628 0L184 302.745l-70.059-70.059c-6.248-6.248-16.379-6.248-22.628 0l-22.627 22.627c-6.248 6.248-6.248 16.379 0 22.627l104 104c6.249 6.25 16.379 6.25 22.628.001z\"><\/path><\/svg>\t\t\t\t\t\t<\/span>\n\t\t\t\t\t\t\t\t\t\t<span class=\"elementor-icon-list-text\">Mayor seguridad<\/span>\n\t\t\t\t\t\t\t\t\t<\/li>\n\t\t\t\t\t\t\t\t<li class=\"elementor-icon-list-item\">\n\t\t\t\t\t\t\t\t\t\t\t<span class=\"elementor-icon-list-icon\">\n\t\t\t\t\t\t\t<svg aria-hidden=\"true\" class=\"e-font-icon-svg e-fas-check-square\" viewBox=\"0 0 448 512\" xmlns=\"http:\/\/www.w3.org\/2000\/svg\"><path d=\"M400 480H48c-26.51 0-48-21.49-48-48V80c0-26.51 21.49-48 48-48h352c26.51 0 48 21.49 48 48v352c0 26.51-21.49 48-48 48zm-204.686-98.059l184-184c6.248-6.248 6.248-16.379 0-22.627l-22.627-22.627c-6.248-6.248-16.379-6.249-22.628 0L184 302.745l-70.059-70.059c-6.248-6.248-16.379-6.248-22.628 0l-22.627 22.627c-6.248 6.248-6.248 16.379 0 22.627l104 104c6.249 6.25 16.379 6.25 22.628.001z\"><\/path><\/svg>\t\t\t\t\t\t<\/span>\n\t\t\t\t\t\t\t\t\t\t<span class=\"elementor-icon-list-text\">Mejor control\u00a0de\u00a0costo<\/span>\n\t\t\t\t\t\t\t\t\t<\/li>\n\t\t\t\t\t\t<\/ul>\n\t\t\t\t\t\t<\/div>\n\t\t\t\t<\/div>\n\t\t\t\t<\/div>\n\t\t\t\t\t<\/div>\n\t\t\t\t<\/div>\n\t\t<div class=\"elementor-element elementor-element-d455177 e-flex e-con-boxed e-con e-parent\" data-id=\"d455177\" data-element_type=\"container\" data-e-type=\"container\">\n\t\t\t\t\t<div class=\"e-con-inner\">\n\t\t<div class=\"elementor-element elementor-element-eb3d9e6 e-con-full e-transform e-flex e-con e-child\" data-id=\"eb3d9e6\" data-element_type=\"container\" data-e-type=\"container\" data-settings=\"{&quot;background_background&quot;:&quot;classic&quot;,&quot;_transform_scale_effect_hover&quot;:{&quot;unit&quot;:&quot;px&quot;,&quot;size&quot;:1.05,&quot;sizes&quot;:[]},&quot;_transform_scale_effect_hover_tablet&quot;:{&quot;unit&quot;:&quot;px&quot;,&quot;size&quot;:&quot;&quot;,&quot;sizes&quot;:[]},&quot;_transform_scale_effect_hover_mobile&quot;:{&quot;unit&quot;:&quot;px&quot;,&quot;size&quot;:&quot;&quot;,&quot;sizes&quot;:[]}}\">\n\t\t<div class=\"elementor-element elementor-element-e438a4c e-con-full e-flex e-con e-child\" data-id=\"e438a4c\" data-element_type=\"container\" data-e-type=\"container\">\n\t\t\t\t<div class=\"elementor-element elementor-element-2f0fe80 elementor-widget elementor-widget-spacer\" data-id=\"2f0fe80\" data-element_type=\"widget\" data-e-type=\"widget\" data-widget_type=\"spacer.default\">\n\t\t\t\t<div class=\"elementor-widget-container\">\n\t\t\t\t\t\t\t<div class=\"elementor-spacer\">\n\t\t\t<div class=\"elementor-spacer-inner\"><\/div>\n\t\t<\/div>\n\t\t\t\t\t\t<\/div>\n\t\t\t\t<\/div>\n\t\t\t\t<\/div>\n\t\t<div class=\"elementor-element elementor-element-c53f80b e-con-full e-flex e-con e-child\" data-id=\"c53f80b\" data-element_type=\"container\" data-e-type=\"container\" data-settings=\"{&quot;background_background&quot;:&quot;classic&quot;}\">\n\t\t\t\t<div class=\"elementor-element elementor-element-915dc41 elementor-widget elementor-widget-heading\" data-id=\"915dc41\" data-element_type=\"widget\" data-e-type=\"widget\" data-widget_type=\"heading.default\">\n\t\t\t\t<div class=\"elementor-widget-container\">\n\t\t\t\t\t<h4 class=\"elementor-heading-title elementor-size-default\">Servicio de suministro de cabeceras y columnas ciel\u00edticas<\/h4>\t\t\t\t<\/div>\n\t\t\t\t<\/div>\n\t\t\t\t<\/div>\n\t\t\t\t<\/div>\n\t\t<div class=\"elementor-element elementor-element-1b645f7 e-con-full e-transform e-flex e-con e-child\" data-id=\"1b645f7\" data-element_type=\"container\" data-e-type=\"container\" data-settings=\"{&quot;background_background&quot;:&quot;classic&quot;,&quot;_transform_scale_effect_hover&quot;:{&quot;unit&quot;:&quot;px&quot;,&quot;size&quot;:1.05,&quot;sizes&quot;:[]},&quot;_transform_scale_effect_hover_tablet&quot;:{&quot;unit&quot;:&quot;px&quot;,&quot;size&quot;:&quot;&quot;,&quot;sizes&quot;:[]},&quot;_transform_scale_effect_hover_mobile&quot;:{&quot;unit&quot;:&quot;px&quot;,&quot;size&quot;:&quot;&quot;,&quot;sizes&quot;:[]}}\">\n\t\t<div class=\"elementor-element elementor-element-71794a9 e-con-full e-flex e-con e-child\" data-id=\"71794a9\" data-element_type=\"container\" data-e-type=\"container\">\n\t\t\t\t<div class=\"elementor-element elementor-element-713bb23 elementor-widget elementor-widget-spacer\" data-id=\"713bb23\" data-element_type=\"widget\" data-e-type=\"widget\" data-widget_type=\"spacer.default\">\n\t\t\t\t<div class=\"elementor-widget-container\">\n\t\t\t\t\t\t\t<div class=\"elementor-spacer\">\n\t\t\t<div class=\"elementor-spacer-inner\"><\/div>\n\t\t<\/div>\n\t\t\t\t\t\t<\/div>\n\t\t\t\t<\/div>\n\t\t\t\t<\/div>\n\t\t<div class=\"elementor-element elementor-element-b7d3a16 e-con-full e-flex e-con e-child\" data-id=\"b7d3a16\" data-element_type=\"container\" data-e-type=\"container\" data-settings=\"{&quot;background_background&quot;:&quot;classic&quot;}\">\n\t\t\t\t<div class=\"elementor-element elementor-element-5ba6cf3 elementor-widget elementor-widget-heading\" data-id=\"5ba6cf3\" data-element_type=\"widget\" data-e-type=\"widget\" data-widget_type=\"heading.default\">\n\t\t\t\t<div class=\"elementor-widget-container\">\n\t\t\t\t\t<h4 class=\"elementor-heading-title elementor-size-default\">Servicio de mantenimiento de sistema de gases medicinales<\/h4>\t\t\t\t<\/div>\n\t\t\t\t<\/div>\n\t\t\t\t<\/div>\n\t\t\t\t<\/div>\n\t\t<div class=\"elementor-element elementor-element-61c8848 e-con-full e-transform e-flex e-con e-child\" data-id=\"61c8848\" data-element_type=\"container\" data-e-type=\"container\" data-settings=\"{&quot;background_background&quot;:&quot;classic&quot;,&quot;_transform_scale_effect_hover&quot;:{&quot;unit&quot;:&quot;px&quot;,&quot;size&quot;:1.05,&quot;sizes&quot;:[]},&quot;_transform_scale_effect_hover_tablet&quot;:{&quot;unit&quot;:&quot;px&quot;,&quot;size&quot;:&quot;&quot;,&quot;sizes&quot;:[]},&quot;_transform_scale_effect_hover_mobile&quot;:{&quot;unit&quot;:&quot;px&quot;,&quot;size&quot;:&quot;&quot;,&quot;sizes&quot;:[]}}\">\n\t\t<div class=\"elementor-element elementor-element-2b47526 e-con-full e-flex e-con e-child\" data-id=\"2b47526\" data-element_type=\"container\" data-e-type=\"container\">\n\t\t\t\t<div class=\"elementor-element elementor-element-178b72b elementor-widget elementor-widget-spacer\" data-id=\"178b72b\" data-element_type=\"widget\" data-e-type=\"widget\" data-widget_type=\"spacer.default\">\n\t\t\t\t<div class=\"elementor-widget-container\">\n\t\t\t\t\t\t\t<div class=\"elementor-spacer\">\n\t\t\t<div class=\"elementor-spacer-inner\"><\/div>\n\t\t<\/div>\n\t\t\t\t\t\t<\/div>\n\t\t\t\t<\/div>\n\t\t\t\t<\/div>\n\t\t<div class=\"elementor-element elementor-element-c581ddf e-con-full e-flex e-con e-child\" data-id=\"c581ddf\" data-element_type=\"container\" data-e-type=\"container\" data-settings=\"{&quot;background_background&quot;:&quot;classic&quot;}\">\n\t\t\t\t<div class=\"elementor-element elementor-element-8a3e00b elementor-widget elementor-widget-heading\" data-id=\"8a3e00b\" data-element_type=\"widget\" data-e-type=\"widget\" data-widget_type=\"heading.default\">\n\t\t\t\t<div class=\"elementor-widget-container\">\n\t\t\t\t\t<h4 class=\"elementor-heading-title elementor-size-default\">Servicio de instalaci\u00f3n de mezcladores de aire sint\u00e9tico<\/h4>\t\t\t\t<\/div>\n\t\t\t\t<\/div>\n\t\t\t\t<\/div>\n\t\t\t\t<\/div>\n\t\t\t\t\t<\/div>\n\t\t\t\t<\/div>\n\t\t<div class=\"elementor-element elementor-element-f0fc1f4 e-flex e-con-boxed e-con e-parent\" data-id=\"f0fc1f4\" data-element_type=\"container\" data-e-type=\"container\">\n\t\t\t\t\t<div class=\"e-con-inner\">\n\t\t\t\t<div class=\"elementor-element elementor-element-977d0d7 elementor-widget elementor-widget-heading\" data-id=\"977d0d7\" data-element_type=\"widget\" data-e-type=\"widget\" data-widget_type=\"heading.default\">\n\t\t\t\t<div class=\"elementor-widget-container\">\n\t\t\t\t\t<h4 class=\"elementor-heading-title elementor-size-default\">Tanques Criog\u00e9nicos<\/h4>\t\t\t\t<\/div>\n\t\t\t\t<\/div>\n\t\t\t\t<div class=\"elementor-element elementor-element-23d6c17 elementor-widget-tablet__width-inherit elementor-widget elementor-widget-text-editor\" data-id=\"23d6c17\" data-element_type=\"widget\" data-e-type=\"widget\" data-widget_type=\"text-editor.default\">\n\t\t\t\t<div class=\"elementor-widget-container\">\n\t\t\t\t\t\t\t\t\t<p>Contamos con tanques criog\u00e9nicos con capacidad desde 1,000 GL hasta 11,000 GL para abastecer y dar respuesta a nuestros clientes.<\/p>\t\t\t\t\t\t\t\t<\/div>\n\t\t\t\t<\/div>\n\t\t\t\t\t<\/div>\n\t\t\t\t<\/div>\n\t\t<div class=\"elementor-element elementor-element-f556957 e-flex e-con-boxed e-con e-parent\" data-id=\"f556957\" data-element_type=\"container\" data-e-type=\"container\">\n\t\t\t\t\t<div class=\"e-con-inner\">\n\t\t\t\t<div class=\"elementor-element elementor-element-0305bcb elementor-arrows-position-outside elementor-widget elementor-widget-image-carousel\" data-id=\"0305bcb\" data-element_type=\"widget\" data-e-type=\"widget\" data-settings=\"{&quot;slides_to_show&quot;:&quot;3&quot;,&quot;slides_to_scroll&quot;:&quot;1&quot;,&quot;navigation&quot;:&quot;arrows&quot;,&quot;image_spacing_custom&quot;:{&quot;unit&quot;:&quot;px&quot;,&quot;size&quot;:5,&quot;sizes&quot;:[]},&quot;autoplay&quot;:&quot;yes&quot;,&quot;pause_on_interaction&quot;:&quot;yes&quot;,&quot;autoplay_speed&quot;:5000,&quot;infinite&quot;:&quot;yes&quot;,&quot;speed&quot;:500,&quot;image_spacing_custom_tablet&quot;:{&quot;unit&quot;:&quot;px&quot;,&quot;size&quot;:&quot;&quot;,&quot;sizes&quot;:[]},&quot;image_spacing_custom_mobile&quot;:{&quot;unit&quot;:&quot;px&quot;,&quot;size&quot;:&quot;&quot;,&quot;sizes&quot;:[]}}\" data-widget_type=\"image-carousel.default\">\n\t\t\t\t<div class=\"elementor-widget-container\">\n\t\t\t\t\t\t\t<div class=\"elementor-image-carousel-wrapper swiper\" role=\"region\" aria-roledescription=\"carousel\" aria-label=\"Carrusel de im\u00e1genes\" dir=\"ltr\">\n\t\t\t<div class=\"elementor-image-carousel swiper-wrapper\" aria-live=\"off\">\n\t\t\t\t\t\t\t\t<div class=\"swiper-slide\" role=\"group\" aria-roledescription=\"slide\" aria-label=\"1 de 5\"><a data-elementor-open-lightbox=\"yes\" data-elementor-lightbox-slideshow=\"0305bcb\" data-elementor-lightbox-title=\"sl4\" data-e-action-hash=\"#elementor-action%3Aaction%3Dlightbox%26settings%3DeyJpZCI6NzYyOCwidXJsIjoiaHR0cDpcL1wvcGRlbGFpcmUuY29tLm5pXC93cC1jb250ZW50XC91cGxvYWRzXC8yMDI0XC8xMFwvc2w0LmpwZyIsInNsaWRlc2hvdyI6IjAzMDViY2IifQ%3D%3D\" href=\"http:\/\/pdelaire.com.ni\/wp-content\/uploads\/2024\/10\/sl4.jpg\"><figure class=\"swiper-slide-inner\"><img decoding=\"async\" class=\"swiper-slide-image\" src=\"http:\/\/pdelaire.com.ni\/wp-content\/uploads\/2024\/10\/sl4.jpg\" alt=\"sl4\" \/><\/figure><\/a><\/div><div class=\"swiper-slide\" role=\"group\" aria-roledescription=\"slide\" aria-label=\"2 de 5\"><a data-elementor-open-lightbox=\"yes\" data-elementor-lightbox-slideshow=\"0305bcb\" data-elementor-lightbox-title=\"sl3\" data-e-action-hash=\"#elementor-action%3Aaction%3Dlightbox%26settings%3DeyJpZCI6NzYyNywidXJsIjoiaHR0cDpcL1wvcGRlbGFpcmUuY29tLm5pXC93cC1jb250ZW50XC91cGxvYWRzXC8yMDI0XC8xMFwvc2wzLmpwZyIsInNsaWRlc2hvdyI6IjAzMDViY2IifQ%3D%3D\" href=\"http:\/\/pdelaire.com.ni\/wp-content\/uploads\/2024\/10\/sl3.jpg\"><figure class=\"swiper-slide-inner\"><img decoding=\"async\" class=\"swiper-slide-image\" src=\"http:\/\/pdelaire.com.ni\/wp-content\/uploads\/2024\/10\/sl3.jpg\" alt=\"sl3\" \/><\/figure><\/a><\/div><div class=\"swiper-slide\" role=\"group\" aria-roledescription=\"slide\" aria-label=\"3 de 5\"><a data-elementor-open-lightbox=\"yes\" data-elementor-lightbox-slideshow=\"0305bcb\" data-elementor-lightbox-title=\"sl2\" data-e-action-hash=\"#elementor-action%3Aaction%3Dlightbox%26settings%3DeyJpZCI6NzYyNiwidXJsIjoiaHR0cDpcL1wvcGRlbGFpcmUuY29tLm5pXC93cC1jb250ZW50XC91cGxvYWRzXC8yMDI0XC8xMFwvc2wyLmpwZyIsInNsaWRlc2hvdyI6IjAzMDViY2IifQ%3D%3D\" href=\"http:\/\/pdelaire.com.ni\/wp-content\/uploads\/2024\/10\/sl2.jpg\"><figure class=\"swiper-slide-inner\"><img decoding=\"async\" class=\"swiper-slide-image\" src=\"http:\/\/pdelaire.com.ni\/wp-content\/uploads\/2024\/10\/sl2.jpg\" alt=\"sl2\" \/><\/figure><\/a><\/div><div class=\"swiper-slide\" role=\"group\" aria-roledescription=\"slide\" aria-label=\"4 de 5\"><a data-elementor-open-lightbox=\"yes\" data-elementor-lightbox-slideshow=\"0305bcb\" data-elementor-lightbox-title=\"sl1\" data-e-action-hash=\"#elementor-action%3Aaction%3Dlightbox%26settings%3DeyJpZCI6NzYyNSwidXJsIjoiaHR0cDpcL1wvcGRlbGFpcmUuY29tLm5pXC93cC1jb250ZW50XC91cGxvYWRzXC8yMDI0XC8xMFwvc2wxLmpwZyIsInNsaWRlc2hvdyI6IjAzMDViY2IifQ%3D%3D\" href=\"http:\/\/pdelaire.com.ni\/wp-content\/uploads\/2024\/10\/sl1.jpg\"><figure class=\"swiper-slide-inner\"><img decoding=\"async\" class=\"swiper-slide-image\" src=\"http:\/\/pdelaire.com.ni\/wp-content\/uploads\/2024\/10\/sl1.jpg\" alt=\"sl1\" \/><\/figure><\/a><\/div><div class=\"swiper-slide\" role=\"group\" aria-roledescription=\"slide\" aria-label=\"5 de 5\"><a data-elementor-open-lightbox=\"yes\" data-elementor-lightbox-slideshow=\"0305bcb\" data-elementor-lightbox-title=\"sl5\" data-e-action-hash=\"#elementor-action%3Aaction%3Dlightbox%26settings%3DeyJpZCI6NzYyNCwidXJsIjoiaHR0cDpcL1wvcGRlbGFpcmUuY29tLm5pXC93cC1jb250ZW50XC91cGxvYWRzXC8yMDI0XC8xMFwvc2w1LmpwZyIsInNsaWRlc2hvdyI6IjAzMDViY2IifQ%3D%3D\" href=\"http:\/\/pdelaire.com.ni\/wp-content\/uploads\/2024\/10\/sl5.jpg\"><figure class=\"swiper-slide-inner\"><img decoding=\"async\" class=\"swiper-slide-image\" src=\"http:\/\/pdelaire.com.ni\/wp-content\/uploads\/2024\/10\/sl5.jpg\" alt=\"sl5\" \/><\/figure><\/a><\/div>\t\t\t<\/div>\n\t\t\t\t\t\t\t\t\t\t\t\t<div class=\"elementor-swiper-button elementor-swiper-button-prev\" role=\"button\" tabindex=\"0\">\n\t\t\t\t\t\t<svg aria-hidden=\"true\" class=\"e-font-icon-svg e-eicon-chevron-left\" viewBox=\"0 0 1000 1000\" xmlns=\"http:\/\/www.w3.org\/2000\/svg\"><path d=\"M646 125C629 125 613 133 604 142L308 442C296 454 292 471 292 487 292 504 296 521 308 533L604 854C617 867 629 875 646 875 663 875 679 871 692 858 704 846 713 829 713 812 713 796 708 779 692 767L438 487 692 225C700 217 708 204 708 187 708 171 704 154 692 142 675 129 663 125 646 125Z\"><\/path><\/svg>\t\t\t\t\t<\/div>\n\t\t\t\t\t<div class=\"elementor-swiper-button elementor-swiper-button-next\" role=\"button\" tabindex=\"0\">\n\t\t\t\t\t\t<svg aria-hidden=\"true\" class=\"e-font-icon-svg e-eicon-chevron-right\" viewBox=\"0 0 1000 1000\" xmlns=\"http:\/\/www.w3.org\/2000\/svg\"><path d=\"M696 533C708 521 713 504 713 487 713 471 708 454 696 446L400 146C388 133 375 125 354 125 338 125 325 129 313 142 300 154 292 171 292 187 292 204 296 221 308 233L563 492 304 771C292 783 288 800 288 817 288 833 296 850 308 863 321 871 338 875 354 875 371 875 388 867 400 854L696 533Z\"><\/path><\/svg>\t\t\t\t\t<\/div>\n\t\t\t\t\n\t\t\t\t\t\t\t\t\t<\/div>\n\t\t\t\t\t\t<\/div>\n\t\t\t\t<\/div>\n\t\t\t\t\t<\/div>\n\t\t\t\t<\/div>\n\t\t\t\t<\/div>\n\t\t","protected":false},"excerpt":{"rendered":"<p>Ofrecemos el servicio de dise\u00f1o e instalaci\u00f3n de redes para gases medicinales e industriales. Ventajas: Consumo centralizado Disminuci\u00f3n de costo en accesorios Mayor seguridad Mejor control\u00a0de\u00a0costo Servicio de suministro de cabeceras y columnas ciel\u00edticas Servicio de mantenimiento de sistema de gases medicinales Servicio de instalaci\u00f3n de mezcladores de aire sint\u00e9tico Tanques Criog\u00e9nicos Contamos con tanques [&hellip;]<\/p>\n","protected":false},"author":1,"featured_media":0,"parent":274,"menu_order":1,"comment_status":"closed","ping_status":"closed","template":"elementor_header_footer","meta":{"inline_featured_image":false,"footnotes":""},"class_list":["post-276","page","type-page","status-publish","hentry"],"_links":{"self":[{"href":"http:\/\/pdelaire.com.ni\/index.php\/wp-json\/wp\/v2\/pages\/276","targetHints":{"allow":["GET"]}}],"collection":[{"href":"http:\/\/pdelaire.com.ni\/index.php\/wp-json\/wp\/v2\/pages"}],"about":[{"href":"http:\/\/pdelaire.com.ni\/index.php\/wp-json\/wp\/v2\/types\/page"}],"author":[{"embeddable":true,"href":"http:\/\/pdelaire.com.ni\/index.php\/wp-json\/wp\/v2\/users\/1"}],"replies":[{"embeddable":true,"href":"http:\/\/pdelaire.com.ni\/index.php\/wp-json\/wp\/v2\/comments?post=276"}],"version-history":[{"count":166,"href":"http:\/\/pdelaire.com.ni\/index.php\/wp-json\/wp\/v2\/pages\/276\/revisions"}],"predecessor-version":[{"id":9918,"href":"http:\/\/pdelaire.com.ni\/index.php\/wp-json\/wp\/v2\/pages\/276\/revisions\/9918"}],"up":[{"embeddable":true,"href":"http:\/\/pdelaire.com.ni\/index.php\/wp-json\/wp\/v2\/pages\/274"}],"wp:attachment":[{"href":"http:\/\/pdelaire.com.ni\/index.php\/wp-json\/wp\/v2\/media?parent=276"}],"curies":[{"name":"wp","href":"https:\/\/api.w.org\/{rel}","templated":true}]}}